{"id":6917,"date":"2025-03-28T10:33:08","date_gmt":"2025-03-28T10:33:08","guid":{"rendered":"https:\/\/www.imcconsulting.it\/site-map\/"},"modified":"2025-03-28T11:28:21","modified_gmt":"2025-03-28T11:28:21","slug":"site-map","status":"publish","type":"page","link":"https:\/\/www.imcconsulting.it\/fr\/site-map\/","title":{"rendered":"Site Map"},"content":{"rendered":"<section class=\"l-section wpb_row pg-site-map height_small\"><div class=\"l-section-h i-cf\"><div class=\"g-cols vc_row via_grid cols_3 laptops-cols_inherit tablets-cols_inherit mobiles-cols_1 valign_top type_default stacking_default\"><div class=\"wpb_column vc_column_container\"><div class=\"vc_column-inner\"><\/div><\/div><div class=\"wpb_column vc_column_container\"><div class=\"vc_column-inner\"><div class=\"w-image align_none\"><a href=\"\/fr\" aria-label=\"logo_imc\" class=\"w-image-h\"><img decoding=\"async\" width=\"464\" height=\"310\" src=\"https:\/\/www.imcconsulting.it\/wp-content\/uploads\/2025\/03\/logo_imc.png\" class=\"attachment-full size-full\" alt=\"\" loading=\"lazy\" srcset=\"https:\/\/www.imcconsulting.it\/wp-content\/uploads\/2025\/03\/logo_imc.png 464w, https:\/\/www.imcconsulting.it\/wp-content\/uploads\/2025\/03\/logo_imc-300x200.png 300w\" sizes=\"auto, (max-width: 464px) 100vw, 464px\" \/><\/a><\/div><\/div><\/div><div class=\"wpb_column vc_column_container\"><div class=\"vc_column-inner\"><\/div><\/div><\/div><\/div><\/section><section class=\"l-section wpb_row pg-site-map height_small\"><div class=\"l-section-h i-cf\"><div class=\"g-cols vc_row via_grid cols_5 laptops-cols_inherit tablets-cols_inherit mobiles-cols_1 valign_top type_default stacking_default\"><div class=\"wpb_column vc_column_container\"><div class=\"vc_column-inner\"><nav class=\"w-menu layout_ver style_links us_menu_1 with_children\" style=\"--main-gap:1.5rem;--main-ver-indent:0.8em;--main-hor-indent:0.8em;--main-color:inherit;\"><ul id=\"menu-menu-footer-uno\" class=\"menu\"><li id=\"menu-item-94\" class=\"menu-item menu-item-type-post_type menu-item-object-page menu-item-94\"><a href=\"https:\/\/www.imcconsulting.it\/chi-siamo\/\">Qui nous sommes<\/a><\/li><li id=\"menu-item-93\" class=\"menu-item menu-item-type-post_type menu-item-object-page menu-item-93\"><a href=\"https:\/\/www.imcconsulting.it\/il-metodo\/\">La m\u00e9thode<\/a><\/li><\/ul><style>@media ( max-width:600px ){.us_menu_1 .menu{display:block!important}.us_menu_1 .menu>li{margin:0 0 var(--main-gap,1.5rem)!important}}<\/style><\/nav><\/div><\/div><div class=\"wpb_column vc_column_container\"><div class=\"vc_column-inner\"><nav class=\"w-menu layout_ver style_links us_menu_2 with_children\" style=\"--main-gap:1.5rem;--main-ver-indent:0.8em;--main-hor-indent:0.8em;--main-color:inherit;\"><ul id=\"menu-menu-footer-due\" class=\"menu\"><li id=\"menu-item-859\" class=\"menu-item menu-item-type-post_type menu-item-object-page menu-item-has-children menu-item-859\"><a href=\"https:\/\/www.imcconsulting.it\/i-clienti\/\">Les clients<\/a><ul class=\"sub-menu\"><li id=\"menu-item-862\" class=\"menu-item menu-item-type-post_type menu-item-object-page menu-item-862\"><a href=\"https:\/\/www.imcconsulting.it\/i-clienti\/congregazioni-religiose\/\">Congr\u00e9gations religieuses<\/a><\/li><li id=\"menu-item-863\" class=\"menu-item menu-item-type-post_type menu-item-object-page menu-item-863\"><a href=\"https:\/\/www.imcconsulting.it\/i-clienti\/costruttori\/\">Constructeurs<\/a><\/li><li id=\"menu-item-860\" class=\"menu-item menu-item-type-post_type menu-item-object-page menu-item-860\"><a href=\"https:\/\/www.imcconsulting.it\/i-clienti\/ambasciate\/\">Ambassades<\/a><\/li><li id=\"menu-item-2217\" class=\"menu-item menu-item-type-post_type menu-item-object-page menu-item-2217\"><a href=\"https:\/\/www.imcconsulting.it\/i-clienti\/fondi-sovrani\/\">Fonds souverains<\/a><\/li><li id=\"menu-item-864\" class=\"menu-item menu-item-type-post_type menu-item-object-page menu-item-864\"><a href=\"https:\/\/www.imcconsulting.it\/i-clienti\/enti-pubblici\/\">Organismes publics<\/a><\/li><li id=\"menu-item-861\" class=\"menu-item menu-item-type-post_type menu-item-object-page menu-item-861\"><a href=\"https:\/\/www.imcconsulting.it\/i-clienti\/aziende\/\">Entreprises<\/a><\/li><li id=\"menu-item-866\" class=\"menu-item menu-item-type-post_type menu-item-object-page menu-item-866\"><a href=\"https:\/\/www.imcconsulting.it\/i-clienti\/privati\/\">Particuliers<\/a><\/li><\/ul><\/li><\/ul><style>@media ( max-width:600px ){.us_menu_2 .menu{display:block!important}.us_menu_2 .menu>li{margin:0 0 var(--main-gap,1.5rem)!important}}<\/style><\/nav><\/div><\/div><div class=\"wpb_column vc_column_container\"><div class=\"vc_column-inner\"><nav class=\"w-menu layout_ver style_links us_menu_3 with_children\" style=\"--main-gap:1.5rem;--main-ver-indent:0.8em;--main-hor-indent:0.8em;--main-color:inherit;\"><ul id=\"menu-menu-footer-tre\" class=\"menu\"><li id=\"menu-item-867\" class=\"menu-item menu-item-type-post_type menu-item-object-page menu-item-has-children menu-item-867\"><a href=\"https:\/\/www.imcconsulting.it\/i-servizi\/\">Les services<\/a><ul class=\"sub-menu\"><li id=\"menu-item-3220\" class=\"menu-item menu-item-type-post_type menu-item-object-page menu-item-3220\"><a href=\"https:\/\/www.imcconsulting.it\/i-servizi\/legal\/\">Juridique<\/a><\/li><li id=\"menu-item-870\" class=\"menu-item menu-item-type-post_type menu-item-object-page menu-item-870\"><a href=\"https:\/\/www.imcconsulting.it\/i-servizi\/real-estate\/\">Immobilier<\/a><\/li><li id=\"menu-item-868\" class=\"menu-item menu-item-type-post_type menu-item-object-page menu-item-868\"><a href=\"https:\/\/www.imcconsulting.it\/i-servizi\/accounting-financial\/\">Comptabilit\u00e9 et finances<\/a><\/li><\/ul><\/li><\/ul><style>@media ( max-width:600px ){.us_menu_3 .menu{display:block!important}.us_menu_3 .menu>li{margin:0 0 var(--main-gap,1.5rem)!important}}<\/style><\/nav><\/div><\/div><div class=\"wpb_column vc_column_container\"><div class=\"vc_column-inner\"><nav class=\"w-menu layout_ver style_links us_menu_4 with_children\" style=\"--main-gap:1.5rem;--main-ver-indent:0.8em;--main-hor-indent:0.8em;--main-color:inherit;\"><ul id=\"menu-menu-footer-quattro-fr\" class=\"menu\"><li id=\"menu-item-6892\" class=\"menu-item menu-item-type-post_type menu-item-object-page menu-item-has-children menu-item-6892\"><a href=\"https:\/\/www.imcconsulting.it\/fr\/les-proprietes\/\">Les propri\u00e9t\u00e9s<\/a><ul class=\"sub-menu\"><li id=\"menu-item-6893\" class=\"menu-item menu-item-type-post_type menu-item-object-page menu-item-6893\"><a href=\"https:\/\/www.imcconsulting.it\/fr\/les-proprietes\/retail\/\">Retail<\/a><\/li><li id=\"menu-item-6894\" class=\"menu-item menu-item-type-post_type menu-item-object-page menu-item-6894\"><a href=\"https:\/\/www.imcconsulting.it\/fr\/les-proprietes\/premium\/\">Premium<\/a><\/li><\/ul><\/li><li id=\"menu-item-6895\" class=\"menu-item menu-item-type-post_type menu-item-object-page menu-item-6895\"><a href=\"https:\/\/www.imcconsulting.it\/fr\/news\/\">News<\/a><\/li><li id=\"menu-item-6896\" class=\"menu-item menu-item-type-post_type menu-item-object-page menu-item-6896\"><a href=\"https:\/\/www.imcconsulting.it\/fr\/contacte\/\">Contacte<\/a><\/li><\/ul><style>@media ( max-width:600px ){.us_menu_4 .menu{display:block!important}.us_menu_4 .menu>li{margin:0 0 var(--main-gap,1.5rem)!important}}<\/style><\/nav><\/div><\/div><div class=\"wpb_column vc_column_container\"><div class=\"vc_column-inner\"><nav class=\"w-menu layout_ver style_links us_menu_5 with_children\" style=\"--main-gap:1.5rem;--main-ver-indent:0.8em;--main-hor-indent:0.8em;--main-color:inherit;\"><ul id=\"menu-menu-footer-cinque-fr\" class=\"menu\"><li id=\"menu-item-6709\" class=\"menu-item menu-item-type-custom menu-item-object-custom menu-item-has-children menu-item-6709\"><a href=\"#\">Informations<\/a><ul class=\"sub-menu\"><li id=\"menu-item-6710\" class=\"menu-item menu-item-type-post_type menu-item-object-page menu-item-6710\"><a href=\"https:\/\/www.imcconsulting.it\/fr\/politique-de-confidentialite\/\">Politique de confidentialit\u00e9<\/a><\/li><li id=\"menu-item-6711\" class=\"menu-item menu-item-type-post_type menu-item-object-page menu-item-6711\"><a href=\"https:\/\/www.imcconsulting.it\/fr\/avis-juridique\/\">Avis juridique<\/a><\/li><li id=\"menu-item-6712\" class=\"menu-item menu-item-type-post_type menu-item-object-page menu-item-6712\"><a href=\"https:\/\/www.imcconsulting.it\/fr\/lettre-dinformation-sur-les-cookies\/\">Lettre d\u2019information sur les Cookies<\/a><\/li><li id=\"menu-item-6713\" class=\"menu-item menu-item-type-custom menu-item-object-custom menu-item-6713\"><a target=\"_blank\" href=\"https:\/\/www.icsadv.com\/\">Credits<\/a><\/li><\/ul><\/li><\/ul><style>@media ( max-width:600px ){.us_menu_5 .menu{display:block!important}.us_menu_5 .menu>li{margin:0 0 var(--main-gap,1.5rem)!important}}<\/style><\/nav><\/div><\/div><\/div><\/div><\/section><section class=\"l-section wpb_row height_auto\"><div class=\"l-section-h i-cf\"><div class=\"g-cols vc_row via_grid cols_1 laptops-cols_inherit tablets-cols_inherit mobiles-cols_1 valign_top type_default stacking_default\"><div class=\"wpb_column vc_column_container\"><div class=\"vc_column-inner\"><div class=\"w-separator size_medium\"><\/div><\/div><\/div><\/div><\/div><\/section>\n","protected":false},"excerpt":{"rendered":"Qui nous sommesLa m\u00e9thodeLes clientsCongr\u00e9gations religieusesConstructeursAmbassadesFonds souverainsOrganismes publicsEntreprisesParticuliersLes servicesJuridiqueImmobilierComptabilit\u00e9 et financesLes propri\u00e9t\u00e9sRetailPremiumNewsContacteInformationsPolitique de confidentialit\u00e9Avis juridiqueLettre d\u2019information sur les CookiesCredits","protected":false},"author":1,"featured_media":0,"parent":0,"menu_order":0,"comment_status":"closed","ping_status":"closed","template":"","meta":{"_acf_changed":false,"inline_featured_image":false,"iawp_total_views":1,"footnotes":""},"class_list":["post-6917","page","type-page","status-publish","hentry"],"acf":[],"yoast_head":"<!-- This site is optimized with the Yoast SEO plugin v25.7 - https:\/\/yoast.com\/wordpress\/plugins\/seo\/ -->\n<title>Site Map - IMC Consulting<\/title>\n<meta name=\"robots\" content=\"index, follow, max-snippet:-1, max-image-preview:large, max-video-preview:-1\" \/>\n<link rel=\"canonical\" href=\"https:\/\/www.imcconsulting.it\/fr\/site-map\/\" \/>\n<meta property=\"og:locale\" content=\"fr_FR\" \/>\n<meta property=\"og:type\" content=\"article\" \/>\n<meta property=\"og:title\" content=\"Site Map - IMC Consulting\" \/>\n<meta property=\"og:url\" content=\"https:\/\/www.imcconsulting.it\/fr\/site-map\/\" \/>\n<meta property=\"og:site_name\" content=\"IMC Consulting\" \/>\n<meta property=\"article:modified_time\" content=\"2025-03-28T11:28:21+00:00\" \/>\n<meta name=\"twitter:card\" content=\"summary_large_image\" \/>\n<meta name=\"twitter:label1\" content=\"Dur\u00e9e de lecture estim\u00e9e\" \/>\n\t<meta name=\"twitter:data1\" content=\"1 minute\" \/>\n<script type=\"application\/ld+json\" class=\"yoast-schema-graph\">{\"@context\":\"https:\/\/schema.org\",\"@graph\":[{\"@type\":\"WebPage\",\"@id\":\"https:\/\/www.imcconsulting.it\/fr\/site-map\/\",\"url\":\"https:\/\/www.imcconsulting.it\/fr\/site-map\/\",\"name\":\"Site Map - IMC Consulting\",\"isPartOf\":{\"@id\":\"https:\/\/www.imcconsulting.it\/fr\/#website\"},\"datePublished\":\"2025-03-28T10:33:08+00:00\",\"dateModified\":\"2025-03-28T11:28:21+00:00\",\"breadcrumb\":{\"@id\":\"https:\/\/www.imcconsulting.it\/fr\/site-map\/#breadcrumb\"},\"inLanguage\":\"fr-FR\",\"potentialAction\":[{\"@type\":\"ReadAction\",\"target\":[\"https:\/\/www.imcconsulting.it\/fr\/site-map\/\"]}]},{\"@type\":\"BreadcrumbList\",\"@id\":\"https:\/\/www.imcconsulting.it\/fr\/site-map\/#breadcrumb\",\"itemListElement\":[{\"@type\":\"ListItem\",\"position\":1,\"name\":\"Home\",\"item\":\"https:\/\/www.imcconsulting.it\/fr\/\"},{\"@type\":\"ListItem\",\"position\":2,\"name\":\"Site Map\"}]},{\"@type\":\"WebSite\",\"@id\":\"https:\/\/www.imcconsulting.it\/fr\/#website\",\"url\":\"https:\/\/www.imcconsulting.it\/fr\/\",\"name\":\"IMC Consulting\",\"description\":\"\",\"publisher\":{\"@id\":\"https:\/\/www.imcconsulting.it\/fr\/#organization\"},\"potentialAction\":[{\"@type\":\"SearchAction\",\"target\":{\"@type\":\"EntryPoint\",\"urlTemplate\":\"https:\/\/www.imcconsulting.it\/fr\/?s={search_term_string}\"},\"query-input\":{\"@type\":\"PropertyValueSpecification\",\"valueRequired\":true,\"valueName\":\"search_term_string\"}}],\"inLanguage\":\"fr-FR\"},{\"@type\":\"Organization\",\"@id\":\"https:\/\/www.imcconsulting.it\/fr\/#organization\",\"name\":\"IMC Consulting\",\"url\":\"https:\/\/www.imcconsulting.it\/fr\/\",\"logo\":{\"@type\":\"ImageObject\",\"inLanguage\":\"fr-FR\",\"@id\":\"https:\/\/www.imcconsulting.it\/fr\/#\/schema\/logo\/image\/\",\"url\":\"https:\/\/www.imcconsulting.it\/wp-content\/uploads\/2023\/02\/IMC-logo-footer.png\",\"contentUrl\":\"https:\/\/www.imcconsulting.it\/wp-content\/uploads\/2023\/02\/IMC-logo-footer.png\",\"width\":134,\"height\":91,\"caption\":\"IMC Consulting\"},\"image\":{\"@id\":\"https:\/\/www.imcconsulting.it\/fr\/#\/schema\/logo\/image\/\"}}]}<\/script>\n<!-- \/ Yoast SEO plugin. -->","yoast_head_json":{"title":"Site Map - IMC Consulting","robots":{"index":"index","follow":"follow","max-snippet":"max-snippet:-1","max-image-preview":"max-image-preview:large","max-video-preview":"max-video-preview:-1"},"canonical":"https:\/\/www.imcconsulting.it\/fr\/site-map\/","og_locale":"fr_FR","og_type":"article","og_title":"Site Map - IMC Consulting","og_url":"https:\/\/www.imcconsulting.it\/fr\/site-map\/","og_site_name":"IMC Consulting","article_modified_time":"2025-03-28T11:28:21+00:00","twitter_card":"summary_large_image","twitter_misc":{"Dur\u00e9e de lecture estim\u00e9e":"1 minute"},"schema":{"@context":"https:\/\/schema.org","@graph":[{"@type":"WebPage","@id":"https:\/\/www.imcconsulting.it\/fr\/site-map\/","url":"https:\/\/www.imcconsulting.it\/fr\/site-map\/","name":"Site Map - IMC Consulting","isPartOf":{"@id":"https:\/\/www.imcconsulting.it\/fr\/#website"},"datePublished":"2025-03-28T10:33:08+00:00","dateModified":"2025-03-28T11:28:21+00:00","breadcrumb":{"@id":"https:\/\/www.imcconsulting.it\/fr\/site-map\/#breadcrumb"},"inLanguage":"fr-FR","potentialAction":[{"@type":"ReadAction","target":["https:\/\/www.imcconsulting.it\/fr\/site-map\/"]}]},{"@type":"BreadcrumbList","@id":"https:\/\/www.imcconsulting.it\/fr\/site-map\/#breadcrumb","itemListElement":[{"@type":"ListItem","position":1,"name":"Home","item":"https:\/\/www.imcconsulting.it\/fr\/"},{"@type":"ListItem","position":2,"name":"Site Map"}]},{"@type":"WebSite","@id":"https:\/\/www.imcconsulting.it\/fr\/#website","url":"https:\/\/www.imcconsulting.it\/fr\/","name":"IMC Consulting","description":"","publisher":{"@id":"https:\/\/www.imcconsulting.it\/fr\/#organization"},"potentialAction":[{"@type":"SearchAction","target":{"@type":"EntryPoint","urlTemplate":"https:\/\/www.imcconsulting.it\/fr\/?s={search_term_string}"},"query-input":{"@type":"PropertyValueSpecification","valueRequired":true,"valueName":"search_term_string"}}],"inLanguage":"fr-FR"},{"@type":"Organization","@id":"https:\/\/www.imcconsulting.it\/fr\/#organization","name":"IMC Consulting","url":"https:\/\/www.imcconsulting.it\/fr\/","logo":{"@type":"ImageObject","inLanguage":"fr-FR","@id":"https:\/\/www.imcconsulting.it\/fr\/#\/schema\/logo\/image\/","url":"https:\/\/www.imcconsulting.it\/wp-content\/uploads\/2023\/02\/IMC-logo-footer.png","contentUrl":"https:\/\/www.imcconsulting.it\/wp-content\/uploads\/2023\/02\/IMC-logo-footer.png","width":134,"height":91,"caption":"IMC Consulting"},"image":{"@id":"https:\/\/www.imcconsulting.it\/fr\/#\/schema\/logo\/image\/"}}]}},"_links":{"self":[{"href":"https:\/\/www.imcconsulting.it\/fr\/wp-json\/wp\/v2\/pages\/6917","targetHints":{"allow":["GET"]}}],"collection":[{"href":"https:\/\/www.imcconsulting.it\/fr\/wp-json\/wp\/v2\/pages"}],"about":[{"href":"https:\/\/www.imcconsulting.it\/fr\/wp-json\/wp\/v2\/types\/page"}],"author":[{"embeddable":true,"href":"https:\/\/www.imcconsulting.it\/fr\/wp-json\/wp\/v2\/users\/1"}],"replies":[{"embeddable":true,"href":"https:\/\/www.imcconsulting.it\/fr\/wp-json\/wp\/v2\/comments?post=6917"}],"version-history":[{"count":2,"href":"https:\/\/www.imcconsulting.it\/fr\/wp-json\/wp\/v2\/pages\/6917\/revisions"}],"predecessor-version":[{"id":6931,"href":"https:\/\/www.imcconsulting.it\/fr\/wp-json\/wp\/v2\/pages\/6917\/revisions\/6931"}],"wp:attachment":[{"href":"https:\/\/www.imcconsulting.it\/fr\/wp-json\/wp\/v2\/media?parent=6917"}],"curies":[{"name":"wp","href":"https:\/\/api.w.org\/{rel}","templated":true}]}}