{"id":5085,"date":"2023-07-21T10:21:01","date_gmt":"2023-07-21T10:21:01","guid":{"rendered":"https:\/\/www.imcconsulting.it\/legal-notice\/"},"modified":"2024-02-14T11:27:07","modified_gmt":"2024-02-14T11:27:07","slug":"avis-juridique","status":"publish","type":"page","link":"https:\/\/www.imcconsulting.it\/fr\/avis-juridique\/","title":{"rendered":"Avis juridique"},"content":{"rendered":"<section class=\"l-section wpb_row height_small\"><div class=\"l-section-h i-cf\"><div class=\"g-cols vc_row via_grid cols_1 laptops-cols_inherit tablets-cols_inherit mobiles-cols_1 valign_top type_default stacking_default\"><div class=\"wpb_column vc_column_container\"><div class=\"vc_column-inner\"><div class=\"wpb_text_column\"><div class=\"wpb_wrapper\"><h3>Avis juridique<\/h3>\n<p>&nbsp;<\/p>\n<p><strong>AVERTISSEMENTS G\u00c9N\u00c9RAUX POUR LA CONSULTATION DU SITE<\/strong><\/p>\n<p>L\u2019acc\u00e8s et la consultation du pr\u00e9sent site Internet implique l\u2019acceptation de la part de l\u2019utilisateur des Conditions g\u00e9n\u00e9rales, lesquelles pourront \u00eatre modifi\u00e9es par IMC Consulting \u00e0 sa discr\u00e9tion absolue et \u00e0 tout moment. Le pr\u00e9sent site Internet est g\u00e9r\u00e9 par IMC Consulting s.r.l., ayant son si\u00e8ge au Via di San Valentino, 34, 00197 Rome \u2013 Italia.<\/p>\n<h4><strong>CONDITIONS G\u00c9N\u00c9RALES<\/strong><\/h4>\n<p><strong>CONDITIONS D\u2019UTILISATION<br \/>\n<\/strong>La soci\u00e9t\u00e9 IMC Consulting s.r.l., ayant son si\u00e8ge au Via di San Valentino, 34, 00197 Rome \u2013 Italia (ci-apr\u00e8s \u00ab IMC Consulting \u00bb) d\u00e9termine et publie les contenus du pr\u00e9sent site et des sites enregistr\u00e9s par celle-ci (ci-apr\u00e8s le \u00ab Site \u00bb) afin de faire connaitre di IMC Consulting et ses services.<br \/>\nAvant de naviguer et d\u2019utiliser le Site, vous \u00eates pri\u00e9s de lire attentivement les conditions g\u00e9n\u00e9rales d\u2019acc\u00e8s rapport\u00e9es ci-apr\u00e8s car votre consentement donn\u00e9 \u00e0 la page d\u2019accueil ou bien votre utilisation du Site implique la pleine acceptation de ces conditions g\u00e9n\u00e9rales.<br \/>\nVous serez li\u00e9 en cas d\u2019acceptation.<br \/>\nSi par contre vous n\u2019adh\u00e9rez pas au contenu de ces conditions ou vous ne voulez pas \u00eatre li\u00e9 par celles-ci, vous \u00eates pri\u00e9 de quitter le Site.<\/p>\n<p>Les informations figurant dans le site visent seulement \u00e0 pr\u00e9senter IMC Consulting et ses produits et sont p\u00e9riodiquement mises \u00e0 jour par IMC Consulting ; IMC Consulting ne donne toutefois pas de garantie quant \u00e0 l\u2019exhaustivit\u00e9 de celles-ci et de la mise \u00e0 jour constante de celles-ci. Il revient donc \u00e0 l\u2019utilisateur de v\u00e9rifier les informations figurant dans le site. IMC Consulting se r\u00e9serve le droit d\u2019interrompre ou de suspendre \u00e0 tout moment les fonctionnalit\u00e9s du site sans que soit engag\u00e9 sa propre responsabilit\u00e9, sans que cela soit imputable aux actions ou aux omissions d\u2019IMC Consulting ou de tiers.<br \/>\nIMC Consulting peut librement modifier les conditions g\u00e9n\u00e9rales d\u2019acc\u00e8s au Site quand elle le juge n\u00e9cessaire et sans pr\u00e9avis, et ceux qui ont acc\u00e8s au Site sont responsables de consulter les conditions g\u00e9n\u00e9rales \u00e0 chaque nouveau acc\u00e8s.<\/p>\n<p><strong><br \/>\nPROPRI\u00c9T\u00c9 INTELLECTUELLE<br \/>\n<\/strong>Le contenu du site est la propri\u00e9t\u00e9 enti\u00e8re et exclusive de IMC Consulting et toute utilisation de ce contenu \u00e0 des fins autres que la simple consultation personnelle sera poursuivie par IMC Consulting en vertu de la loi.<\/p>\n<p><strong><br \/>\nLIMITATIONS DE RESPONSABILIT\u00c9<br \/>\n<\/strong>L\u2019utilisation du Site et la navigation dans celui-ci engage la responsabilit\u00e9 exclusive de l\u2019utilisateur qui y acc\u00e8de.<br \/>\nIMC Consulting s\u2019engage \u00e0 ce que l\u2019acc\u00e8s au Site soit possible, par ceux qui peuvent l\u00e9gitimement naviguer et que les informations pr\u00e9sentes soient mises \u00e0 jour.<br \/>\nToutefois, le Site et ses contenus sont fournis et accept\u00e9s dans l\u2019\u00e9tat o\u00f9 ils se trouvent et sont pr\u00e9sent\u00e9s sans aucune garantie, implicite ou explicite, selon le fonctionnement du Site ou le manque de virus, la justesse des services offerts, l\u2019exactitude et l\u2019exhaustivit\u00e9 des informations publi\u00e9es dans celui-ci.<br \/>\nPar cons\u00e9quent, IMC Consulting, tout comme les administrateurs, les dirigeants, les employ\u00e9s de celle-ci, ne seront pas responsables des \u00e9ventuelles erreurs, impr\u00e9cisions ou commissions relatives \u00e0 la documentation pr\u00e9sente dans le Site, ni ne seront responsables pour les \u00e9ventuels dommages de tout type d\u00e9rivant de l\u2019acc\u00e8s ou par la navigation du Site en question ou m\u00eame par son impossibilit\u00e9 d\u2019utilisation, mais aussi la garde de la documentation figurant dans le Site.<br \/>\nIMC Consulting se r\u00e9serve la facult\u00e9 d\u2019interrompre l\u2019acc\u00e8s au Site ou d\u2019en d\u00e9sactiver une partie de celui-ci en excluant la possibilit\u00e9 de consulter un sujet ou un secteur du Site \u00e0 tout moment sans aucun pr\u00e9avis.<br \/>\nLes r\u00e9f\u00e9rences faites \u00e0 un produit ou service particulier n\u2019impliquent pas que IMC Consulting veut donner la garantie que ce produit ou service est disponible dans tous les pays.<\/p>\n<p><strong><br \/>\nUTILISATION DU SITE PAR DES MINEURS<br \/>\n<\/strong>Le site IMC Consulting est destin\u00e9 \u00e0 l\u2019utilisation et \u00e0 la consultation par des personnes majeures. Toute demande formul\u00e9e par des mineurs sera rejet\u00e9e.<\/p>\n<p><strong><br \/>\nCOMMUNICATIONS AVEC LE SITE<br \/>\n<\/strong>Toute communication ou autre documentation que vous transmettez \u00e0 ce Site, soit par e-mail ou par tout autre moyen, ne sera pas trait\u00e9e dans le secret et vous \u00eates donc pri\u00e9 de ne pas envoyer d\u2019informations si vous voulez qu\u2019elles restent confidentielles.<br \/>\nLa transmission d\u2019informations ou d\u2019autres documentations implique la reconnaissance en faveur de IMC Consulting d\u2019une autorisation gratuite et irr\u00e9vocable d\u2019utiliser, de reproduire, de modifier, de publier, de traduire, de distribuer ou de montrer ce qui est parvenu, m\u00eame de fa\u00e7on non exclusive, aussi bien tout seul ou comme partie d\u2019un autre travail, ind\u00e9pendamment de la forme et du moyen ou de la technologie.<br \/>\nVous reconnaissez que IMC Consulting sera libre d\u2019utiliser la documentation transmise au Site \u00e0 toutes fins, y compris le d\u00e9veloppement, la fabrication et la commercialisation des produits.<br \/>\nIMC Consulting ne reconna\u00eet pas de compensation pour la documentation envoy\u00e9e, quelle que soit l\u2019utilisation qui est faite de celle-ci.<br \/>\nIMC Consulting ne fait pas de s\u00e9lection, ni de contr\u00f4le des contenus transmis au Site par des tiers et n\u2019est pas responsable de la s\u00e9lection ou du contr\u00f4le de ces documentations et, de ce fait, d\u00e9cline toute responsabilit\u00e9 ou obligation par rapport \u00e0 celles-ci.<\/p>\n<p><strong><br \/>\nINFORMATIONS AUTOMATIQUEMENT RECUEILLIES<br \/>\n<\/strong>Quand vous acc\u00e9dez au Site, votre navigateur transmet automatiquement l\u2019adresse du Protocole Internet et certaines informations au sujet du type de navigateur utilis\u00e9, la date et l\u2019heure d\u2019acc\u00e8s au Site et l\u2019adresse IP du site Internet par laquelle l\u2019acc\u00e8s est assur\u00e9.<br \/>\nCes informations peuvent \u00e9ventuellement \u00eatre utilis\u00e9es pour permettre l\u2019acc\u00e8s au Site, pour personnaliser Votre exploration, montrer les contenus personnalis\u00e9s de pr\u00e9dilection et pour l\u2019administration du Site en question.<br \/>\nIl est \u00e9galement possible de recueillir des informations sous forme de \u00ab cookies \u00bb.<br \/>\nLes cookies permettent de savoir si vous avez d\u00e9j\u00e0 visit\u00e9 le Site et si tel est le cas, quelles pages ne seront en aucun cas utilis\u00e9es pour recueillir des informations \u00e0 caract\u00e8re personnel afin de vous contacter, ou d\u2019obtenir des informations sur votre ordinateur.<br \/>\nCependant, avec la plupart des navigateurs Internet, il est possible de supprimer ou de bloquer les cookies ou de recevoir un avis avant que ceux-ci soient stock\u00e9s dans l\u2019ordinateur.<\/p>\n<p><strong><br \/>\nRENVOIS VERS D\u2019AUTRES SITES<\/strong><br \/>\nLe Site peut contenir des renvois vers des sites tiers.<br \/>\nCes renvois ne laissent pas entendre que IMC Consulting valide ou approuve d\u2019une quelconque mani\u00e8re le contenu de ces sites et elle est en aucun cas responsable du contenu de ceux-ci.<br \/>\nL\u2019acc\u00e8s et l\u2019examen de ces sites sont effectu\u00e9s sous votre responsabilit\u00e9 directe et exclusive.<br \/>\nIl reste entendu que IMC Consulting n\u2019est pas responsable des conditions g\u00e9n\u00e9rales stipul\u00e9es par d\u2019autres soci\u00e9t\u00e9s. L\u2019utilisateur qui veut ins\u00e9rer dans sa propre \u00ab page d\u2019accueil \u00bb un lien vers le pr\u00e9sent site doit demander l\u2019autorisation expresse \u00e0 IMC Consulting \u00e0 l\u2019adresse de messagerie \u00e9lectronique suivante info@imcconsulting.it.<\/p>\n<p><strong><br \/>\nLOI APPLICABLE ET FOR COMP\u00c9TENT<br \/>\n<\/strong>Tout litige inh\u00e9rent, d\u00e9coulant ou relatif aux pr\u00e9sentes Conditions d\u2019utilisation, sera du ressort exclusif de For de Rome avec l\u2019exclusion de tout autre, et sera r\u00e9glement\u00e9 par la Loi Italienne et par le droit priv\u00e9 international italien.<\/p>\n<\/div><\/div><\/div><\/div><\/div><\/div><\/section>\n","protected":false},"excerpt":{"rendered":"Avis juridique &nbsp; AVERTISSEMENTS G\u00c9N\u00c9RAUX POUR LA CONSULTATION DU SITE L\u2019acc\u00e8s et la consultation du pr\u00e9sent site Internet implique l\u2019acceptation de la part de l\u2019utilisateur des Conditions g\u00e9n\u00e9rales, lesquelles pourront \u00eatre modifi\u00e9es par IMC Consulting \u00e0 sa discr\u00e9tion absolue et \u00e0 tout moment. Le pr\u00e9sent site Internet est g\u00e9r\u00e9 par IMC Consulting s.r.l., ayant son...","protected":false},"author":1,"featured_media":0,"parent":0,"menu_order":0,"comment_status":"closed","ping_status":"closed","template":"","meta":{"_acf_changed":false,"inline_featured_image":false,"iawp_total_views":4,"footnotes":""},"class_list":["post-5085","page","type-page","status-publish","hentry"],"acf":[],"yoast_head":"<!-- This site is optimized with the Yoast SEO plugin v25.7 - https:\/\/yoast.com\/wordpress\/plugins\/seo\/ -->\n<title>Avis juridique - IMC Consulting<\/title>\n<meta name=\"robots\" content=\"index, follow, max-snippet:-1, max-image-preview:large, max-video-preview:-1\" \/>\n<link rel=\"canonical\" href=\"https:\/\/www.imcconsulting.it\/fr\/avis-juridique\/\" \/>\n<meta property=\"og:locale\" content=\"fr_FR\" \/>\n<meta property=\"og:type\" content=\"article\" \/>\n<meta property=\"og:title\" content=\"Avis juridique - IMC Consulting\" \/>\n<meta property=\"og:url\" content=\"https:\/\/www.imcconsulting.it\/fr\/avis-juridique\/\" \/>\n<meta property=\"og:site_name\" content=\"IMC Consulting\" \/>\n<meta property=\"article:modified_time\" content=\"2024-02-14T11:27:07+00:00\" \/>\n<meta name=\"twitter:card\" content=\"summary_large_image\" \/>\n<meta name=\"twitter:label1\" content=\"Dur\u00e9e de lecture estim\u00e9e\" \/>\n\t<meta name=\"twitter:data1\" content=\"7 minutes\" \/>\n<script type=\"application\/ld+json\" class=\"yoast-schema-graph\">{\"@context\":\"https:\/\/schema.org\",\"@graph\":[{\"@type\":\"WebPage\",\"@id\":\"https:\/\/www.imcconsulting.it\/fr\/avis-juridique\/\",\"url\":\"https:\/\/www.imcconsulting.it\/fr\/avis-juridique\/\",\"name\":\"Avis juridique - IMC Consulting\",\"isPartOf\":{\"@id\":\"https:\/\/www.imcconsulting.it\/fr\/#website\"},\"datePublished\":\"2023-07-21T10:21:01+00:00\",\"dateModified\":\"2024-02-14T11:27:07+00:00\",\"breadcrumb\":{\"@id\":\"https:\/\/www.imcconsulting.it\/fr\/avis-juridique\/#breadcrumb\"},\"inLanguage\":\"fr-FR\",\"potentialAction\":[{\"@type\":\"ReadAction\",\"target\":[\"https:\/\/www.imcconsulting.it\/fr\/avis-juridique\/\"]}]},{\"@type\":\"BreadcrumbList\",\"@id\":\"https:\/\/www.imcconsulting.it\/fr\/avis-juridique\/#breadcrumb\",\"itemListElement\":[{\"@type\":\"ListItem\",\"position\":1,\"name\":\"Home\",\"item\":\"https:\/\/www.imcconsulting.it\/fr\/\"},{\"@type\":\"ListItem\",\"position\":2,\"name\":\"Avis juridique\"}]},{\"@type\":\"WebSite\",\"@id\":\"https:\/\/www.imcconsulting.it\/fr\/#website\",\"url\":\"https:\/\/www.imcconsulting.it\/fr\/\",\"name\":\"IMC Consulting\",\"description\":\"\",\"publisher\":{\"@id\":\"https:\/\/www.imcconsulting.it\/fr\/#organization\"},\"potentialAction\":[{\"@type\":\"SearchAction\",\"target\":{\"@type\":\"EntryPoint\",\"urlTemplate\":\"https:\/\/www.imcconsulting.it\/fr\/?s={search_term_string}\"},\"query-input\":{\"@type\":\"PropertyValueSpecification\",\"valueRequired\":true,\"valueName\":\"search_term_string\"}}],\"inLanguage\":\"fr-FR\"},{\"@type\":\"Organization\",\"@id\":\"https:\/\/www.imcconsulting.it\/fr\/#organization\",\"name\":\"IMC Consulting\",\"url\":\"https:\/\/www.imcconsulting.it\/fr\/\",\"logo\":{\"@type\":\"ImageObject\",\"inLanguage\":\"fr-FR\",\"@id\":\"https:\/\/www.imcconsulting.it\/fr\/#\/schema\/logo\/image\/\",\"url\":\"https:\/\/www.imcconsulting.it\/wp-content\/uploads\/2023\/02\/IMC-logo-footer.png\",\"contentUrl\":\"https:\/\/www.imcconsulting.it\/wp-content\/uploads\/2023\/02\/IMC-logo-footer.png\",\"width\":134,\"height\":91,\"caption\":\"IMC Consulting\"},\"image\":{\"@id\":\"https:\/\/www.imcconsulting.it\/fr\/#\/schema\/logo\/image\/\"}}]}<\/script>\n<!-- \/ Yoast SEO plugin. -->","yoast_head_json":{"title":"Avis juridique - IMC Consulting","robots":{"index":"index","follow":"follow","max-snippet":"max-snippet:-1","max-image-preview":"max-image-preview:large","max-video-preview":"max-video-preview:-1"},"canonical":"https:\/\/www.imcconsulting.it\/fr\/avis-juridique\/","og_locale":"fr_FR","og_type":"article","og_title":"Avis juridique - IMC Consulting","og_url":"https:\/\/www.imcconsulting.it\/fr\/avis-juridique\/","og_site_name":"IMC Consulting","article_modified_time":"2024-02-14T11:27:07+00:00","twitter_card":"summary_large_image","twitter_misc":{"Dur\u00e9e de lecture estim\u00e9e":"7 minutes"},"schema":{"@context":"https:\/\/schema.org","@graph":[{"@type":"WebPage","@id":"https:\/\/www.imcconsulting.it\/fr\/avis-juridique\/","url":"https:\/\/www.imcconsulting.it\/fr\/avis-juridique\/","name":"Avis juridique - IMC Consulting","isPartOf":{"@id":"https:\/\/www.imcconsulting.it\/fr\/#website"},"datePublished":"2023-07-21T10:21:01+00:00","dateModified":"2024-02-14T11:27:07+00:00","breadcrumb":{"@id":"https:\/\/www.imcconsulting.it\/fr\/avis-juridique\/#breadcrumb"},"inLanguage":"fr-FR","potentialAction":[{"@type":"ReadAction","target":["https:\/\/www.imcconsulting.it\/fr\/avis-juridique\/"]}]},{"@type":"BreadcrumbList","@id":"https:\/\/www.imcconsulting.it\/fr\/avis-juridique\/#breadcrumb","itemListElement":[{"@type":"ListItem","position":1,"name":"Home","item":"https:\/\/www.imcconsulting.it\/fr\/"},{"@type":"ListItem","position":2,"name":"Avis juridique"}]},{"@type":"WebSite","@id":"https:\/\/www.imcconsulting.it\/fr\/#website","url":"https:\/\/www.imcconsulting.it\/fr\/","name":"IMC Consulting","description":"","publisher":{"@id":"https:\/\/www.imcconsulting.it\/fr\/#organization"},"potentialAction":[{"@type":"SearchAction","target":{"@type":"EntryPoint","urlTemplate":"https:\/\/www.imcconsulting.it\/fr\/?s={search_term_string}"},"query-input":{"@type":"PropertyValueSpecification","valueRequired":true,"valueName":"search_term_string"}}],"inLanguage":"fr-FR"},{"@type":"Organization","@id":"https:\/\/www.imcconsulting.it\/fr\/#organization","name":"IMC Consulting","url":"https:\/\/www.imcconsulting.it\/fr\/","logo":{"@type":"ImageObject","inLanguage":"fr-FR","@id":"https:\/\/www.imcconsulting.it\/fr\/#\/schema\/logo\/image\/","url":"https:\/\/www.imcconsulting.it\/wp-content\/uploads\/2023\/02\/IMC-logo-footer.png","contentUrl":"https:\/\/www.imcconsulting.it\/wp-content\/uploads\/2023\/02\/IMC-logo-footer.png","width":134,"height":91,"caption":"IMC Consulting"},"image":{"@id":"https:\/\/www.imcconsulting.it\/fr\/#\/schema\/logo\/image\/"}}]}},"_links":{"self":[{"href":"https:\/\/www.imcconsulting.it\/fr\/wp-json\/wp\/v2\/pages\/5085","targetHints":{"allow":["GET"]}}],"collection":[{"href":"https:\/\/www.imcconsulting.it\/fr\/wp-json\/wp\/v2\/pages"}],"about":[{"href":"https:\/\/www.imcconsulting.it\/fr\/wp-json\/wp\/v2\/types\/page"}],"author":[{"embeddable":true,"href":"https:\/\/www.imcconsulting.it\/fr\/wp-json\/wp\/v2\/users\/1"}],"replies":[{"embeddable":true,"href":"https:\/\/www.imcconsulting.it\/fr\/wp-json\/wp\/v2\/comments?post=5085"}],"version-history":[{"count":2,"href":"https:\/\/www.imcconsulting.it\/fr\/wp-json\/wp\/v2\/pages\/5085\/revisions"}],"predecessor-version":[{"id":5803,"href":"https:\/\/www.imcconsulting.it\/fr\/wp-json\/wp\/v2\/pages\/5085\/revisions\/5803"}],"wp:attachment":[{"href":"https:\/\/www.imcconsulting.it\/fr\/wp-json\/wp\/v2\/media?parent=5085"}],"curies":[{"name":"wp","href":"https:\/\/api.w.org\/{rel}","templated":true}]}}