{"id":5077,"date":"2023-07-21T10:26:24","date_gmt":"2023-07-21T10:26:24","guid":{"rendered":"https:\/\/www.imcconsulting.it\/informativa-cookie\/"},"modified":"2024-02-14T11:27:34","modified_gmt":"2024-02-14T11:27:34","slug":"lettre-dinformation-sur-les-cookies","status":"publish","type":"page","link":"https:\/\/www.imcconsulting.it\/fr\/lettre-dinformation-sur-les-cookies\/","title":{"rendered":"Lettre d\u2019information sur les Cookies"},"content":{"rendered":"<section class=\"l-section wpb_row height_small\"><div class=\"l-section-h i-cf\"><div class=\"g-cols vc_row via_grid cols_1 laptops-cols_inherit tablets-cols_inherit mobiles-cols_1 valign_top type_default stacking_default\"><div class=\"wpb_column vc_column_container\"><div class=\"vc_column-inner\"><div class=\"wpb_text_column\"><div class=\"wpb_wrapper\"><h4>Lettre d\u2019information sur les Cookies<\/h4>\n<p><strong><b>COOKIES<\/b><\/strong><\/p>\n<p>Nous avons recours \u00e0 des cookies pour rendre notre site plus simple et intuitif. Les cookies sont des petites portions de donn\u00e9s qui nous permettent de rapprocher les visiteurs nouveaux et anciens et de comprendre comment les utilisateurs naviguent sur notre site. Nous utilisons les donn\u00e9es recueillies gr\u00e2ce aux cookies pour rendre l\u2019exp\u00e9rience de navigation plus agr\u00e9able et efficace \u00e0 l\u2019avenir.<\/p>\n<p>Les cookies n\u2019enregistrent pas d\u2019informations personnelles sur les utilisateurs et les \u00e9ventuelles donn\u00e9es identifiables ne seront pas m\u00e9moris\u00e9es. Si une d\u00e9sactivation de l\u2019utilisation des cookies est souhait\u00e9e, il faut personnaliser les param\u00e8tres de l\u2019ordinateur en configuration la suppression de tous les cookies ou en activant un message d\u2019avertissement quand les cookies sont m\u00e9moris\u00e9s. Pour proc\u00e9der sans modifier l\u2019application des cookies, il suffit de poursuivre la navigation.<\/p>\n<p>Visitez\u00a0<a href=\"https:\/\/www.aboutcookies.org\/\" target=\"_blank\" rel=\"noopener\">AboutCookies.org<\/a>\u00a0pour plus d\u2019informations sur les cookies et en quoi ils influencent votre exp\u00e9rience de navigation.<\/p>\n<p><strong><br \/>\nVoici les types de cookies que nous utilisons<\/strong><\/p>\n<p><strong><b>Cookies indispensables<br \/>\n<\/b><\/strong>Ces cookies sont essentiels pour pouvoir parcourir tout le site et utiliser pleinement ses caract\u00e9ristiques, comme par exemple l\u2019acc\u00e8s aux diff\u00e9rents espaces prot\u00e9g\u00e9s du site. Sans ces cookies, certains services n\u00e9cessaires, tels que la compilation d\u2019un formulaire pour un concours, ne peuvent pas \u00eatre exploit\u00e9s.<\/p>\n<p><strong><b><br \/>\nCookies de performance<br \/>\n<\/b><\/strong>Ces cookies recueillent des informations sur la fa\u00e7on dont les utilisateurs utilisent un site Internet, par exemple, les pages les plus visit\u00e9es, si des messages d\u2019erreur de pages web sont re\u00e7us. Ces cookies ne recueillent pas des informations qui identifient un visiteur. Toutes les informations recueillies par cookies sont agr\u00e9g\u00e9es et donc anonyme. Elles ne servent qu\u2019\u00e0 am\u00e9liorer le fonctionnement d\u2019un site Internet.<br \/>\nEn utilisant notre site, l\u2019utilisateur accepte que ces cookies soient install\u00e9s sur son propre dispositif.<\/p>\n<p><strong><b><br \/>\nCookies de fonctionnalit\u00e9s<br \/>\n<\/b><\/strong>Les cookies permettent au site de rappeler les choix de l\u2019utilisateur (comme le nom, la langue ou la r\u00e9gion de provenance) et fournissent des fonctionnalit\u00e9s avanc\u00e9es personnalis\u00e9es. Ces cookies peuvent m\u00eame servir \u00e0 rappeler les modifications apport\u00e9es \u00e0 la dimension du texte, la police et les autres parties de pages web qui peuvent \u00eatre personnalis\u00e9es. Ils peuvent m\u00eame servir \u00e0 fournir des services que vous avez demand\u00e9s comme la lecture d\u2019une vid\u00e9o ou les commentaires sur un blog. Les informations recueillies par ces types de cookies peuvent \u00eatre mises sous forme anonyme pour ne plus pouvoir suivre votre activit\u00e9 de navigation sur d\u2019autres sites Internet.<br \/>\nEn utilisant notre site, l\u2019utilisateur accepte que ces cookies soient install\u00e9s sur son propre dispositif.<\/p>\n<p><strong><b><br \/>\nComment g\u00e9rer les cookies sur PC<br \/>\n<\/b><\/strong>Si vous comptez donner votre consentement aux cookies sur notre site, vous \u00eatre pri\u00e9s de franchir les \u00e9tapes suivantes :<\/p>\n<p><strong><b>Google Chrome<\/b><\/strong><br \/>\n1. Cliquez sur \u00ab Instruments \u00bb dans la partie sup\u00e9rieure de la fen\u00eatre du navigateur et s\u00e9lectionnez Options<br \/>\n2. Cliquez sur la fiche \u00ab Section bidouilles \u00bb, identifiez la section \u00ab Confidentialit\u00e9 \u00bb et s\u00e9lectionnez le bouton \u00ab Param\u00e8tres de contenu \u00bb<br \/>\n3. S\u00e9lectionnez alors \u00ab Je donne mon consentement aux donn\u00e9es locales \u00e0 configurer \u00bb.<\/p>\n<p><strong><b>Microsoft Internet Explorer 6.0, 7.0, 8.0, 9.0<br \/>\n<\/b><\/strong>1. Cliquez sur \u00ab Instruments \u00bb dans la partie sup\u00e9rieure de la fen\u00eatre du navigateur et s\u00e9lectionnez \u00ab Options Internet \u00bb, puis cliquez sur la fiche \u00ab Confidentialit\u00e9 \u00bb<br \/>\n2. Pour activer les cookies dans votre navigateur, assurez-vous que le niveau de confidentialit\u00e9 est configur\u00e9 sur Moyen ou en-dessous,<br \/>\n3. En configurant le niveau de confidentialit\u00e9 au-dessus de la Moyenne, vous d\u00e9sactiverez l\u2019utilisation des cookies.<\/p>\n<p><strong><b>Mozilla Firefox<\/b><\/strong><br \/>\n1. Cliquez sur \u00ab Instruments \u00bb dans la partie sup\u00e9rieure de la fen\u00eatre du navigateur et s\u00e9lectionnez \u00ab Options \u00bb<br \/>\n2. S\u00e9lectionnez ensuite l\u2019ic\u00f4ne Confidentialit\u00e9<br \/>\n3. Cliquez sur Cookies, puis s\u00e9lectionnez \u00ab j\u2019autorise aux sites l\u2019utilisation des cookies \u00bb.<\/p>\n<p><strong><b>Safari<\/b><\/strong><br \/>\n1. Cliquez sur l\u2019Ic\u00f4ne Cog dans la partie sup\u00e9rieure de la fen\u00eatre du navigateur et s\u00e9lectionnez l\u2019option \u00ab Pr\u00e9f\u00e9rences \u00bb<br \/>\n2. Cliquez sur \u00ab Protection\u00a0\u00bb, s\u00e9lectionnez l\u2019option qui mentionne \u00ab Blocage de tiers et de cookies pour la publicit\u00e9 \u00bb<br \/>\n3. Cliquez sur \u00ab Sauvegarder \u00bb<\/p>\n<p><strong><b>Comment g\u00e9rer les cookies sur Mac<\/b><\/strong><br \/>\nSi vous comptez donner votre consentement aux cookies sur notre site, vous \u00eatre pri\u00e9s de franchir les \u00e9tapes suivantes :<\/p>\n<p><strong><b>Microsoft Internet Explorer 5.0 sur OSX<\/b><\/strong><br \/>\n1. Cliquez sur \u00ab Explorer \u00bb dans la partie sup\u00e9rieure de la fen\u00eatre du navigateur et s\u00e9lectionnez l\u2019option \u00ab Pr\u00e9f\u00e9rences \u00bb<br \/>\n2. Faites d\u00e9filer vers le bas pour afficher \u00ab Cookies \u00bb dans la section R\u00e9ception de Fichier<br \/>\n3. S\u00e9lectionnez l\u2019option \u00ab Ne pas demander \u00bb.<br \/>\n<strong><b><br \/>\nSafari su OSX<br \/>\n<\/b><\/strong>1. Cliquez sur \u00ab Safari \u00bb dans la partie sup\u00e9rieure de la fen\u00eatre du navigateur et s\u00e9lectionnez l\u2019option \u00ab Pr\u00e9f\u00e9rences \u00bb<br \/>\n2. Cliquez sur \u00ab S\u00e9curit\u00e9 \u00bb, puis \u00ab Accepter les cookies \u00bb<br \/>\n3. S\u00e9lectionnez \u00ab Seulement par le site \u00bb.<\/p>\n<p><strong><b>Mozilla e Netscape sur OSX<br \/>\n<\/b><\/strong>1. Cliquez sur \u00ab Mozilla \u00bb ou \u00ab Netscape \u00bb dans la partie sup\u00e9rieure de la fen\u00eatre du navigateur et s\u00e9lectionnez l\u2019option \u00ab Pr\u00e9f\u00e9rences \u00bb<br \/>\n2. Faites d\u00e9filer vers le bas pour afficher les cookies sous \u00ab Confidentialit\u00e9 et s\u00e9curit\u00e9 \u00bb<br \/>\n3. S\u00e9lectionnez \u00ab Habiliter les cookies seulement pour le site d\u2019origine \u00bb.<\/p>\n<p><strong><b>Opera<\/b><\/strong><br \/>\n1. Cliquez sur \u00ab Menu \u00bb dans la partie sup\u00e9rieure de la fen\u00eatre du navigateur et s\u00e9lectionnez l\u2019option \u00ab Param\u00e8tres \u00bb<br \/>\n2. S\u00e9lectionnez donc \u00ab Pr\u00e9f\u00e9rences \u00bb, s\u00e9lectionnez la fiche \u00ab Avanc\u00e9es \u00bb<br \/>\n3. S\u00e9lectionnez donc l\u2019option \u00ab Accepter les cookies \u00bb.<\/p>\n<p>&nbsp;<\/p>\n<p><strong><b>Google Analytics<br \/>\n<\/b><\/strong>Ce site utilise Google Analytics, un service d\u2019analyse web fourni par Google, Inc. (\u00ab Google \u00bb). Google Analytics utilise des \u00ab cookies \u00bb ; qui sont des fichiers de textes d\u00e9pos\u00e9s sur votre ordinateur pour permettre au site web d\u2019analyser comment les utilisateurs utilisent le site. Les informations g\u00e9n\u00e9r\u00e9es par les cookies sur l\u2019utilisation du site web (y compris votre adresse IP anonyme) seront transmises et d\u00e9pos\u00e9es aupr\u00e8s des serveurs de Google aux \u00c9tats-Unis. Google utilisera ces informations afin d\u2019examiner votre utilisation du site Internet, compiler les rapports sur les activit\u00e9s du site pour les op\u00e9rateurs de celui-ci et fournir d\u2019autres services relatifs aux activit\u00e9s du site Internet et \u00e0 l\u2019utilisation d\u2019Internet. Google peut m\u00eame transf\u00e9rer ces informations \u00e0 des tiers, tant que cela est impos\u00e9 par la loi ou que ces tiers traitent les informations pr\u00e9cit\u00e9es en faveur de Google. Google n\u2019associera pas votre adresse IP \u00e0 une quelconque autre donn\u00e9e en possession de Google. Vous pouvez refuser d\u2019utiliser les cookies en s\u00e9lectionnant le bon param\u00e8tre sur votre navigateur, mais il convient de faire remarquer que cela emp\u00eache d\u2019utiliser toutes les fonctionnalit\u00e9s de ce site Internet. En utilisant le pr\u00e9sent site Internet, vous donnez votre consentement au traitement de vos donn\u00e9es de la part de Google selon les modalit\u00e9s et les fins pr\u00e9cit\u00e9es.<\/p>\n<p>Il est possible d\u2019interdire \u00e0 Google le relev\u00e9 d\u2019un cookie qui est g\u00e9n\u00e9r\u00e9 \u00e0 cause de, ou en rapport avec votre utilisation de ce site Internet (y compris votre adresse IP) et l\u2019\u00e9laboration de ces donn\u00e9es en en t\u00e9l\u00e9chargeant et en installant ce plugin pour le navigateur :\u00a0<a href=\"http:\/\/tools.google.com\/dlpage\/gaoptout?hl=en\">http:\/\/tools.google.com\/dlpage\/gaoptout?hl=en<\/a><\/p>\n<\/div><\/div><\/div><\/div><\/div><\/div><\/section>\n","protected":false},"excerpt":{"rendered":"Lettre d\u2019information sur les Cookies COOKIES Nous avons recours \u00e0 des cookies pour rendre notre site plus simple et intuitif. Les cookies sont des petites portions de donn\u00e9s qui nous permettent de rapprocher les visiteurs nouveaux et anciens et de comprendre comment les utilisateurs naviguent sur notre site. Nous utilisons les donn\u00e9es recueillies gr\u00e2ce aux...","protected":false},"author":1,"featured_media":0,"parent":0,"menu_order":0,"comment_status":"closed","ping_status":"closed","template":"","meta":{"_acf_changed":false,"inline_featured_image":false,"iawp_total_views":3,"footnotes":""},"class_list":["post-5077","page","type-page","status-publish","hentry"],"acf":[],"yoast_head":"<!-- This site is optimized with the Yoast SEO plugin v25.7 - https:\/\/yoast.com\/wordpress\/plugins\/seo\/ -->\n<title>Lettre d\u2019information sur les Cookies - IMC Consulting<\/title>\n<meta name=\"robots\" content=\"index, follow, max-snippet:-1, max-image-preview:large, max-video-preview:-1\" \/>\n<link rel=\"canonical\" href=\"https:\/\/www.imcconsulting.it\/fr\/lettre-dinformation-sur-les-cookies\/\" \/>\n<meta property=\"og:locale\" content=\"fr_FR\" \/>\n<meta property=\"og:type\" content=\"article\" \/>\n<meta property=\"og:title\" content=\"Lettre d\u2019information sur les Cookies - IMC Consulting\" \/>\n<meta property=\"og:url\" content=\"https:\/\/www.imcconsulting.it\/fr\/lettre-dinformation-sur-les-cookies\/\" \/>\n<meta property=\"og:site_name\" content=\"IMC Consulting\" \/>\n<meta property=\"article:modified_time\" content=\"2024-02-14T11:27:34+00:00\" \/>\n<meta name=\"twitter:card\" content=\"summary_large_image\" \/>\n<meta name=\"twitter:label1\" content=\"Dur\u00e9e de lecture estim\u00e9e\" \/>\n\t<meta name=\"twitter:data1\" content=\"6 minutes\" \/>\n<script type=\"application\/ld+json\" class=\"yoast-schema-graph\">{\"@context\":\"https:\/\/schema.org\",\"@graph\":[{\"@type\":\"WebPage\",\"@id\":\"https:\/\/www.imcconsulting.it\/fr\/lettre-dinformation-sur-les-cookies\/\",\"url\":\"https:\/\/www.imcconsulting.it\/fr\/lettre-dinformation-sur-les-cookies\/\",\"name\":\"Lettre d\u2019information sur les Cookies - IMC Consulting\",\"isPartOf\":{\"@id\":\"https:\/\/www.imcconsulting.it\/fr\/#website\"},\"datePublished\":\"2023-07-21T10:26:24+00:00\",\"dateModified\":\"2024-02-14T11:27:34+00:00\",\"breadcrumb\":{\"@id\":\"https:\/\/www.imcconsulting.it\/fr\/lettre-dinformation-sur-les-cookies\/#breadcrumb\"},\"inLanguage\":\"fr-FR\",\"potentialAction\":[{\"@type\":\"ReadAction\",\"target\":[\"https:\/\/www.imcconsulting.it\/fr\/lettre-dinformation-sur-les-cookies\/\"]}]},{\"@type\":\"BreadcrumbList\",\"@id\":\"https:\/\/www.imcconsulting.it\/fr\/lettre-dinformation-sur-les-cookies\/#breadcrumb\",\"itemListElement\":[{\"@type\":\"ListItem\",\"position\":1,\"name\":\"Home\",\"item\":\"https:\/\/www.imcconsulting.it\/fr\/\"},{\"@type\":\"ListItem\",\"position\":2,\"name\":\"Lettre d\u2019information sur les Cookies\"}]},{\"@type\":\"WebSite\",\"@id\":\"https:\/\/www.imcconsulting.it\/fr\/#website\",\"url\":\"https:\/\/www.imcconsulting.it\/fr\/\",\"name\":\"IMC Consulting\",\"description\":\"\",\"publisher\":{\"@id\":\"https:\/\/www.imcconsulting.it\/fr\/#organization\"},\"potentialAction\":[{\"@type\":\"SearchAction\",\"target\":{\"@type\":\"EntryPoint\",\"urlTemplate\":\"https:\/\/www.imcconsulting.it\/fr\/?s={search_term_string}\"},\"query-input\":{\"@type\":\"PropertyValueSpecification\",\"valueRequired\":true,\"valueName\":\"search_term_string\"}}],\"inLanguage\":\"fr-FR\"},{\"@type\":\"Organization\",\"@id\":\"https:\/\/www.imcconsulting.it\/fr\/#organization\",\"name\":\"IMC Consulting\",\"url\":\"https:\/\/www.imcconsulting.it\/fr\/\",\"logo\":{\"@type\":\"ImageObject\",\"inLanguage\":\"fr-FR\",\"@id\":\"https:\/\/www.imcconsulting.it\/fr\/#\/schema\/logo\/image\/\",\"url\":\"https:\/\/www.imcconsulting.it\/wp-content\/uploads\/2023\/02\/IMC-logo-footer.png\",\"contentUrl\":\"https:\/\/www.imcconsulting.it\/wp-content\/uploads\/2023\/02\/IMC-logo-footer.png\",\"width\":134,\"height\":91,\"caption\":\"IMC Consulting\"},\"image\":{\"@id\":\"https:\/\/www.imcconsulting.it\/fr\/#\/schema\/logo\/image\/\"}}]}<\/script>\n<!-- \/ Yoast SEO plugin. -->","yoast_head_json":{"title":"Lettre d\u2019information sur les Cookies - IMC Consulting","robots":{"index":"index","follow":"follow","max-snippet":"max-snippet:-1","max-image-preview":"max-image-preview:large","max-video-preview":"max-video-preview:-1"},"canonical":"https:\/\/www.imcconsulting.it\/fr\/lettre-dinformation-sur-les-cookies\/","og_locale":"fr_FR","og_type":"article","og_title":"Lettre d\u2019information sur les Cookies - IMC Consulting","og_url":"https:\/\/www.imcconsulting.it\/fr\/lettre-dinformation-sur-les-cookies\/","og_site_name":"IMC Consulting","article_modified_time":"2024-02-14T11:27:34+00:00","twitter_card":"summary_large_image","twitter_misc":{"Dur\u00e9e de lecture estim\u00e9e":"6 minutes"},"schema":{"@context":"https:\/\/schema.org","@graph":[{"@type":"WebPage","@id":"https:\/\/www.imcconsulting.it\/fr\/lettre-dinformation-sur-les-cookies\/","url":"https:\/\/www.imcconsulting.it\/fr\/lettre-dinformation-sur-les-cookies\/","name":"Lettre d\u2019information sur les Cookies - IMC Consulting","isPartOf":{"@id":"https:\/\/www.imcconsulting.it\/fr\/#website"},"datePublished":"2023-07-21T10:26:24+00:00","dateModified":"2024-02-14T11:27:34+00:00","breadcrumb":{"@id":"https:\/\/www.imcconsulting.it\/fr\/lettre-dinformation-sur-les-cookies\/#breadcrumb"},"inLanguage":"fr-FR","potentialAction":[{"@type":"ReadAction","target":["https:\/\/www.imcconsulting.it\/fr\/lettre-dinformation-sur-les-cookies\/"]}]},{"@type":"BreadcrumbList","@id":"https:\/\/www.imcconsulting.it\/fr\/lettre-dinformation-sur-les-cookies\/#breadcrumb","itemListElement":[{"@type":"ListItem","position":1,"name":"Home","item":"https:\/\/www.imcconsulting.it\/fr\/"},{"@type":"ListItem","position":2,"name":"Lettre d\u2019information sur les Cookies"}]},{"@type":"WebSite","@id":"https:\/\/www.imcconsulting.it\/fr\/#website","url":"https:\/\/www.imcconsulting.it\/fr\/","name":"IMC Consulting","description":"","publisher":{"@id":"https:\/\/www.imcconsulting.it\/fr\/#organization"},"potentialAction":[{"@type":"SearchAction","target":{"@type":"EntryPoint","urlTemplate":"https:\/\/www.imcconsulting.it\/fr\/?s={search_term_string}"},"query-input":{"@type":"PropertyValueSpecification","valueRequired":true,"valueName":"search_term_string"}}],"inLanguage":"fr-FR"},{"@type":"Organization","@id":"https:\/\/www.imcconsulting.it\/fr\/#organization","name":"IMC Consulting","url":"https:\/\/www.imcconsulting.it\/fr\/","logo":{"@type":"ImageObject","inLanguage":"fr-FR","@id":"https:\/\/www.imcconsulting.it\/fr\/#\/schema\/logo\/image\/","url":"https:\/\/www.imcconsulting.it\/wp-content\/uploads\/2023\/02\/IMC-logo-footer.png","contentUrl":"https:\/\/www.imcconsulting.it\/wp-content\/uploads\/2023\/02\/IMC-logo-footer.png","width":134,"height":91,"caption":"IMC Consulting"},"image":{"@id":"https:\/\/www.imcconsulting.it\/fr\/#\/schema\/logo\/image\/"}}]}},"_links":{"self":[{"href":"https:\/\/www.imcconsulting.it\/fr\/wp-json\/wp\/v2\/pages\/5077","targetHints":{"allow":["GET"]}}],"collection":[{"href":"https:\/\/www.imcconsulting.it\/fr\/wp-json\/wp\/v2\/pages"}],"about":[{"href":"https:\/\/www.imcconsulting.it\/fr\/wp-json\/wp\/v2\/types\/page"}],"author":[{"embeddable":true,"href":"https:\/\/www.imcconsulting.it\/fr\/wp-json\/wp\/v2\/users\/1"}],"replies":[{"embeddable":true,"href":"https:\/\/www.imcconsulting.it\/fr\/wp-json\/wp\/v2\/comments?post=5077"}],"version-history":[{"count":2,"href":"https:\/\/www.imcconsulting.it\/fr\/wp-json\/wp\/v2\/pages\/5077\/revisions"}],"predecessor-version":[{"id":5804,"href":"https:\/\/www.imcconsulting.it\/fr\/wp-json\/wp\/v2\/pages\/5077\/revisions\/5804"}],"wp:attachment":[{"href":"https:\/\/www.imcconsulting.it\/fr\/wp-json\/wp\/v2\/media?parent=5077"}],"curies":[{"name":"wp","href":"https:\/\/api.w.org\/{rel}","templated":true}]}}