{"id":5069,"date":"2023-07-21T10:15:09","date_gmt":"2023-07-21T10:15:09","guid":{"rendered":"https:\/\/www.imcconsulting.it\/privacy-policy\/"},"modified":"2024-02-14T11:26:35","modified_gmt":"2024-02-14T11:26:35","slug":"politique-de-confidentialite","status":"publish","type":"page","link":"https:\/\/www.imcconsulting.it\/fr\/politique-de-confidentialite\/","title":{"rendered":"Politique de confidentialit\u00e9"},"content":{"rendered":"<section class=\"l-section wpb_row height_small\"><div class=\"l-section-h i-cf\"><div class=\"g-cols vc_row via_grid cols_1 laptops-cols_inherit tablets-cols_inherit mobiles-cols_1 valign_top type_default stacking_default\"><div class=\"wpb_column vc_column_container\"><div class=\"vc_column-inner\"><div class=\"wpb_text_column\"><div class=\"wpb_wrapper\"><h3>POLITIQUE DE CONFIDENTIALIT\u00c9 IMC Consulting S.r.l.<\/h3>\n<p>\u00c0 cette page, les modalit\u00e9s de gestion du site sont d\u00e9crites par r\u00e9f\u00e9rence au traitement des donn\u00e9es personnelles des utilisateurs qui le consultent.<\/p>\n<p>Il s\u2019agit d\u2019une lettre d\u2019information qui a \u00e9t\u00e9 d\u00e9livr\u00e9e en vertu de l\u2019art. 15 et suivants du R\u00e8glement de l\u2019UE n. 679\/2016 \u2013 Code de Confidentialit\u00e9 \u00e0 ceux qui interagissent avec les services web de IMC Consulting s.r.l. accessibles par voie t\u00e9l\u00e9matique depuis l\u2019adresse :<\/p>\n<p><a href=\"https:\/\/www.imcconsulting.it\/\">https:\/\/www.imcconsulting.it<\/a><\/p>\n<p>correspondante \u00e0 la page initiale du site Internet officiel de IMC Consulting.<\/p>\n<p>La lettre d\u2019information est d\u00e9livr\u00e9e uniquement pour le site de l\u2019entreprise, et pas pour d\u2019autres sites Internet \u00e9ventuellement consult\u00e9s par l\u2019utilisateur par lien.<br \/>\nLa lettre d\u2019information s\u2019inspire aussi de la Recommandation N\u00b0 2\/2001 que les autorit\u00e9s europ\u00e9ennes pour la protection des donn\u00e9es personnelles, r\u00e9unies dans le groupe stipul\u00e9 par l\u2019art. 29 de la Directive N\u00b0 95\/46\/CE, ont adopt\u00e9 le 17 mai 2001 pour d\u00e9terminer le minimum requis pour la collecte de donn\u00e9es en ligne et, plus particuli\u00e8rement, les modalit\u00e9s, les temps et la nature des informations que les charg\u00e9s de traitement doivent fournir aux utilisateurs quand ces derniers se connectent \u00e0 des pages web, ind\u00e9pendamment des fins de connexion.<\/p>\n<h3>Lettre d\u2019information en vertu de l\u2019art. 15 et suivants du R\u00e8glement de l\u2019UE n. 679\/2016<\/h3>\n<p><strong>LE CHARG\u00c9 DU TRAITEMENT<\/strong><br \/>\nLe site est accessible aux utilisateurs sans avoir \u00e0 d\u00e9cliner leurs donn\u00e9es personnelles, cependant, \u00e0 la suite de la consultation de ce site, des donn\u00e9es relatives \u00e0 des personnes identifi\u00e9s ou identifiables peuvent \u00eatre trait\u00e9es.<\/p>\n<p>Le Charg\u00e9 du traitement des donn\u00e9es personnelles est IMC Consulting s.r.l., ayant son si\u00e8ge au Via di San Valentino, 34, 00197 Rome \u2013 Italia.<\/p>\n<p><strong>\u00a0<\/strong><\/p>\n<p><strong>LIEU, FINALIT\u00c9 ET MODALIT\u00c9S DE TRAITEMENT DES DONN\u00c9ES<\/strong><\/p>\n<p>Les traitements associ\u00e9s aux services web offerts par ce site sont effectu\u00e9s aupr\u00e8s du si\u00e8ge de la Soci\u00e9t\u00e9 charg\u00e9e du traitement et sont assur\u00e9s uniquement par les collaborateurs ou associ\u00e9s de IMC Consulting s.r.l. charg\u00e9s du traitement, ou par d\u2019autres charg\u00e9s d\u2019op\u00e9rations ponctuelles de maintenance.<\/p>\n<p>En vertu de l\u2019article 15 et suivants du R\u00e8glement de l\u2019UE n. 679\/2016, nous rappelons que les donn\u00e9es fournies par les utilisateurs seront trait\u00e9es aux fins suivantes : demande d\u2019informations.<\/p>\n<p>Aucune donn\u00e9e d\u00e9coulant des services web n\u2019est communiqu\u00e9e \u00e0 d\u2019autres sujets, ni m\u00eame diffus\u00e9e.<\/p>\n<p>L\u2019utilisateur est libre de fournir les donn\u00e9es personnelles rapport\u00e9es dans les formulaires de demande \u00e0 la Soci\u00e9t\u00e9. Les donn\u00e9es obligatoires marqu\u00e9es par un ast\u00e9risque doivent \u00eatre remplies sous peine d\u2019impossibilit\u00e9 de traitement des donn\u00e9es et donc de r\u00e9ponse.<\/p>\n<p>Par souci de pr\u00e9cision, il faut rappeler que dans certains cas, l\u2019Autorit\u00e9 peut demander des renseignements et des informations en vertu de l\u2019art. 157 du D. l. N\u00b0 196\/2003, \u00e0 des fins de contr\u00f4le sur le traitement des donn\u00e9es personnelles. Dans ces cas-l\u00e0, la r\u00e9ponse est obligatoire sous peine de sanction administrative.<\/p>\n<p>&nbsp;<\/p>\n<p><strong>TYPE DE DONN\u00c9ES TRAIT\u00c9ES<\/strong><\/p>\n<p><strong>Donn\u00e9es relatives \u00e0 la navigation<br \/>\n<\/strong>Les syst\u00e8mes informatiques et les proc\u00e9dures logicielles pour le fonctionnement de ce site Internet obtiennent, au cours de leur normal exercice, certaines donn\u00e9es personnelles, dont la transmission est implicite dans l\u2019utilisation de protocoles de communication Internet.<\/p>\n<p>Il s\u2019agit d\u2019informations qui ne sont pas recueillies pour \u00eatre associ\u00e9es \u00e0 des int\u00e9ress\u00e9s identifi\u00e9s, mais par leur nature pourraient permettre d\u2019identifier les utilisateurs, \u00e0 travers des \u00e9laborations et des associations avec des donn\u00e9es d\u00e9tenues par des tiers, qui ne sont effectu\u00e9es que si l\u2019autorit\u00e9 judiciaire en fait la demande.<\/p>\n<p>On peut citer dans cette cat\u00e9gorie de donn\u00e9es les adresses IP ou les noms \u00e0 domaine des ordinateurs utilis\u00e9s des utilisateurs qui se connectent au site, les adresses de notation URI (Uniform Resource Identifier) des ressources requises, l\u2019horaire de la demande, la m\u00e9thode utilis\u00e9e pour soumettre la demande au serveur, la dimension du fichier obtenu en r\u00e9ponse, le code num\u00e9rique indiquant l\u2019\u00e9tat de la r\u00e9ponse donn\u00e9e par le serveur (bonne fin, erreur etc.) et d\u2019autres param\u00e8tres relatifs au syst\u00e8me d\u2019exploitation et \u00e0 l\u2019environnement informatique de l\u2019utilisateur.<\/p>\n<p>Ces donn\u00e9es, supprim\u00e9es dans tous les cas juste apr\u00e8s l\u2019\u00e9laboration, sont utilis\u00e9es par IMC Consulting s.r.l. uniquement \u00e0 des fins de collecte d\u2019informations statistiques anonymes sur l\u2019utilisation du site et pour en contr\u00f4ler le bon fonctionnement.<\/p>\n<p>Ceux-ci pourraient \u00eatre utilis\u00e9s pour \u00e9tablir la responsabilit\u00e9 en cas d\u2019hypoth\u00e9tiques d\u00e9lits informatiques au d\u00e9triment du site : hormis cette \u00e9ventualit\u00e9, les donn\u00e9es sur les contacts web ne restent pas plus de sept jours en l\u2019\u00e9tat.<\/p>\n<p><strong><br \/>\nDonn\u00e9es fournies volontairement par l\u2019utilisateur<br \/>\n<\/strong>L\u2019envoi facultatif, explicite et volontaire de courrier \u00e9lectronique aux adresses indiqu\u00e9es sur le site IMC Consulting implique l\u2019acquisition cons\u00e9cutive des donn\u00e9es personnelles fournies, comme par exemple l\u2019adresse \u00e9lectronique de l\u2019exp\u00e9diteur utilis\u00e9 par IMC Consulting s.r.l. Seulement pour r\u00e9pondre \u00e0 ses demandes.<\/p>\n<p>Des lettres d\u2019informations sp\u00e9cifiques de synth\u00e8se seront progressivement rapport\u00e9es ou affich\u00e9es aux pages du site consacr\u00e9es aux services sur demande particuliers.<\/p>\n<p>&nbsp;<\/p>\n<p><strong>MODALIT\u00c9S DE TRAITEMENT<\/strong><\/p>\n<p>Les donn\u00e9es personnelles sont trait\u00e9es sur support papier et\/ou avec des outils automatiques pendant la p\u00e9riode n\u00e9cessaire pour r\u00e9aliser les objectifs pour lesquels elles ont \u00e9t\u00e9 recueillies.<\/p>\n<p>Des mesures de s\u00e9curit\u00e9 sp\u00e9cifiques sont adopt\u00e9es en pr\u00e9vention de la perte, de l\u2019usage abusif ou incorrect des donn\u00e9es et des acc\u00e8s non autoris\u00e9s.<\/p>\n<p>Toutefois, nous vous informons que les communications sur Internet comme les e-mails ou Webmail pourraient transiter dans diff\u00e9rentes nations, avant de parvenir aux destinataires. IMC Consulting s.r.l. ne peut pas assumer la responsabilit\u00e9 d\u2019un quelconque acc\u00e8s non autoris\u00e9, ni de la perte des informations personnelles hors de son ressort.<\/p>\n<p>&nbsp;<\/p>\n<p><strong>DROITS DES INT\u00c9RESS\u00c9S<\/strong><\/p>\n<p>\u00c0 tout moment, les personnes concern\u00e9es par les donn\u00e9es personnelles ont le droit d\u2019obtenir la confirmation de l\u2019existence ou pas des m\u00eames donn\u00e9es et d\u2019en connaitre le contenu et l\u2019origine, en v\u00e9rifier l\u2019exactitude ou en demander l\u2019int\u00e9gration ou la mise \u00e0 jour, ou la rectification, en vertu de l\u2019art. 7 du D. l. N\u00b0 196\/2003.<\/p>\n<p>En vertu du m\u00eame article, il est m\u00eame permis de demander la suppression, la mise sous forme anonyme ou le blocage des donn\u00e9es trait\u00e9es en violation de la loi, mais aussi de s\u2019opposer dans chaque cas \u00e0 leur traitement pour des motifs l\u00e9gitimes.<\/p>\n<p>Les requ\u00eates seront adress\u00e9es \u00e0 IMC Consulting s.r.l., Via di San Valentino, 34, 00197 Rome \u2013 Italia, tel. +39 340 7236529, chez qui il sera possible de consulter la liste actualis\u00e9e des autres personnes responsables et des charg\u00e9s du traitement ou ceux \u00e0 qui les donn\u00e9es pourront \u00eatre communiqu\u00e9es.<\/p>\n<\/div><\/div><\/div><\/div><\/div><\/div><\/section>\n","protected":false},"excerpt":{"rendered":"POLITIQUE DE CONFIDENTIALIT\u00c9 IMC Consulting S.r.l. \u00c0 cette page, les modalit\u00e9s de gestion du site sont d\u00e9crites par r\u00e9f\u00e9rence au traitement des donn\u00e9es personnelles des utilisateurs qui le consultent. Il s\u2019agit d\u2019une lettre d\u2019information qui a \u00e9t\u00e9 d\u00e9livr\u00e9e en vertu de l\u2019art. 15 et suivants du R\u00e8glement de l\u2019UE n. 679\/2016 \u2013 Code de Confidentialit\u00e9...","protected":false},"author":1,"featured_media":0,"parent":0,"menu_order":0,"comment_status":"closed","ping_status":"closed","template":"","meta":{"_acf_changed":false,"inline_featured_image":false,"iawp_total_views":6,"footnotes":""},"class_list":["post-5069","page","type-page","status-publish","hentry"],"acf":[],"yoast_head":"<!-- This site is optimized with the Yoast SEO plugin v25.7 - https:\/\/yoast.com\/wordpress\/plugins\/seo\/ -->\n<title>Politique de confidentialit\u00e9 - IMC Consulting<\/title>\n<meta name=\"robots\" content=\"index, follow, max-snippet:-1, max-image-preview:large, max-video-preview:-1\" \/>\n<link rel=\"canonical\" href=\"https:\/\/www.imcconsulting.it\/fr\/politique-de-confidentialite\/\" \/>\n<meta property=\"og:locale\" content=\"fr_FR\" \/>\n<meta property=\"og:type\" content=\"article\" \/>\n<meta property=\"og:title\" content=\"Politique de confidentialit\u00e9 - IMC Consulting\" \/>\n<meta property=\"og:url\" content=\"https:\/\/www.imcconsulting.it\/fr\/politique-de-confidentialite\/\" \/>\n<meta property=\"og:site_name\" content=\"IMC Consulting\" \/>\n<meta property=\"article:modified_time\" content=\"2024-02-14T11:26:35+00:00\" \/>\n<meta name=\"twitter:card\" content=\"summary_large_image\" \/>\n<meta name=\"twitter:label1\" content=\"Dur\u00e9e de lecture estim\u00e9e\" \/>\n\t<meta name=\"twitter:data1\" content=\"6 minutes\" \/>\n<script type=\"application\/ld+json\" class=\"yoast-schema-graph\">{\"@context\":\"https:\/\/schema.org\",\"@graph\":[{\"@type\":\"WebPage\",\"@id\":\"https:\/\/www.imcconsulting.it\/fr\/politique-de-confidentialite\/\",\"url\":\"https:\/\/www.imcconsulting.it\/fr\/politique-de-confidentialite\/\",\"name\":\"Politique de confidentialit\u00e9 - IMC Consulting\",\"isPartOf\":{\"@id\":\"https:\/\/www.imcconsulting.it\/fr\/#website\"},\"datePublished\":\"2023-07-21T10:15:09+00:00\",\"dateModified\":\"2024-02-14T11:26:35+00:00\",\"breadcrumb\":{\"@id\":\"https:\/\/www.imcconsulting.it\/fr\/politique-de-confidentialite\/#breadcrumb\"},\"inLanguage\":\"fr-FR\",\"potentialAction\":[{\"@type\":\"ReadAction\",\"target\":[\"https:\/\/www.imcconsulting.it\/fr\/politique-de-confidentialite\/\"]}]},{\"@type\":\"BreadcrumbList\",\"@id\":\"https:\/\/www.imcconsulting.it\/fr\/politique-de-confidentialite\/#breadcrumb\",\"itemListElement\":[{\"@type\":\"ListItem\",\"position\":1,\"name\":\"Home\",\"item\":\"https:\/\/www.imcconsulting.it\/fr\/\"},{\"@type\":\"ListItem\",\"position\":2,\"name\":\"Politique de confidentialit\u00e9\"}]},{\"@type\":\"WebSite\",\"@id\":\"https:\/\/www.imcconsulting.it\/fr\/#website\",\"url\":\"https:\/\/www.imcconsulting.it\/fr\/\",\"name\":\"IMC Consulting\",\"description\":\"\",\"publisher\":{\"@id\":\"https:\/\/www.imcconsulting.it\/fr\/#organization\"},\"potentialAction\":[{\"@type\":\"SearchAction\",\"target\":{\"@type\":\"EntryPoint\",\"urlTemplate\":\"https:\/\/www.imcconsulting.it\/fr\/?s={search_term_string}\"},\"query-input\":{\"@type\":\"PropertyValueSpecification\",\"valueRequired\":true,\"valueName\":\"search_term_string\"}}],\"inLanguage\":\"fr-FR\"},{\"@type\":\"Organization\",\"@id\":\"https:\/\/www.imcconsulting.it\/fr\/#organization\",\"name\":\"IMC Consulting\",\"url\":\"https:\/\/www.imcconsulting.it\/fr\/\",\"logo\":{\"@type\":\"ImageObject\",\"inLanguage\":\"fr-FR\",\"@id\":\"https:\/\/www.imcconsulting.it\/fr\/#\/schema\/logo\/image\/\",\"url\":\"https:\/\/www.imcconsulting.it\/wp-content\/uploads\/2023\/02\/IMC-logo-footer.png\",\"contentUrl\":\"https:\/\/www.imcconsulting.it\/wp-content\/uploads\/2023\/02\/IMC-logo-footer.png\",\"width\":134,\"height\":91,\"caption\":\"IMC Consulting\"},\"image\":{\"@id\":\"https:\/\/www.imcconsulting.it\/fr\/#\/schema\/logo\/image\/\"}}]}<\/script>\n<!-- \/ Yoast SEO plugin. -->","yoast_head_json":{"title":"Politique de confidentialit\u00e9 - IMC Consulting","robots":{"index":"index","follow":"follow","max-snippet":"max-snippet:-1","max-image-preview":"max-image-preview:large","max-video-preview":"max-video-preview:-1"},"canonical":"https:\/\/www.imcconsulting.it\/fr\/politique-de-confidentialite\/","og_locale":"fr_FR","og_type":"article","og_title":"Politique de confidentialit\u00e9 - IMC Consulting","og_url":"https:\/\/www.imcconsulting.it\/fr\/politique-de-confidentialite\/","og_site_name":"IMC Consulting","article_modified_time":"2024-02-14T11:26:35+00:00","twitter_card":"summary_large_image","twitter_misc":{"Dur\u00e9e de lecture estim\u00e9e":"6 minutes"},"schema":{"@context":"https:\/\/schema.org","@graph":[{"@type":"WebPage","@id":"https:\/\/www.imcconsulting.it\/fr\/politique-de-confidentialite\/","url":"https:\/\/www.imcconsulting.it\/fr\/politique-de-confidentialite\/","name":"Politique de confidentialit\u00e9 - IMC Consulting","isPartOf":{"@id":"https:\/\/www.imcconsulting.it\/fr\/#website"},"datePublished":"2023-07-21T10:15:09+00:00","dateModified":"2024-02-14T11:26:35+00:00","breadcrumb":{"@id":"https:\/\/www.imcconsulting.it\/fr\/politique-de-confidentialite\/#breadcrumb"},"inLanguage":"fr-FR","potentialAction":[{"@type":"ReadAction","target":["https:\/\/www.imcconsulting.it\/fr\/politique-de-confidentialite\/"]}]},{"@type":"BreadcrumbList","@id":"https:\/\/www.imcconsulting.it\/fr\/politique-de-confidentialite\/#breadcrumb","itemListElement":[{"@type":"ListItem","position":1,"name":"Home","item":"https:\/\/www.imcconsulting.it\/fr\/"},{"@type":"ListItem","position":2,"name":"Politique de confidentialit\u00e9"}]},{"@type":"WebSite","@id":"https:\/\/www.imcconsulting.it\/fr\/#website","url":"https:\/\/www.imcconsulting.it\/fr\/","name":"IMC Consulting","description":"","publisher":{"@id":"https:\/\/www.imcconsulting.it\/fr\/#organization"},"potentialAction":[{"@type":"SearchAction","target":{"@type":"EntryPoint","urlTemplate":"https:\/\/www.imcconsulting.it\/fr\/?s={search_term_string}"},"query-input":{"@type":"PropertyValueSpecification","valueRequired":true,"valueName":"search_term_string"}}],"inLanguage":"fr-FR"},{"@type":"Organization","@id":"https:\/\/www.imcconsulting.it\/fr\/#organization","name":"IMC Consulting","url":"https:\/\/www.imcconsulting.it\/fr\/","logo":{"@type":"ImageObject","inLanguage":"fr-FR","@id":"https:\/\/www.imcconsulting.it\/fr\/#\/schema\/logo\/image\/","url":"https:\/\/www.imcconsulting.it\/wp-content\/uploads\/2023\/02\/IMC-logo-footer.png","contentUrl":"https:\/\/www.imcconsulting.it\/wp-content\/uploads\/2023\/02\/IMC-logo-footer.png","width":134,"height":91,"caption":"IMC Consulting"},"image":{"@id":"https:\/\/www.imcconsulting.it\/fr\/#\/schema\/logo\/image\/"}}]}},"_links":{"self":[{"href":"https:\/\/www.imcconsulting.it\/fr\/wp-json\/wp\/v2\/pages\/5069","targetHints":{"allow":["GET"]}}],"collection":[{"href":"https:\/\/www.imcconsulting.it\/fr\/wp-json\/wp\/v2\/pages"}],"about":[{"href":"https:\/\/www.imcconsulting.it\/fr\/wp-json\/wp\/v2\/types\/page"}],"author":[{"embeddable":true,"href":"https:\/\/www.imcconsulting.it\/fr\/wp-json\/wp\/v2\/users\/1"}],"replies":[{"embeddable":true,"href":"https:\/\/www.imcconsulting.it\/fr\/wp-json\/wp\/v2\/comments?post=5069"}],"version-history":[{"count":2,"href":"https:\/\/www.imcconsulting.it\/fr\/wp-json\/wp\/v2\/pages\/5069\/revisions"}],"predecessor-version":[{"id":5802,"href":"https:\/\/www.imcconsulting.it\/fr\/wp-json\/wp\/v2\/pages\/5069\/revisions\/5802"}],"wp:attachment":[{"href":"https:\/\/www.imcconsulting.it\/fr\/wp-json\/wp\/v2\/media?parent=5069"}],"curies":[{"name":"wp","href":"https:\/\/api.w.org\/{rel}","templated":true}]}}