{"id":4770,"date":"2023-02-02T13:52:02","date_gmt":"2023-02-02T13:52:02","guid":{"rendered":"https:\/\/www.imcconsulting.it\/contatti\/"},"modified":"2025-03-21T15:15:26","modified_gmt":"2025-03-21T15:15:26","slug":"contacte","status":"publish","type":"page","link":"https:\/\/www.imcconsulting.it\/fr\/contacte\/","title":{"rendered":"Contacte"},"content":{"rendered":"<section class=\"l-section wpb_row visore-interne contatti height_small\"><div class=\"l-section-h i-cf\"><div class=\"g-cols vc_row via_grid cols_1 laptops-cols_inherit tablets-cols_inherit mobiles-cols_1 valign_middle type_default stacking_default\"><div class=\"wpb_column vc_column_container\"><div class=\"vc_column-inner\"><div class=\"wpb_text_column\"><div class=\"wpb_wrapper\"><h1 style=\"text-align: center;\"><\/h1>\n<\/div><\/div><\/div><\/div><\/div><\/div><\/section><section class=\"l-section wpb_row height_small\"><div class=\"l-section-h i-cf\"><div class=\"g-cols vc_row via_grid cols_1 laptops-cols_inherit tablets-cols_inherit mobiles-cols_1 valign_top type_default stacking_default\"><div class=\"wpb_column vc_column_container\"><div class=\"vc_column-inner\"><div class=\"wpb_text_column\"><div class=\"wpb_wrapper\"><h2 style=\"text-align: center;\">O\u00f9 op\u00e9rons-nous<\/h2>\n<p style=\"text-align: center;\">Nous sommes pr\u00eats \u00e0 mettre \u00e0 votre disposition notre exp\u00e9rience de longue date dans diff\u00e9rentes nations, chacune sujette \u00e0 diff\u00e9rentes l\u00e9gislations et normes, avec des \u00e9quipes qui op\u00e8rent dans quatre langues<\/p>\n<\/div><\/div><\/div><\/div><\/div><\/div><\/section><section class=\"l-section wpb_row height_small\"><div class=\"l-section-h i-cf\"><div class=\"g-cols vc_row via_grid cols_2 laptops-cols_inherit tablets-cols_inherit mobiles-cols_1 valign_top type_default stacking_default\"><div class=\"wpb_column vc_column_container\"><div class=\"vc_column-inner\"><div class=\"w-image imc-contatti align_none\"><div class=\"w-image-h\"><img decoding=\"async\" width=\"660\" height=\"490\" src=\"https:\/\/www.imcconsulting.it\/wp-content\/uploads\/2023\/02\/img-contatti-1.jpg\" class=\"attachment-full size-full\" alt=\"\" loading=\"lazy\" srcset=\"https:\/\/www.imcconsulting.it\/wp-content\/uploads\/2023\/02\/img-contatti-1.jpg 660w, https:\/\/www.imcconsulting.it\/wp-content\/uploads\/2023\/02\/img-contatti-1-300x223.jpg 300w\" sizes=\"auto, (max-width: 660px) 100vw, 660px\" \/><\/div><\/div><div class=\"wpb_text_column anagrafica-contatti\"><div class=\"wpb_wrapper\"><p style=\"text-align: center;\"><strong>ROMA<\/strong><br \/>\n<strong>IMC Consulting S.r.l.<\/strong><\/p>\n<p style=\"text-align: center;\">Via di San Valentino, 34<br \/>\n00197 Roma \u2013 Italia<br \/>\nCell. +39 340 723 6529<br \/>\nEmail: <a href=\"mailto:info@imcconsulting.it\">info@imcconsulting.it<\/a><\/p>\n<\/div><\/div><\/div><\/div><div class=\"wpb_column vc_column_container\"><div class=\"vc_column-inner\"><div class=\"w-image imc-contatti align_none\"><div class=\"w-image-h\"><img decoding=\"async\" width=\"660\" height=\"490\" src=\"https:\/\/www.imcconsulting.it\/wp-content\/uploads\/2023\/02\/img-contatti-2.jpg\" class=\"attachment-full size-full\" alt=\"\" loading=\"lazy\" srcset=\"https:\/\/www.imcconsulting.it\/wp-content\/uploads\/2023\/02\/img-contatti-2.jpg 660w, https:\/\/www.imcconsulting.it\/wp-content\/uploads\/2023\/02\/img-contatti-2-300x223.jpg 300w\" sizes=\"auto, (max-width: 660px) 100vw, 660px\" \/><\/div><\/div><div class=\"wpb_text_column anagrafica-contatti\"><div class=\"wpb_wrapper\"><p style=\"text-align: center;\"><strong>NEW YORK<\/strong><br \/>\n<strong>IMC Consulting USA Corp.<\/strong><\/p>\n<p style=\"text-align: center;\">400 East 55th Street, Suite 15H<br \/>\nManhattan, New York, NY,<br \/>\n10022, USA<br \/>\nTel. +1 917 540 5292<br \/>\nEmail: <a href=\"mailto:imc.usa@imcconsulting.it\">imc.usa@imcconsulting.it<\/a><\/p>\n<\/div><\/div><\/div><\/div><\/div><\/div><\/section><section class=\"l-section wpb_row height_small\"><div class=\"l-section-h i-cf\"><div class=\"g-cols vc_row via_grid cols_1 laptops-cols_inherit tablets-cols_inherit mobiles-cols_1 valign_top type_default stacking_default\"><div class=\"wpb_column vc_column_container\"><div class=\"vc_column-inner\"><div class=\"wpb_text_column\"><div class=\"wpb_wrapper\"><p style=\"text-align: center;\">IMC Consulting est \u00e9galement pr\u00e9sente \u00e0 New York par le biais de sa collaboration avec IMC Consulting USA Corp., situ\u00e9e dans le prestigieux quartier de Manhattan.<br \/>\nIMC Consulting USA Corp. fournit \u00e0 ses clients am\u00e9ricains des services de conseil tant au niveau national qu\u2019international.<br \/>\nIMC Consulting USA Corp. fournit \u00e9galement \u00e0 ses clients europ\u00e9ens une assistance sur tout le territoire des \u00c9tats-Unis.<\/p>\n<\/div><\/div><\/div><\/div><\/div><\/div><\/section>\n","protected":false},"excerpt":{"rendered":"O\u00f9 op\u00e9rons-nous Nous sommes pr\u00eats \u00e0 mettre \u00e0 votre disposition notre exp\u00e9rience de longue date dans diff\u00e9rentes nations, chacune sujette \u00e0 diff\u00e9rentes l\u00e9gislations et normes, avec des \u00e9quipes qui op\u00e8rent dans quatre langues ROMA IMC Consulting S.r.l. Via di San Valentino, 34 00197 Roma \u2013 Italia Cell. +39 340 723 6529 Email: info@imcconsulting.it NEW YORK...","protected":false},"author":1,"featured_media":0,"parent":0,"menu_order":0,"comment_status":"closed","ping_status":"closed","template":"","meta":{"_acf_changed":false,"inline_featured_image":false,"iawp_total_views":42,"footnotes":""},"class_list":["post-4770","page","type-page","status-publish","hentry"],"acf":[],"yoast_head":"<!-- This site is optimized with the Yoast SEO plugin v25.7 - https:\/\/yoast.com\/wordpress\/plugins\/seo\/ -->\n<title>Contacte - IMC Consulting<\/title>\n<meta name=\"robots\" content=\"index, follow, max-snippet:-1, max-image-preview:large, max-video-preview:-1\" \/>\n<link rel=\"canonical\" href=\"https:\/\/www.imcconsulting.it\/fr\/contacte\/\" \/>\n<meta property=\"og:locale\" content=\"fr_FR\" \/>\n<meta property=\"og:type\" content=\"article\" \/>\n<meta property=\"og:title\" content=\"Contacte - IMC Consulting\" \/>\n<meta property=\"og:url\" content=\"https:\/\/www.imcconsulting.it\/fr\/contacte\/\" \/>\n<meta property=\"og:site_name\" content=\"IMC Consulting\" \/>\n<meta property=\"article:modified_time\" content=\"2025-03-21T15:15:26+00:00\" \/>\n<meta name=\"twitter:card\" content=\"summary_large_image\" \/>\n<meta name=\"twitter:label1\" content=\"Dur\u00e9e de lecture estim\u00e9e\" \/>\n\t<meta name=\"twitter:data1\" content=\"1 minute\" \/>\n<script type=\"application\/ld+json\" class=\"yoast-schema-graph\">{\"@context\":\"https:\/\/schema.org\",\"@graph\":[{\"@type\":\"WebPage\",\"@id\":\"https:\/\/www.imcconsulting.it\/fr\/contacte\/\",\"url\":\"https:\/\/www.imcconsulting.it\/fr\/contacte\/\",\"name\":\"Contacte - IMC Consulting\",\"isPartOf\":{\"@id\":\"https:\/\/www.imcconsulting.it\/fr\/#website\"},\"datePublished\":\"2023-02-02T13:52:02+00:00\",\"dateModified\":\"2025-03-21T15:15:26+00:00\",\"breadcrumb\":{\"@id\":\"https:\/\/www.imcconsulting.it\/fr\/contacte\/#breadcrumb\"},\"inLanguage\":\"fr-FR\",\"potentialAction\":[{\"@type\":\"ReadAction\",\"target\":[\"https:\/\/www.imcconsulting.it\/fr\/contacte\/\"]}]},{\"@type\":\"BreadcrumbList\",\"@id\":\"https:\/\/www.imcconsulting.it\/fr\/contacte\/#breadcrumb\",\"itemListElement\":[{\"@type\":\"ListItem\",\"position\":1,\"name\":\"Home\",\"item\":\"https:\/\/www.imcconsulting.it\/fr\/\"},{\"@type\":\"ListItem\",\"position\":2,\"name\":\"Contacte\"}]},{\"@type\":\"WebSite\",\"@id\":\"https:\/\/www.imcconsulting.it\/fr\/#website\",\"url\":\"https:\/\/www.imcconsulting.it\/fr\/\",\"name\":\"IMC Consulting\",\"description\":\"\",\"publisher\":{\"@id\":\"https:\/\/www.imcconsulting.it\/fr\/#organization\"},\"potentialAction\":[{\"@type\":\"SearchAction\",\"target\":{\"@type\":\"EntryPoint\",\"urlTemplate\":\"https:\/\/www.imcconsulting.it\/fr\/?s={search_term_string}\"},\"query-input\":{\"@type\":\"PropertyValueSpecification\",\"valueRequired\":true,\"valueName\":\"search_term_string\"}}],\"inLanguage\":\"fr-FR\"},{\"@type\":\"Organization\",\"@id\":\"https:\/\/www.imcconsulting.it\/fr\/#organization\",\"name\":\"IMC Consulting\",\"url\":\"https:\/\/www.imcconsulting.it\/fr\/\",\"logo\":{\"@type\":\"ImageObject\",\"inLanguage\":\"fr-FR\",\"@id\":\"https:\/\/www.imcconsulting.it\/fr\/#\/schema\/logo\/image\/\",\"url\":\"https:\/\/www.imcconsulting.it\/wp-content\/uploads\/2023\/02\/IMC-logo-footer.png\",\"contentUrl\":\"https:\/\/www.imcconsulting.it\/wp-content\/uploads\/2023\/02\/IMC-logo-footer.png\",\"width\":134,\"height\":91,\"caption\":\"IMC Consulting\"},\"image\":{\"@id\":\"https:\/\/www.imcconsulting.it\/fr\/#\/schema\/logo\/image\/\"}}]}<\/script>\n<!-- \/ Yoast SEO plugin. -->","yoast_head_json":{"title":"Contacte - IMC Consulting","robots":{"index":"index","follow":"follow","max-snippet":"max-snippet:-1","max-image-preview":"max-image-preview:large","max-video-preview":"max-video-preview:-1"},"canonical":"https:\/\/www.imcconsulting.it\/fr\/contacte\/","og_locale":"fr_FR","og_type":"article","og_title":"Contacte - IMC Consulting","og_url":"https:\/\/www.imcconsulting.it\/fr\/contacte\/","og_site_name":"IMC Consulting","article_modified_time":"2025-03-21T15:15:26+00:00","twitter_card":"summary_large_image","twitter_misc":{"Dur\u00e9e de lecture estim\u00e9e":"1 minute"},"schema":{"@context":"https:\/\/schema.org","@graph":[{"@type":"WebPage","@id":"https:\/\/www.imcconsulting.it\/fr\/contacte\/","url":"https:\/\/www.imcconsulting.it\/fr\/contacte\/","name":"Contacte - IMC Consulting","isPartOf":{"@id":"https:\/\/www.imcconsulting.it\/fr\/#website"},"datePublished":"2023-02-02T13:52:02+00:00","dateModified":"2025-03-21T15:15:26+00:00","breadcrumb":{"@id":"https:\/\/www.imcconsulting.it\/fr\/contacte\/#breadcrumb"},"inLanguage":"fr-FR","potentialAction":[{"@type":"ReadAction","target":["https:\/\/www.imcconsulting.it\/fr\/contacte\/"]}]},{"@type":"BreadcrumbList","@id":"https:\/\/www.imcconsulting.it\/fr\/contacte\/#breadcrumb","itemListElement":[{"@type":"ListItem","position":1,"name":"Home","item":"https:\/\/www.imcconsulting.it\/fr\/"},{"@type":"ListItem","position":2,"name":"Contacte"}]},{"@type":"WebSite","@id":"https:\/\/www.imcconsulting.it\/fr\/#website","url":"https:\/\/www.imcconsulting.it\/fr\/","name":"IMC Consulting","description":"","publisher":{"@id":"https:\/\/www.imcconsulting.it\/fr\/#organization"},"potentialAction":[{"@type":"SearchAction","target":{"@type":"EntryPoint","urlTemplate":"https:\/\/www.imcconsulting.it\/fr\/?s={search_term_string}"},"query-input":{"@type":"PropertyValueSpecification","valueRequired":true,"valueName":"search_term_string"}}],"inLanguage":"fr-FR"},{"@type":"Organization","@id":"https:\/\/www.imcconsulting.it\/fr\/#organization","name":"IMC Consulting","url":"https:\/\/www.imcconsulting.it\/fr\/","logo":{"@type":"ImageObject","inLanguage":"fr-FR","@id":"https:\/\/www.imcconsulting.it\/fr\/#\/schema\/logo\/image\/","url":"https:\/\/www.imcconsulting.it\/wp-content\/uploads\/2023\/02\/IMC-logo-footer.png","contentUrl":"https:\/\/www.imcconsulting.it\/wp-content\/uploads\/2023\/02\/IMC-logo-footer.png","width":134,"height":91,"caption":"IMC Consulting"},"image":{"@id":"https:\/\/www.imcconsulting.it\/fr\/#\/schema\/logo\/image\/"}}]}},"_links":{"self":[{"href":"https:\/\/www.imcconsulting.it\/fr\/wp-json\/wp\/v2\/pages\/4770","targetHints":{"allow":["GET"]}}],"collection":[{"href":"https:\/\/www.imcconsulting.it\/fr\/wp-json\/wp\/v2\/pages"}],"about":[{"href":"https:\/\/www.imcconsulting.it\/fr\/wp-json\/wp\/v2\/types\/page"}],"author":[{"embeddable":true,"href":"https:\/\/www.imcconsulting.it\/fr\/wp-json\/wp\/v2\/users\/1"}],"replies":[{"embeddable":true,"href":"https:\/\/www.imcconsulting.it\/fr\/wp-json\/wp\/v2\/comments?post=4770"}],"version-history":[{"count":5,"href":"https:\/\/www.imcconsulting.it\/fr\/wp-json\/wp\/v2\/pages\/4770\/revisions"}],"predecessor-version":[{"id":6795,"href":"https:\/\/www.imcconsulting.it\/fr\/wp-json\/wp\/v2\/pages\/4770\/revisions\/6795"}],"wp:attachment":[{"href":"https:\/\/www.imcconsulting.it\/fr\/wp-json\/wp\/v2\/media?parent=4770"}],"curies":[{"name":"wp","href":"https:\/\/api.w.org\/{rel}","templated":true}]}}