{"id":6919,"date":"2025-03-28T10:33:08","date_gmt":"2025-03-28T10:33:08","guid":{"rendered":"https:\/\/www.imcconsulting.it\/site-map\/"},"modified":"2025-03-28T11:29:13","modified_gmt":"2025-03-28T11:29:13","slug":"site-map","status":"publish","type":"page","link":"https:\/\/www.imcconsulting.it\/es\/site-map\/","title":{"rendered":"Site Map"},"content":{"rendered":"<section class=\"l-section wpb_row pg-site-map height_small\"><div class=\"l-section-h i-cf\"><div class=\"g-cols vc_row via_grid cols_3 laptops-cols_inherit tablets-cols_inherit mobiles-cols_1 valign_top type_default stacking_default\"><div class=\"wpb_column vc_column_container\"><div class=\"vc_column-inner\"><\/div><\/div><div class=\"wpb_column vc_column_container\"><div class=\"vc_column-inner\"><div class=\"w-image \/es align_none\"><a href=\"\/\" aria-label=\"logo_imc\" class=\"w-image-h\"><img decoding=\"async\" width=\"464\" height=\"310\" src=\"https:\/\/www.imcconsulting.it\/wp-content\/uploads\/2025\/03\/logo_imc.png\" class=\"attachment-full size-full\" alt=\"\" loading=\"lazy\" srcset=\"https:\/\/www.imcconsulting.it\/wp-content\/uploads\/2025\/03\/logo_imc.png 464w, https:\/\/www.imcconsulting.it\/wp-content\/uploads\/2025\/03\/logo_imc-300x200.png 300w\" sizes=\"auto, (max-width: 464px) 100vw, 464px\" \/><\/a><\/div><\/div><\/div><div class=\"wpb_column vc_column_container\"><div class=\"vc_column-inner\"><\/div><\/div><\/div><\/div><\/section><section class=\"l-section wpb_row pg-site-map height_small\"><div class=\"l-section-h i-cf\"><div class=\"g-cols vc_row via_grid cols_5 laptops-cols_inherit tablets-cols_inherit mobiles-cols_1 valign_top type_default stacking_default\"><div class=\"wpb_column vc_column_container\"><div class=\"vc_column-inner\"><nav class=\"w-menu layout_ver style_links us_menu_1 with_children\" style=\"--main-gap:1.5rem;--main-ver-indent:0.8em;--main-hor-indent:0.8em;--main-color:inherit;\"><ul id=\"menu-menu-footer-uno\" class=\"menu\"><li id=\"menu-item-94\" class=\"menu-item menu-item-type-post_type menu-item-object-page menu-item-94\"><a href=\"https:\/\/www.imcconsulting.it\/chi-siamo\/\">Quienes somos<\/a><\/li><li id=\"menu-item-93\" class=\"menu-item menu-item-type-post_type menu-item-object-page menu-item-93\"><a href=\"https:\/\/www.imcconsulting.it\/il-metodo\/\">El m\u00e9todo<\/a><\/li><\/ul><style>@media ( max-width:600px ){.us_menu_1 .menu{display:block!important}.us_menu_1 .menu>li{margin:0 0 var(--main-gap,1.5rem)!important}}<\/style><\/nav><\/div><\/div><div class=\"wpb_column vc_column_container\"><div class=\"vc_column-inner\"><nav class=\"w-menu layout_ver style_links us_menu_2 with_children\" style=\"--main-gap:1.5rem;--main-ver-indent:0.8em;--main-hor-indent:0.8em;--main-color:inherit;\"><ul id=\"menu-menu-footer-due\" class=\"menu\"><li id=\"menu-item-859\" class=\"menu-item menu-item-type-post_type menu-item-object-page menu-item-has-children menu-item-859\"><a href=\"https:\/\/www.imcconsulting.it\/i-clienti\/\">Los clientes<\/a><ul class=\"sub-menu\"><li id=\"menu-item-862\" class=\"menu-item menu-item-type-post_type menu-item-object-page menu-item-862\"><a href=\"https:\/\/www.imcconsulting.it\/i-clienti\/congregazioni-religiose\/\">Congregaciones religiosas<\/a><\/li><li id=\"menu-item-863\" class=\"menu-item menu-item-type-post_type menu-item-object-page menu-item-863\"><a href=\"https:\/\/www.imcconsulting.it\/i-clienti\/costruttori\/\">Constructores<\/a><\/li><li id=\"menu-item-860\" class=\"menu-item menu-item-type-post_type menu-item-object-page menu-item-860\"><a href=\"https:\/\/www.imcconsulting.it\/i-clienti\/ambasciate\/\">Embajadas<\/a><\/li><li id=\"menu-item-2217\" class=\"menu-item menu-item-type-post_type menu-item-object-page menu-item-2217\"><a href=\"https:\/\/www.imcconsulting.it\/i-clienti\/fondi-sovrani\/\">Fondos soberanos<\/a><\/li><li id=\"menu-item-864\" class=\"menu-item menu-item-type-post_type menu-item-object-page menu-item-864\"><a href=\"https:\/\/www.imcconsulting.it\/i-clienti\/enti-pubblici\/\">Entidades publicas<\/a><\/li><li id=\"menu-item-861\" class=\"menu-item menu-item-type-post_type menu-item-object-page menu-item-861\"><a href=\"https:\/\/www.imcconsulting.it\/i-clienti\/aziende\/\">Empresas<\/a><\/li><li id=\"menu-item-866\" class=\"menu-item menu-item-type-post_type menu-item-object-page menu-item-866\"><a href=\"https:\/\/www.imcconsulting.it\/i-clienti\/privati\/\">Privados<\/a><\/li><\/ul><\/li><\/ul><style>@media ( max-width:600px ){.us_menu_2 .menu{display:block!important}.us_menu_2 .menu>li{margin:0 0 var(--main-gap,1.5rem)!important}}<\/style><\/nav><\/div><\/div><div class=\"wpb_column vc_column_container\"><div class=\"vc_column-inner\"><nav class=\"w-menu layout_ver style_links us_menu_3 with_children\" style=\"--main-gap:1.5rem;--main-ver-indent:0.8em;--main-hor-indent:0.8em;--main-color:inherit;\"><ul id=\"menu-menu-footer-tre\" class=\"menu\"><li id=\"menu-item-867\" class=\"menu-item menu-item-type-post_type menu-item-object-page menu-item-has-children menu-item-867\"><a href=\"https:\/\/www.imcconsulting.it\/i-servizi\/\">los servicios<\/a><ul class=\"sub-menu\"><li id=\"menu-item-3220\" class=\"menu-item menu-item-type-post_type menu-item-object-page menu-item-3220\"><a href=\"https:\/\/www.imcconsulting.it\/i-servizi\/legal\/\">Legal<\/a><\/li><li id=\"menu-item-870\" class=\"menu-item menu-item-type-post_type menu-item-object-page menu-item-870\"><a href=\"https:\/\/www.imcconsulting.it\/i-servizi\/real-estate\/\">Real Estate<\/a><\/li><li id=\"menu-item-868\" class=\"menu-item menu-item-type-post_type menu-item-object-page menu-item-868\"><a href=\"https:\/\/www.imcconsulting.it\/i-servizi\/accounting-financial\/\">Cuentas &#038; Finanzas<\/a><\/li><\/ul><\/li><\/ul><style>@media ( max-width:600px ){.us_menu_3 .menu{display:block!important}.us_menu_3 .menu>li{margin:0 0 var(--main-gap,1.5rem)!important}}<\/style><\/nav><\/div><\/div><div class=\"wpb_column vc_column_container\"><div class=\"vc_column-inner\"><nav class=\"w-menu layout_ver style_links us_menu_4 with_children\" style=\"--main-gap:1.5rem;--main-ver-indent:0.8em;--main-hor-indent:0.8em;--main-color:inherit;\"><ul id=\"menu-menu-footer-quattro-es\" class=\"menu\"><li id=\"menu-item-6902\" class=\"menu-item menu-item-type-post_type menu-item-object-page menu-item-has-children menu-item-6902\"><a href=\"https:\/\/www.imcconsulting.it\/es\/las-propiedades\/\">Las propiedades<\/a><ul class=\"sub-menu\"><li id=\"menu-item-6903\" class=\"menu-item menu-item-type-post_type menu-item-object-page menu-item-6903\"><a href=\"https:\/\/www.imcconsulting.it\/es\/las-propiedades\/retail\/\">Retail<\/a><\/li><li id=\"menu-item-6904\" class=\"menu-item menu-item-type-post_type menu-item-object-page menu-item-6904\"><a href=\"https:\/\/www.imcconsulting.it\/es\/las-propiedades\/premium\/\">Premium<\/a><\/li><\/ul><\/li><li id=\"menu-item-6905\" class=\"menu-item menu-item-type-post_type menu-item-object-page menu-item-6905\"><a href=\"https:\/\/www.imcconsulting.it\/es\/news\/\">News<\/a><\/li><li id=\"menu-item-6906\" class=\"menu-item menu-item-type-post_type menu-item-object-page menu-item-6906\"><a href=\"https:\/\/www.imcconsulting.it\/es\/contactos\/\">Contactos<\/a><\/li><\/ul><style>@media ( max-width:600px ){.us_menu_4 .menu{display:block!important}.us_menu_4 .menu>li{margin:0 0 var(--main-gap,1.5rem)!important}}<\/style><\/nav><\/div><\/div><div class=\"wpb_column vc_column_container\"><div class=\"vc_column-inner\"><nav class=\"w-menu layout_ver style_links us_menu_5 with_children\" style=\"--main-gap:1.5rem;--main-ver-indent:0.8em;--main-hor-indent:0.8em;--main-color:inherit;\"><ul id=\"menu-menu-footer-cinque-es\" class=\"menu\"><li id=\"menu-item-6719\" class=\"menu-item menu-item-type-custom menu-item-object-custom menu-item-has-children menu-item-6719\"><a href=\"#\">Informaciones<\/a><ul class=\"sub-menu\"><li id=\"menu-item-6720\" class=\"menu-item menu-item-type-post_type menu-item-object-page menu-item-6720\"><a href=\"https:\/\/www.imcconsulting.it\/es\/politica-de-privacidad\/\">Pol\u00edtica de privacidad<\/a><\/li><li id=\"menu-item-6721\" class=\"menu-item menu-item-type-post_type menu-item-object-page menu-item-6721\"><a href=\"https:\/\/www.imcconsulting.it\/es\/aviso-juridico\/\">Aviso Jur\u00eddico<\/a><\/li><li id=\"menu-item-6722\" class=\"menu-item menu-item-type-post_type menu-item-object-page menu-item-6722\"><a href=\"https:\/\/www.imcconsulting.it\/es\/informacion-sobre-cookies\/\">Informaci\u00f3n sobre cookies<\/a><\/li><li id=\"menu-item-6723\" class=\"menu-item menu-item-type-custom menu-item-object-custom menu-item-6723\"><a target=\"_blank\" href=\"https:\/\/www.icsadv.com\/\">Credits<\/a><\/li><\/ul><\/li><\/ul><style>@media ( max-width:600px ){.us_menu_5 .menu{display:block!important}.us_menu_5 .menu>li{margin:0 0 var(--main-gap,1.5rem)!important}}<\/style><\/nav><\/div><\/div><\/div><\/div><\/section><section class=\"l-section wpb_row height_auto\"><div class=\"l-section-h i-cf\"><div class=\"g-cols vc_row via_grid cols_1 laptops-cols_inherit tablets-cols_inherit mobiles-cols_1 valign_top type_default stacking_default\"><div class=\"wpb_column vc_column_container\"><div class=\"vc_column-inner\"><div class=\"w-separator size_medium\"><\/div><\/div><\/div><\/div><\/div><\/section>\n","protected":false},"excerpt":{"rendered":"Quienes somosEl m\u00e9todoLos clientesCongregaciones religiosasConstructoresEmbajadasFondos soberanosEntidades publicasEmpresasPrivadoslos serviciosLegalReal EstateCuentas &#038; FinanzasLas propiedadesRetailPremiumNewsContactosInformacionesPol\u00edtica de privacidadAviso Jur\u00eddicoInformaci\u00f3n sobre cookiesCredits","protected":false},"author":1,"featured_media":0,"parent":0,"menu_order":0,"comment_status":"closed","ping_status":"closed","template":"","meta":{"_acf_changed":false,"inline_featured_image":false,"iawp_total_views":1,"footnotes":""},"class_list":["post-6919","page","type-page","status-publish","hentry"],"acf":[],"yoast_head":"<!-- This site is optimized with the Yoast SEO plugin v25.7 - https:\/\/yoast.com\/wordpress\/plugins\/seo\/ -->\n<title>Site Map - IMC Consulting<\/title>\n<meta name=\"robots\" content=\"index, follow, max-snippet:-1, max-image-preview:large, max-video-preview:-1\" \/>\n<link rel=\"canonical\" href=\"https:\/\/www.imcconsulting.it\/es\/site-map\/\" \/>\n<meta property=\"og:locale\" content=\"es_ES\" \/>\n<meta property=\"og:type\" content=\"article\" \/>\n<meta property=\"og:title\" content=\"Site Map - IMC Consulting\" \/>\n<meta property=\"og:url\" content=\"https:\/\/www.imcconsulting.it\/es\/site-map\/\" \/>\n<meta property=\"og:site_name\" content=\"IMC Consulting\" \/>\n<meta property=\"article:modified_time\" content=\"2025-03-28T11:29:13+00:00\" \/>\n<meta name=\"twitter:card\" content=\"summary_large_image\" \/>\n<meta name=\"twitter:label1\" content=\"Tiempo de lectura\" \/>\n\t<meta name=\"twitter:data1\" content=\"1 minuto\" \/>\n<script type=\"application\/ld+json\" class=\"yoast-schema-graph\">{\"@context\":\"https:\/\/schema.org\",\"@graph\":[{\"@type\":\"WebPage\",\"@id\":\"https:\/\/www.imcconsulting.it\/es\/site-map\/\",\"url\":\"https:\/\/www.imcconsulting.it\/es\/site-map\/\",\"name\":\"Site Map - IMC Consulting\",\"isPartOf\":{\"@id\":\"https:\/\/www.imcconsulting.it\/es\/#website\"},\"datePublished\":\"2025-03-28T10:33:08+00:00\",\"dateModified\":\"2025-03-28T11:29:13+00:00\",\"breadcrumb\":{\"@id\":\"https:\/\/www.imcconsulting.it\/es\/site-map\/#breadcrumb\"},\"inLanguage\":\"es\",\"potentialAction\":[{\"@type\":\"ReadAction\",\"target\":[\"https:\/\/www.imcconsulting.it\/es\/site-map\/\"]}]},{\"@type\":\"BreadcrumbList\",\"@id\":\"https:\/\/www.imcconsulting.it\/es\/site-map\/#breadcrumb\",\"itemListElement\":[{\"@type\":\"ListItem\",\"position\":1,\"name\":\"Home\",\"item\":\"https:\/\/www.imcconsulting.it\/es\/\"},{\"@type\":\"ListItem\",\"position\":2,\"name\":\"Site Map\"}]},{\"@type\":\"WebSite\",\"@id\":\"https:\/\/www.imcconsulting.it\/es\/#website\",\"url\":\"https:\/\/www.imcconsulting.it\/es\/\",\"name\":\"IMC Consulting\",\"description\":\"\",\"publisher\":{\"@id\":\"https:\/\/www.imcconsulting.it\/es\/#organization\"},\"potentialAction\":[{\"@type\":\"SearchAction\",\"target\":{\"@type\":\"EntryPoint\",\"urlTemplate\":\"https:\/\/www.imcconsulting.it\/es\/?s={search_term_string}\"},\"query-input\":{\"@type\":\"PropertyValueSpecification\",\"valueRequired\":true,\"valueName\":\"search_term_string\"}}],\"inLanguage\":\"es\"},{\"@type\":\"Organization\",\"@id\":\"https:\/\/www.imcconsulting.it\/es\/#organization\",\"name\":\"IMC Consulting\",\"url\":\"https:\/\/www.imcconsulting.it\/es\/\",\"logo\":{\"@type\":\"ImageObject\",\"inLanguage\":\"es\",\"@id\":\"https:\/\/www.imcconsulting.it\/es\/#\/schema\/logo\/image\/\",\"url\":\"https:\/\/www.imcconsulting.it\/wp-content\/uploads\/2023\/02\/IMC-logo-footer.png\",\"contentUrl\":\"https:\/\/www.imcconsulting.it\/wp-content\/uploads\/2023\/02\/IMC-logo-footer.png\",\"width\":134,\"height\":91,\"caption\":\"IMC Consulting\"},\"image\":{\"@id\":\"https:\/\/www.imcconsulting.it\/es\/#\/schema\/logo\/image\/\"}}]}<\/script>\n<!-- \/ Yoast SEO plugin. -->","yoast_head_json":{"title":"Site Map - IMC Consulting","robots":{"index":"index","follow":"follow","max-snippet":"max-snippet:-1","max-image-preview":"max-image-preview:large","max-video-preview":"max-video-preview:-1"},"canonical":"https:\/\/www.imcconsulting.it\/es\/site-map\/","og_locale":"es_ES","og_type":"article","og_title":"Site Map - IMC Consulting","og_url":"https:\/\/www.imcconsulting.it\/es\/site-map\/","og_site_name":"IMC Consulting","article_modified_time":"2025-03-28T11:29:13+00:00","twitter_card":"summary_large_image","twitter_misc":{"Tiempo de lectura":"1 minuto"},"schema":{"@context":"https:\/\/schema.org","@graph":[{"@type":"WebPage","@id":"https:\/\/www.imcconsulting.it\/es\/site-map\/","url":"https:\/\/www.imcconsulting.it\/es\/site-map\/","name":"Site Map - IMC Consulting","isPartOf":{"@id":"https:\/\/www.imcconsulting.it\/es\/#website"},"datePublished":"2025-03-28T10:33:08+00:00","dateModified":"2025-03-28T11:29:13+00:00","breadcrumb":{"@id":"https:\/\/www.imcconsulting.it\/es\/site-map\/#breadcrumb"},"inLanguage":"es","potentialAction":[{"@type":"ReadAction","target":["https:\/\/www.imcconsulting.it\/es\/site-map\/"]}]},{"@type":"BreadcrumbList","@id":"https:\/\/www.imcconsulting.it\/es\/site-map\/#breadcrumb","itemListElement":[{"@type":"ListItem","position":1,"name":"Home","item":"https:\/\/www.imcconsulting.it\/es\/"},{"@type":"ListItem","position":2,"name":"Site Map"}]},{"@type":"WebSite","@id":"https:\/\/www.imcconsulting.it\/es\/#website","url":"https:\/\/www.imcconsulting.it\/es\/","name":"IMC Consulting","description":"","publisher":{"@id":"https:\/\/www.imcconsulting.it\/es\/#organization"},"potentialAction":[{"@type":"SearchAction","target":{"@type":"EntryPoint","urlTemplate":"https:\/\/www.imcconsulting.it\/es\/?s={search_term_string}"},"query-input":{"@type":"PropertyValueSpecification","valueRequired":true,"valueName":"search_term_string"}}],"inLanguage":"es"},{"@type":"Organization","@id":"https:\/\/www.imcconsulting.it\/es\/#organization","name":"IMC Consulting","url":"https:\/\/www.imcconsulting.it\/es\/","logo":{"@type":"ImageObject","inLanguage":"es","@id":"https:\/\/www.imcconsulting.it\/es\/#\/schema\/logo\/image\/","url":"https:\/\/www.imcconsulting.it\/wp-content\/uploads\/2023\/02\/IMC-logo-footer.png","contentUrl":"https:\/\/www.imcconsulting.it\/wp-content\/uploads\/2023\/02\/IMC-logo-footer.png","width":134,"height":91,"caption":"IMC Consulting"},"image":{"@id":"https:\/\/www.imcconsulting.it\/es\/#\/schema\/logo\/image\/"}}]}},"_links":{"self":[{"href":"https:\/\/www.imcconsulting.it\/es\/wp-json\/wp\/v2\/pages\/6919","targetHints":{"allow":["GET"]}}],"collection":[{"href":"https:\/\/www.imcconsulting.it\/es\/wp-json\/wp\/v2\/pages"}],"about":[{"href":"https:\/\/www.imcconsulting.it\/es\/wp-json\/wp\/v2\/types\/page"}],"author":[{"embeddable":true,"href":"https:\/\/www.imcconsulting.it\/es\/wp-json\/wp\/v2\/users\/1"}],"replies":[{"embeddable":true,"href":"https:\/\/www.imcconsulting.it\/es\/wp-json\/wp\/v2\/comments?post=6919"}],"version-history":[{"count":2,"href":"https:\/\/www.imcconsulting.it\/es\/wp-json\/wp\/v2\/pages\/6919\/revisions"}],"predecessor-version":[{"id":6934,"href":"https:\/\/www.imcconsulting.it\/es\/wp-json\/wp\/v2\/pages\/6919\/revisions\/6934"}],"wp:attachment":[{"href":"https:\/\/www.imcconsulting.it\/es\/wp-json\/wp\/v2\/media?parent=6919"}],"curies":[{"name":"wp","href":"https:\/\/api.w.org\/{rel}","templated":true}]}}