{"id":5079,"date":"2023-07-21T10:26:24","date_gmt":"2023-07-21T10:26:24","guid":{"rendered":"https:\/\/www.imcconsulting.it\/informativa-cookie\/"},"modified":"2024-02-19T09:42:05","modified_gmt":"2024-02-19T09:42:05","slug":"informacion-sobre-cookies","status":"publish","type":"page","link":"https:\/\/www.imcconsulting.it\/es\/informacion-sobre-cookies\/","title":{"rendered":"Informaci\u00f3n sobre cookies"},"content":{"rendered":"<section class=\"l-section wpb_row height_small\"><div class=\"l-section-h i-cf\"><div class=\"g-cols vc_row via_grid cols_1 laptops-cols_inherit tablets-cols_inherit mobiles-cols_1 valign_top type_default stacking_default\"><div class=\"wpb_column vc_column_container\"><div class=\"vc_column-inner\"><div class=\"wpb_text_column\"><div class=\"wpb_wrapper\"><h3>Informaci\u00f3n sobre cookies<\/h3>\n<p><strong>COOKIE<\/strong><\/p>\n<p>Para que nuestro Sitio sea m\u00e1s f\u00e1cil e intuitivo, utilizamos cookies. Las cookies son peque\u00f1os datos que nos permiten comparar visitantes nuevos y pasados y comprender c\u00f3mo los usuarios navegan a trav\u00e9s de nuestro Sitio.\u00a0 Utilizamos los datos recopilados a trav\u00e9s de las cookies para que la experiencia de navegaci\u00f3n sea m\u00e1s agradable y m\u00e1s eficiente en el futuro.<\/p>\n<p>Las cookies no registran ninguna informaci\u00f3n personal sobre un usuario y no se almacenar\u00e1 ning\u00fan dato identificable. Si desea deshabilitar el uso de cookies, debe personalizar la configuraci\u00f3n de su computadora configurando la cancelaci\u00f3n de todas las cookies o activando un mensaje de advertencia cuando se almacenan las cookies.\u00a0 Para continuar sin cambiar la aplicaci\u00f3n de cookies, simplemente contin\u00fae navegando.<\/p>\n<p>Visita\u00a0<u>AboutCookies.org<\/u>\u00a0para obtener m\u00e1s informaci\u00f3n sobre las cookies y c\u00f3mo afectan su experiencia de navegaci\u00f3n.<\/p>\n<h4><strong>Los tipos de cookies que usamos<\/strong><\/h4>\n<p><strong>Cookies esenciales<\/strong><\/p>\n<p>Estas cookies son esenciales para permitirle moverse por el sitio y hacer un uso completo de sus caracter\u00edsticas, como el acceso a las diversas \u00e1reas protegidas del sitio. Sin estas cookies, algunos servicios necesarios, como llenar un formulario para una competencia, no se pueden usar.<\/p>\n<p><strong>Cookies de rendimiento<\/strong><\/p>\n<p>Estas cookies recopilan informaci\u00f3n sobre c\u00f3mo los usuarios usan un sitio web, por ejemplo, qu\u00e9 p\u00e1ginas son las m\u00e1s visitadas, si recibe mensajes de error de p\u00e1ginas web. Estas cookies no recopilan informaci\u00f3n que identifique a un visitante. Toda la informaci\u00f3n recopilada a trav\u00e9s de las cookies se agrega y, por lo tanto, es an\u00f3nima. Se usan solo para mejorar el funcionamiento de un sitio web.<\/p>\n<p>Al usar nuestro sitio, usted acepta que estas cookies se pueden instalar en su dispositivo.<\/p>\n<p><strong>Cookies de funcionalidad<\/strong><\/p>\n<p>Las cookies permiten que el sitio recuerde las elecciones realizadas por el usuario (como el nombre, el idioma o la regi\u00f3n de origen) y proporciona funciones avanzadas personalizadas. Estas cookies tambi\u00e9n se pueden utilizar para recordar los cambios realizados en el tama\u00f1o del texto, las fuentes y otras partes de las p\u00e1ginas web que se pueden personalizar. Tambi\u00e9n se pueden usar para brindar servicios sobre c\u00f3mo ver videos o comentarios en un blog. La informaci\u00f3n recopilada de este tipo de cookies puede hacerse an\u00f3nima y no puede controlar su actividad de navegaci\u00f3n en otros sitios web.<\/p>\n<p>Al usar nuestro sitio, usted acepta que estas cookies se pueden instalar en su dispositivo.<\/p>\n<p><strong>C\u00f3mo administrar las cookies en su ordenador<\/strong><\/p>\n<p>Si desea permitir las cookies de nuestro sitio, siga los pasos a continuaci\u00f3n:<\/p>\n<p><strong>Google Chrome<\/strong><br \/>\n1. Haga clic en \u00abHerramientas\u00bb en la parte superior de la ventana del navegador y seleccione Opciones<br \/>\n2. Haga clic en la pesta\u00f1a \u2018Smashed Stuff\u2019, encuentre la secci\u00f3n \u2018Privacidad\u2019 y seleccione el bot\u00f3n \u00abConfiguraci\u00f3n de contenido\u00bb<br \/>\n3. Ahora seleccione \u2018Permitir que se establezcan datos locales\u2019.<\/p>\n<p><strong>Microsoft Internet Explorer 6.0, 7.0, 8.0, 9.0<br \/>\n<\/strong>1. Haga clic en \u00abHerramientas\u00bb en la parte superior de la ventana del navegador y seleccione \u00abOpciones de Internet\u00bb, luego haga clic en la pesta\u00f1a \u00abPrivacidad\u00bb<br \/>\n2. Para habilitar las cookies en su navegador, aseg\u00farese de que su nivel de privacidad est\u00e9 configurado en Medio o por debajo,<br \/>\n3. Establecer el nivel de privacidad por encima del Medio desactivar\u00e1 el uso de cookies.<\/p>\n<p><strong>Mozilla Firefox<br \/>\n<\/strong>1. Haga clic en \u00abHerramientas\u00bb en la parte superior de la ventana del navegador y seleccione \u00abOpciones\u00bb<br \/>\n2. Luego selecciona el icono de Privacidad<br \/>\n3. Haga clic en Cookies, luego seleccione \u2018permitir que los sitios usen cookies\u2019.<\/p>\n<p><strong>Safari<\/strong><br \/>\n1. Haga clic en el icono Cog en la parte superior de la ventana del navegador y seleccione la opci\u00f3n \u00abPreferencias\u00bb<br \/>\n2. Haga clic en \u2018Protecci\u00f3n\u2019, seleccione la opci\u00f3n que dice \u2018Bloquear cookies publicitarias y de terceros\u2019.<br \/>\n3. Haga clic en \u2018Guardar\u2019<\/p>\n<p><strong>C\u00f3mo administrar las cookies en Mac<\/strong><\/p>\n<p>Si desea permitir las cookies de nuestro sitio, siga los pasos a continuaci\u00f3n:<\/p>\n<p><strong>Microsoft Internet Explorer 5.0 en OSX<br \/>\n<\/strong>1. Haga clic en \u2018Explorar\u2019 en la parte superior de la ventana del navegador y seleccione la opci\u00f3n \u00abPreferencias\u00bb<br \/>\n2. Despl\u00e1cese hacia abajo hasta que vea \u00abCookies\u00bb en la secci\u00f3n Archivo de recepci\u00f3n<br \/>\n3. Seleccione la opci\u00f3n \u2018No preguntar\u2019.<\/p>\n<p><strong>Safari en OSX<br \/>\n<\/strong>1. Haga clic en \u2018Safari\u2019 en la parte superior de la ventana del navegador y seleccione la opci\u00f3n \u00abPreferencias\u00bb<br \/>\n2. Haga clic en \u2018Seguridad\u2019 y luego \u2018Aceptar cookies<br \/>\n3. Seleccione \u00abSolo desde el sitio\u00bb.<\/p>\n<p><strong>Mozilla y Netscape en OSX<br \/>\n<\/strong>1. Haga clic en \u2018Mozilla\u2019 o \u2018Netscape\u2019 en la parte superior de la ventana del navegador y seleccione la opci\u00f3n \u00abPreferencias\u00bb<br \/>\n2. Despl\u00e1cese hacia abajo hasta que vea las cookies en \u2018Privacidad y seguridad\u2019<br \/>\n3. Seleccione \u2018Habilitar cookies solo para el sitio de origen\u2019.<\/p>\n<p><strong>Opera<br \/>\n<\/strong>1. Haga clic en \u2018Men\u00fa\u2019 en la parte superior de la ventana del navegador y seleccione \u00abConfiguraci\u00f3n\u00bb<br \/>\n2. Luego selecciona \u00abPreferencias\u00bb, selecciona la pesta\u00f1a \u00abAvanzado\u00bb<br \/>\n3. A continuaci\u00f3n, seleccione la opci\u00f3n \u2018Aceptar cookies\u2019.<\/p>\n<p><strong>Google Analytics<br \/>\n<\/strong>Este sitio web utiliza Google Analytics, un servicio de an\u00e1lisis web proporcionado por Google, Inc.\u00a0 (\u00abGoogle\u00bb). Google Analytics utiliza \u00abcookies\u00bb, que son archivos de texto ubicados en su computadora para permitir que el sitio web analice c\u00f3mo los usuarios usan el sitio. La informaci\u00f3n generada por la cookie sobre su uso del sitio web (incluida su direcci\u00f3n IP an\u00f3nima) ser\u00e1 transmitida y almacenada por Google en servidores en los Estados Unidos. Google utilizar\u00e1 esta informaci\u00f3n con el fin de examinar su uso del sitio web, compilar informes sobre la actividad del sitio web para los operadores del sitio web y proporcionar otros servicios relacionados con la actividad del sitio web y el uso de Internet. Google tambi\u00e9n puede transferir esta informaci\u00f3n a terceros cuando as\u00ed lo exija la ley o cuando dichos terceros procesen la informaci\u00f3n en nombre de Google.\u00a0 Google no asociar\u00e1 su direcci\u00f3n IP con ning\u00fan otro dato en poder de Google. Puede negarse a utilizar cookies seleccionando la configuraci\u00f3n adecuada en su navegador, pero tenga en cuenta que si lo hace, es posible que no pueda utilizar todas las caracter\u00edsticas de este sitio web. Al utilizar este sitio web, usted acepta el procesamiento de sus datos por parte de Google de la manera y para los fines establecidos anteriormente.<\/p>\n<p>Puede evitar que Google detecte una cookie que se genera debido y relacionada con su uso de este sitio web (incluida su direcci\u00f3n IP) y el procesamiento de dichos datos mediante la descarga e instalaci\u00f3n de este complemento de navegador:\u00a0<a href=\"http:\/\/tools.google.com\/dlpage\/gaoptout?hl=en\">http:\/\/tools.google.com\/dlpage\/gaoptout?hl=en<\/a><\/p>\n<\/div><\/div><\/div><\/div><\/div><\/div><\/section>\n","protected":false},"excerpt":{"rendered":"Informaci\u00f3n sobre cookies COOKIE Para que nuestro Sitio sea m\u00e1s f\u00e1cil e intuitivo, utilizamos cookies. Las cookies son peque\u00f1os datos que nos permiten comparar visitantes nuevos y pasados y comprender c\u00f3mo los usuarios navegan a trav\u00e9s de nuestro Sitio.\u00a0 Utilizamos los datos recopilados a trav\u00e9s de las cookies para que la experiencia de navegaci\u00f3n sea...","protected":false},"author":1,"featured_media":0,"parent":0,"menu_order":0,"comment_status":"closed","ping_status":"closed","template":"","meta":{"_acf_changed":false,"inline_featured_image":false,"iawp_total_views":1,"footnotes":""},"class_list":["post-5079","page","type-page","status-publish","hentry"],"acf":[],"yoast_head":"<!-- This site is optimized with the Yoast SEO plugin v25.7 - https:\/\/yoast.com\/wordpress\/plugins\/seo\/ -->\n<title>Informaci\u00f3n sobre cookies - IMC Consulting<\/title>\n<meta name=\"robots\" content=\"index, follow, max-snippet:-1, max-image-preview:large, max-video-preview:-1\" \/>\n<link rel=\"canonical\" href=\"https:\/\/www.imcconsulting.it\/es\/informacion-sobre-cookies\/\" \/>\n<meta property=\"og:locale\" content=\"es_ES\" \/>\n<meta property=\"og:type\" content=\"article\" \/>\n<meta property=\"og:title\" content=\"Informaci\u00f3n sobre cookies - IMC Consulting\" \/>\n<meta property=\"og:url\" content=\"https:\/\/www.imcconsulting.it\/es\/informacion-sobre-cookies\/\" \/>\n<meta property=\"og:site_name\" content=\"IMC Consulting\" \/>\n<meta property=\"article:modified_time\" content=\"2024-02-19T09:42:05+00:00\" \/>\n<meta name=\"twitter:card\" content=\"summary_large_image\" \/>\n<meta name=\"twitter:label1\" content=\"Tiempo de lectura\" \/>\n\t<meta name=\"twitter:data1\" content=\"6 minutos\" \/>\n<script type=\"application\/ld+json\" class=\"yoast-schema-graph\">{\"@context\":\"https:\/\/schema.org\",\"@graph\":[{\"@type\":\"WebPage\",\"@id\":\"https:\/\/www.imcconsulting.it\/es\/informacion-sobre-cookies\/\",\"url\":\"https:\/\/www.imcconsulting.it\/es\/informacion-sobre-cookies\/\",\"name\":\"Informaci\u00f3n sobre cookies - IMC Consulting\",\"isPartOf\":{\"@id\":\"https:\/\/www.imcconsulting.it\/es\/#website\"},\"datePublished\":\"2023-07-21T10:26:24+00:00\",\"dateModified\":\"2024-02-19T09:42:05+00:00\",\"breadcrumb\":{\"@id\":\"https:\/\/www.imcconsulting.it\/es\/informacion-sobre-cookies\/#breadcrumb\"},\"inLanguage\":\"es\",\"potentialAction\":[{\"@type\":\"ReadAction\",\"target\":[\"https:\/\/www.imcconsulting.it\/es\/informacion-sobre-cookies\/\"]}]},{\"@type\":\"BreadcrumbList\",\"@id\":\"https:\/\/www.imcconsulting.it\/es\/informacion-sobre-cookies\/#breadcrumb\",\"itemListElement\":[{\"@type\":\"ListItem\",\"position\":1,\"name\":\"Home\",\"item\":\"https:\/\/www.imcconsulting.it\/es\/\"},{\"@type\":\"ListItem\",\"position\":2,\"name\":\"Informaci\u00f3n sobre cookies\"}]},{\"@type\":\"WebSite\",\"@id\":\"https:\/\/www.imcconsulting.it\/es\/#website\",\"url\":\"https:\/\/www.imcconsulting.it\/es\/\",\"name\":\"IMC Consulting\",\"description\":\"\",\"publisher\":{\"@id\":\"https:\/\/www.imcconsulting.it\/es\/#organization\"},\"potentialAction\":[{\"@type\":\"SearchAction\",\"target\":{\"@type\":\"EntryPoint\",\"urlTemplate\":\"https:\/\/www.imcconsulting.it\/es\/?s={search_term_string}\"},\"query-input\":{\"@type\":\"PropertyValueSpecification\",\"valueRequired\":true,\"valueName\":\"search_term_string\"}}],\"inLanguage\":\"es\"},{\"@type\":\"Organization\",\"@id\":\"https:\/\/www.imcconsulting.it\/es\/#organization\",\"name\":\"IMC Consulting\",\"url\":\"https:\/\/www.imcconsulting.it\/es\/\",\"logo\":{\"@type\":\"ImageObject\",\"inLanguage\":\"es\",\"@id\":\"https:\/\/www.imcconsulting.it\/es\/#\/schema\/logo\/image\/\",\"url\":\"https:\/\/www.imcconsulting.it\/wp-content\/uploads\/2023\/02\/IMC-logo-footer.png\",\"contentUrl\":\"https:\/\/www.imcconsulting.it\/wp-content\/uploads\/2023\/02\/IMC-logo-footer.png\",\"width\":134,\"height\":91,\"caption\":\"IMC Consulting\"},\"image\":{\"@id\":\"https:\/\/www.imcconsulting.it\/es\/#\/schema\/logo\/image\/\"}}]}<\/script>\n<!-- \/ Yoast SEO plugin. -->","yoast_head_json":{"title":"Informaci\u00f3n sobre cookies - IMC Consulting","robots":{"index":"index","follow":"follow","max-snippet":"max-snippet:-1","max-image-preview":"max-image-preview:large","max-video-preview":"max-video-preview:-1"},"canonical":"https:\/\/www.imcconsulting.it\/es\/informacion-sobre-cookies\/","og_locale":"es_ES","og_type":"article","og_title":"Informaci\u00f3n sobre cookies - IMC Consulting","og_url":"https:\/\/www.imcconsulting.it\/es\/informacion-sobre-cookies\/","og_site_name":"IMC Consulting","article_modified_time":"2024-02-19T09:42:05+00:00","twitter_card":"summary_large_image","twitter_misc":{"Tiempo de lectura":"6 minutos"},"schema":{"@context":"https:\/\/schema.org","@graph":[{"@type":"WebPage","@id":"https:\/\/www.imcconsulting.it\/es\/informacion-sobre-cookies\/","url":"https:\/\/www.imcconsulting.it\/es\/informacion-sobre-cookies\/","name":"Informaci\u00f3n sobre cookies - IMC Consulting","isPartOf":{"@id":"https:\/\/www.imcconsulting.it\/es\/#website"},"datePublished":"2023-07-21T10:26:24+00:00","dateModified":"2024-02-19T09:42:05+00:00","breadcrumb":{"@id":"https:\/\/www.imcconsulting.it\/es\/informacion-sobre-cookies\/#breadcrumb"},"inLanguage":"es","potentialAction":[{"@type":"ReadAction","target":["https:\/\/www.imcconsulting.it\/es\/informacion-sobre-cookies\/"]}]},{"@type":"BreadcrumbList","@id":"https:\/\/www.imcconsulting.it\/es\/informacion-sobre-cookies\/#breadcrumb","itemListElement":[{"@type":"ListItem","position":1,"name":"Home","item":"https:\/\/www.imcconsulting.it\/es\/"},{"@type":"ListItem","position":2,"name":"Informaci\u00f3n sobre cookies"}]},{"@type":"WebSite","@id":"https:\/\/www.imcconsulting.it\/es\/#website","url":"https:\/\/www.imcconsulting.it\/es\/","name":"IMC Consulting","description":"","publisher":{"@id":"https:\/\/www.imcconsulting.it\/es\/#organization"},"potentialAction":[{"@type":"SearchAction","target":{"@type":"EntryPoint","urlTemplate":"https:\/\/www.imcconsulting.it\/es\/?s={search_term_string}"},"query-input":{"@type":"PropertyValueSpecification","valueRequired":true,"valueName":"search_term_string"}}],"inLanguage":"es"},{"@type":"Organization","@id":"https:\/\/www.imcconsulting.it\/es\/#organization","name":"IMC Consulting","url":"https:\/\/www.imcconsulting.it\/es\/","logo":{"@type":"ImageObject","inLanguage":"es","@id":"https:\/\/www.imcconsulting.it\/es\/#\/schema\/logo\/image\/","url":"https:\/\/www.imcconsulting.it\/wp-content\/uploads\/2023\/02\/IMC-logo-footer.png","contentUrl":"https:\/\/www.imcconsulting.it\/wp-content\/uploads\/2023\/02\/IMC-logo-footer.png","width":134,"height":91,"caption":"IMC Consulting"},"image":{"@id":"https:\/\/www.imcconsulting.it\/es\/#\/schema\/logo\/image\/"}}]}},"_links":{"self":[{"href":"https:\/\/www.imcconsulting.it\/es\/wp-json\/wp\/v2\/pages\/5079","targetHints":{"allow":["GET"]}}],"collection":[{"href":"https:\/\/www.imcconsulting.it\/es\/wp-json\/wp\/v2\/pages"}],"about":[{"href":"https:\/\/www.imcconsulting.it\/es\/wp-json\/wp\/v2\/types\/page"}],"author":[{"embeddable":true,"href":"https:\/\/www.imcconsulting.it\/es\/wp-json\/wp\/v2\/users\/1"}],"replies":[{"embeddable":true,"href":"https:\/\/www.imcconsulting.it\/es\/wp-json\/wp\/v2\/comments?post=5079"}],"version-history":[{"count":3,"href":"https:\/\/www.imcconsulting.it\/es\/wp-json\/wp\/v2\/pages\/5079\/revisions"}],"predecessor-version":[{"id":6009,"href":"https:\/\/www.imcconsulting.it\/es\/wp-json\/wp\/v2\/pages\/5079\/revisions\/6009"}],"wp:attachment":[{"href":"https:\/\/www.imcconsulting.it\/es\/wp-json\/wp\/v2\/media?parent=5079"}],"curies":[{"name":"wp","href":"https:\/\/api.w.org\/{rel}","templated":true}]}}