{"id":5071,"date":"2023-07-21T10:15:09","date_gmt":"2023-07-21T10:15:09","guid":{"rendered":"https:\/\/www.imcconsulting.it\/privacy-policy\/"},"modified":"2024-02-19T09:42:32","modified_gmt":"2024-02-19T09:42:32","slug":"politica-de-privacidad","status":"publish","type":"page","link":"https:\/\/www.imcconsulting.it\/es\/politica-de-privacidad\/","title":{"rendered":"Pol\u00edtica de privacidad"},"content":{"rendered":"<section class=\"l-section wpb_row height_small\"><div class=\"l-section-h i-cf\"><div class=\"g-cols vc_row via_grid cols_1 laptops-cols_inherit tablets-cols_inherit mobiles-cols_1 valign_top type_default stacking_default\"><div class=\"wpb_column vc_column_container\"><div class=\"vc_column-inner\"><div class=\"wpb_text_column\"><div class=\"wpb_wrapper\"><h3>POL\u00cdTICA DE PRIVACIDAD IMC Consulting S.r.l.<\/h3>\n<p>En esta p\u00e1gina se describen las modalidades de gesti\u00f3n del Sitio en relaci\u00f3n con el tratamiento de datos personales de los usuarios que lo consultan.<\/p>\n<p>Se trata de una informaci\u00f3n que tambi\u00e9n se proporciona de conformidad con el Art. 15 y siguientes del Reglamento de la UE n. 679\/2016 \u2013 C\u00f3digo de privacidad para aquellos que interact\u00faan con los servicios web de IMC Consulting s.r.l. accesible por v\u00eda electr\u00f3nica desde la direcci\u00f3n:<\/p>\n<p><a href=\"http:\/\/www.imcconsulting.it\/\" target=\"_blank\" rel=\"noopener\">http:\/\/www.imcconsulting.it<\/a><\/p>\n<p>correspondiente a la p\u00e1gina de inicio del Sitio web oficial de IMC Consulting.<\/p>\n<p>La informaci\u00f3n se aplica s\u00f3lo a la web de la empresa y no a otros sitios web accesibles a trav\u00e9s de enlaces.<\/p>\n<p>Esta declaraci\u00f3n se solicita en la Recomendaci\u00f3n n\u00fam. 2\/2001 por las autoridades europeas de protecci\u00f3n de los datos personales recogidos por el Grupo establecido por el Art. 29 de la Directiva 95\/46\/CE, adoptada el 17 de mayo de 2001 para establecer los requisitos m\u00ednimos para la recogida de datos personales en l\u00ednea, y, en particular, la forma, el calendario y la naturaleza de la informaci\u00f3n que los responsables del tratamiento deben suministrar a los usuarios cuando inician sesi\u00f3n, independientemente del prop\u00f3sito del enlace.<\/p>\n<h3>Informaci\u00f3n de conformidad con el Art. 15 y siguientes del Reglamento de la UE n. 679\/2016<\/h3>\n<p><strong>EL \u00abTITULAR\u00bb DEL TRATAMIENTO<\/strong><\/p>\n<p>El Sitio es accesible para los usuarios sin la necesidad de proporcionar sus datos personales; sin embargo, despu\u00e9s de la consulta de este Sitio, se pueden procesar los datos relacionados con individuos identificados o identificables.<\/p>\n<p>El \u00abTitular\u00bb del tratamiento de los datos personales es IMC Consulting s.r.l., que tiene sede en Via di San Valentino, 34, 00197 Roma \u2013 Italia.<\/p>\n<p>&nbsp;<\/p>\n<p><strong>LUGAR, FINALIDAD Y MODALIDAD DEL TRATAMIENTO DE LOS DATOS<\/strong><\/p>\n<p>Los tratamientos relacionados con los servicios web ofrecidos por este Sitio se llevan a cabo en la sede de la Sociedad titular del tratamiento y est\u00e1n cuidados solo por los colaboradores o socios de IMC Consulting s.r.l. encargados del tratamiento, o por eventuales encargados de ocasionales operaciones de mantenimiento.<\/p>\n<p>De conformidad con el art\u00edculo 15 y siguientes del Reglamento de la UE n. 679\/2016, recordamos que los datos proporcionados por los usuarios ser\u00e1n procesados para los siguientes prop\u00f3sitos: solicitud de informaci\u00f3n.<\/p>\n<p>Ning\u00fan dato derivado del servicio web es comunicado o difundido.<\/p>\n<p>El usuario es libre de proporcionar los datos personales contenidos en los formularios de solicitud a la Sociedad. Si no se proporcionan los datos obligatorios, marcados con un asterisco, puede que sea imposible procesar los datos y, por lo tanto, responder.<\/p>\n<p>En aras de la exhaustividad, debe se\u00f1alarse que en algunos casos la Autoridad puede solicitar noticias e informaci\u00f3n de conformidad con el Art. 153 del Decreto Legislativo N. 196\/2003, con el fin de controlar el tratamiento de datos personales. En estos casos, la respuesta es obligatoria bajo pena de sanci\u00f3n administrativa.<\/p>\n<p>&nbsp;<\/p>\n<p><strong>TIPOLOG\u00cdA DE DATOS TRATADOS<\/strong><\/p>\n<p><strong>Datos relativos a la navegaci\u00f3n<\/strong><\/p>\n<p>Los sistemas inform\u00e1ticos y los procedimientos software utilizados para operar en este Sitio web adquieren, durante su normal funcionamiento, algunos datos personales cuya transmisi\u00f3n est\u00e1 impl\u00edcita en el uso de los protocolos de comunicaci\u00f3n de Internet.<\/p>\n<p>Se trata de informaciones que no han sido recogidas para ser asociadas a interesados identificados, pero que por su propia naturaleza podr\u00edan, a trav\u00e9s de elaboraciones y asociaciones con datos detenidos por terceros, permitir la identificaci\u00f3n de los usuarios, llevado a cabo solo con la solicitud expl\u00edcita de la autoridad judicial.<\/p>\n<p>En esta categor\u00eda de datos entran las direcciones IP de los ordenadores utilizados por los usuarios que se conectan al sitio, URI (Uniform Resource Identifier) de los recursos solicitados, el momento de la solicitud, el m\u00e9todo utilizado para enviar la solicitud al servidor, el tama\u00f1o del archivo obtenido en respuesta, el c\u00f3digo num\u00e9rico que indica el estado de la respuesta desde el servidor (\u00e9xito, error, etc.) y otros par\u00e1metros relacionados con el sistema operativo y el entorno inform\u00e1tico.<\/p>\n<p>Estos datos, en cualquier caso, eliminados inmediatamente despu\u00e9s del procesamiento, son utilizados por IMC Consulting s.r.l. con el \u00fanico prop\u00f3sito de obtener informaciones estad\u00edsticas an\u00f3nimas sobre el uso del Sitio y para comprobar su correcto funcionamiento.<\/p>\n<p>Podr\u00edan utilizarse para determinar la responsabilidad en caso de hipot\u00e9ticos delitos inform\u00e1ticos en detrimento del sitio: a excepci\u00f3n de esta posibilidad, los datos en los contactos web no persisten durante m\u00e1s de siete d\u00edas.<\/p>\n<p><strong>Datos proporcionados voluntariamente por el usuario<\/strong><\/p>\n<p>El env\u00edo facultativo, expl\u00edcito y voluntario de correos electr\u00f3nicos a las direcciones indicadas en el Sitio de IMC Consulting conlleva la sucesiva adquisici\u00f3n de los datos personales proporcionados, tales como, por ejemplo, la direcci\u00f3n de correo electr\u00f3nico del remitente utilizado por IMC Consulting s.r.l. \u00fanicamente para responder a sus solicitudes.<\/p>\n<p>La informaci\u00f3n resumida espec\u00edfica se informar\u00e1 progresivamente o se mostrar\u00e1 en las p\u00e1ginas del Sitio preparadas para servicios particulares a pedido.<\/p>\n<p>&nbsp;<\/p>\n<p><strong>MODALIDAD DEL TRATAMIENTO<\/strong><\/p>\n<p>Los datos personales se procesan en papel y\/o con herramientas automatizadas, durante el tiempo necesario para lograr los fines para los que fueron recopilados.<\/p>\n<p>Se observan medidas de seguridad espec\u00edficas para prevenir la p\u00e9rdida de datos, el uso il\u00edcito o incorrecto y el acceso no autorizado a los mismos.<\/p>\n<p>Sin embargo, le informamos que las comunicaciones por Internet, como el correo electr\u00f3nico o el correo web, podr\u00edan transitar por diferentes pa\u00edses antes de entregarse a los destinatarios. IMC Consulting s.r.l. no puede responsabilizarse de ning\u00fan acceso no autorizado o p\u00e9rdida de informaci\u00f3n personal que escape a nuestro control.<\/p>\n<p>&nbsp;<\/p>\n<p><strong>DERECHO DE LOS INTERESADOS<\/strong><\/p>\n<p>Los sujetos a los que se refieren los datos personales tienen derecho en cualquier momento a obtener la confirmaci\u00f3n de la existencia o inexistencia de esos mismos datos y a conocer su contenido y origen, verificar su exactitud o solicitar su integraci\u00f3n o actualizaci\u00f3n, o bien su rectificaci\u00f3n, de conformidad con el Art. 15 y siguientes del Reglamento de la UE n. 679\/2016.<\/p>\n<p>En virtud del mismo art\u00edculo, tiene derecho a solicitar la cancelaci\u00f3n, la transformaci\u00f3n de forma an\u00f3nima o el bloqueo de los datos tratados que incumplan la ley, as\u00ed como oponerse en cualquier caso, por motivos leg\u00edtimos, a su tratamiento.<\/p>\n<p>Las solicitudes deber\u00e1n dirigirse a IMC Consulting s.r.l., Via di San Valentino, 34, 00197 Roma \u2013 Italia, Tel. +39 340 7236529, y aqu\u00ed podr\u00e1 ver la lista actualizada de los otros sujetos responsables y encargados del tratamiento o a los cuales se pueden comunicar los datos.<\/p>\n<\/div><\/div><\/div><\/div><\/div><\/div><\/section>\n","protected":false},"excerpt":{"rendered":"POL\u00cdTICA DE PRIVACIDAD IMC Consulting S.r.l. En esta p\u00e1gina se describen las modalidades de gesti\u00f3n del Sitio en relaci\u00f3n con el tratamiento de datos personales de los usuarios que lo consultan. Se trata de una informaci\u00f3n que tambi\u00e9n se proporciona de conformidad con el Art. 15 y siguientes del Reglamento de la UE n. 679\/2016...","protected":false},"author":1,"featured_media":0,"parent":0,"menu_order":0,"comment_status":"closed","ping_status":"closed","template":"","meta":{"_acf_changed":false,"inline_featured_image":false,"iawp_total_views":8,"footnotes":""},"class_list":["post-5071","page","type-page","status-publish","hentry"],"acf":[],"yoast_head":"<!-- This site is optimized with the Yoast SEO plugin v25.7 - https:\/\/yoast.com\/wordpress\/plugins\/seo\/ -->\n<title>Pol\u00edtica de privacidad - IMC Consulting<\/title>\n<meta name=\"robots\" content=\"index, follow, max-snippet:-1, max-image-preview:large, max-video-preview:-1\" \/>\n<link rel=\"canonical\" href=\"https:\/\/www.imcconsulting.it\/es\/politica-de-privacidad\/\" \/>\n<meta property=\"og:locale\" content=\"es_ES\" \/>\n<meta property=\"og:type\" content=\"article\" \/>\n<meta property=\"og:title\" content=\"Pol\u00edtica de privacidad - IMC Consulting\" \/>\n<meta property=\"og:url\" content=\"https:\/\/www.imcconsulting.it\/es\/politica-de-privacidad\/\" \/>\n<meta property=\"og:site_name\" content=\"IMC Consulting\" \/>\n<meta property=\"article:modified_time\" content=\"2024-02-19T09:42:32+00:00\" \/>\n<meta name=\"twitter:card\" content=\"summary_large_image\" \/>\n<meta name=\"twitter:label1\" content=\"Tiempo de lectura\" \/>\n\t<meta name=\"twitter:data1\" content=\"6 minutos\" \/>\n<script type=\"application\/ld+json\" class=\"yoast-schema-graph\">{\"@context\":\"https:\/\/schema.org\",\"@graph\":[{\"@type\":\"WebPage\",\"@id\":\"https:\/\/www.imcconsulting.it\/es\/politica-de-privacidad\/\",\"url\":\"https:\/\/www.imcconsulting.it\/es\/politica-de-privacidad\/\",\"name\":\"Pol\u00edtica de privacidad - IMC Consulting\",\"isPartOf\":{\"@id\":\"https:\/\/www.imcconsulting.it\/es\/#website\"},\"datePublished\":\"2023-07-21T10:15:09+00:00\",\"dateModified\":\"2024-02-19T09:42:32+00:00\",\"breadcrumb\":{\"@id\":\"https:\/\/www.imcconsulting.it\/es\/politica-de-privacidad\/#breadcrumb\"},\"inLanguage\":\"es\",\"potentialAction\":[{\"@type\":\"ReadAction\",\"target\":[\"https:\/\/www.imcconsulting.it\/es\/politica-de-privacidad\/\"]}]},{\"@type\":\"BreadcrumbList\",\"@id\":\"https:\/\/www.imcconsulting.it\/es\/politica-de-privacidad\/#breadcrumb\",\"itemListElement\":[{\"@type\":\"ListItem\",\"position\":1,\"name\":\"Home\",\"item\":\"https:\/\/www.imcconsulting.it\/es\/\"},{\"@type\":\"ListItem\",\"position\":2,\"name\":\"Pol\u00edtica de privacidad\"}]},{\"@type\":\"WebSite\",\"@id\":\"https:\/\/www.imcconsulting.it\/es\/#website\",\"url\":\"https:\/\/www.imcconsulting.it\/es\/\",\"name\":\"IMC Consulting\",\"description\":\"\",\"publisher\":{\"@id\":\"https:\/\/www.imcconsulting.it\/es\/#organization\"},\"potentialAction\":[{\"@type\":\"SearchAction\",\"target\":{\"@type\":\"EntryPoint\",\"urlTemplate\":\"https:\/\/www.imcconsulting.it\/es\/?s={search_term_string}\"},\"query-input\":{\"@type\":\"PropertyValueSpecification\",\"valueRequired\":true,\"valueName\":\"search_term_string\"}}],\"inLanguage\":\"es\"},{\"@type\":\"Organization\",\"@id\":\"https:\/\/www.imcconsulting.it\/es\/#organization\",\"name\":\"IMC Consulting\",\"url\":\"https:\/\/www.imcconsulting.it\/es\/\",\"logo\":{\"@type\":\"ImageObject\",\"inLanguage\":\"es\",\"@id\":\"https:\/\/www.imcconsulting.it\/es\/#\/schema\/logo\/image\/\",\"url\":\"https:\/\/www.imcconsulting.it\/wp-content\/uploads\/2023\/02\/IMC-logo-footer.png\",\"contentUrl\":\"https:\/\/www.imcconsulting.it\/wp-content\/uploads\/2023\/02\/IMC-logo-footer.png\",\"width\":134,\"height\":91,\"caption\":\"IMC Consulting\"},\"image\":{\"@id\":\"https:\/\/www.imcconsulting.it\/es\/#\/schema\/logo\/image\/\"}}]}<\/script>\n<!-- \/ Yoast SEO plugin. -->","yoast_head_json":{"title":"Pol\u00edtica de privacidad - IMC Consulting","robots":{"index":"index","follow":"follow","max-snippet":"max-snippet:-1","max-image-preview":"max-image-preview:large","max-video-preview":"max-video-preview:-1"},"canonical":"https:\/\/www.imcconsulting.it\/es\/politica-de-privacidad\/","og_locale":"es_ES","og_type":"article","og_title":"Pol\u00edtica de privacidad - IMC Consulting","og_url":"https:\/\/www.imcconsulting.it\/es\/politica-de-privacidad\/","og_site_name":"IMC Consulting","article_modified_time":"2024-02-19T09:42:32+00:00","twitter_card":"summary_large_image","twitter_misc":{"Tiempo de lectura":"6 minutos"},"schema":{"@context":"https:\/\/schema.org","@graph":[{"@type":"WebPage","@id":"https:\/\/www.imcconsulting.it\/es\/politica-de-privacidad\/","url":"https:\/\/www.imcconsulting.it\/es\/politica-de-privacidad\/","name":"Pol\u00edtica de privacidad - IMC Consulting","isPartOf":{"@id":"https:\/\/www.imcconsulting.it\/es\/#website"},"datePublished":"2023-07-21T10:15:09+00:00","dateModified":"2024-02-19T09:42:32+00:00","breadcrumb":{"@id":"https:\/\/www.imcconsulting.it\/es\/politica-de-privacidad\/#breadcrumb"},"inLanguage":"es","potentialAction":[{"@type":"ReadAction","target":["https:\/\/www.imcconsulting.it\/es\/politica-de-privacidad\/"]}]},{"@type":"BreadcrumbList","@id":"https:\/\/www.imcconsulting.it\/es\/politica-de-privacidad\/#breadcrumb","itemListElement":[{"@type":"ListItem","position":1,"name":"Home","item":"https:\/\/www.imcconsulting.it\/es\/"},{"@type":"ListItem","position":2,"name":"Pol\u00edtica de privacidad"}]},{"@type":"WebSite","@id":"https:\/\/www.imcconsulting.it\/es\/#website","url":"https:\/\/www.imcconsulting.it\/es\/","name":"IMC Consulting","description":"","publisher":{"@id":"https:\/\/www.imcconsulting.it\/es\/#organization"},"potentialAction":[{"@type":"SearchAction","target":{"@type":"EntryPoint","urlTemplate":"https:\/\/www.imcconsulting.it\/es\/?s={search_term_string}"},"query-input":{"@type":"PropertyValueSpecification","valueRequired":true,"valueName":"search_term_string"}}],"inLanguage":"es"},{"@type":"Organization","@id":"https:\/\/www.imcconsulting.it\/es\/#organization","name":"IMC Consulting","url":"https:\/\/www.imcconsulting.it\/es\/","logo":{"@type":"ImageObject","inLanguage":"es","@id":"https:\/\/www.imcconsulting.it\/es\/#\/schema\/logo\/image\/","url":"https:\/\/www.imcconsulting.it\/wp-content\/uploads\/2023\/02\/IMC-logo-footer.png","contentUrl":"https:\/\/www.imcconsulting.it\/wp-content\/uploads\/2023\/02\/IMC-logo-footer.png","width":134,"height":91,"caption":"IMC Consulting"},"image":{"@id":"https:\/\/www.imcconsulting.it\/es\/#\/schema\/logo\/image\/"}}]}},"_links":{"self":[{"href":"https:\/\/www.imcconsulting.it\/es\/wp-json\/wp\/v2\/pages\/5071","targetHints":{"allow":["GET"]}}],"collection":[{"href":"https:\/\/www.imcconsulting.it\/es\/wp-json\/wp\/v2\/pages"}],"about":[{"href":"https:\/\/www.imcconsulting.it\/es\/wp-json\/wp\/v2\/types\/page"}],"author":[{"embeddable":true,"href":"https:\/\/www.imcconsulting.it\/es\/wp-json\/wp\/v2\/users\/1"}],"replies":[{"embeddable":true,"href":"https:\/\/www.imcconsulting.it\/es\/wp-json\/wp\/v2\/comments?post=5071"}],"version-history":[{"count":3,"href":"https:\/\/www.imcconsulting.it\/es\/wp-json\/wp\/v2\/pages\/5071\/revisions"}],"predecessor-version":[{"id":6011,"href":"https:\/\/www.imcconsulting.it\/es\/wp-json\/wp\/v2\/pages\/5071\/revisions\/6011"}],"wp:attachment":[{"href":"https:\/\/www.imcconsulting.it\/es\/wp-json\/wp\/v2\/media?parent=5071"}],"curies":[{"name":"wp","href":"https:\/\/api.w.org\/{rel}","templated":true}]}}