{"id":4772,"date":"2023-02-02T13:52:02","date_gmt":"2023-02-02T13:52:02","guid":{"rendered":"https:\/\/www.imcconsulting.it\/contatti\/"},"modified":"2025-03-21T15:16:06","modified_gmt":"2025-03-21T15:16:06","slug":"contactos","status":"publish","type":"page","link":"https:\/\/www.imcconsulting.it\/es\/contactos\/","title":{"rendered":"Contactos"},"content":{"rendered":"<section class=\"l-section wpb_row visore-interne contatti height_small\"><div class=\"l-section-h i-cf\"><div class=\"g-cols vc_row via_grid cols_1 laptops-cols_inherit tablets-cols_inherit mobiles-cols_1 valign_middle type_default stacking_default\"><div class=\"wpb_column vc_column_container\"><div class=\"vc_column-inner\"><div class=\"wpb_text_column\"><div class=\"wpb_wrapper\"><h1 style=\"text-align: center;\"><\/h1>\n<\/div><\/div><\/div><\/div><\/div><\/div><\/section><section class=\"l-section wpb_row height_small\"><div class=\"l-section-h i-cf\"><div class=\"g-cols vc_row via_grid cols_1 laptops-cols_inherit tablets-cols_inherit mobiles-cols_1 valign_top type_default stacking_default\"><div class=\"wpb_column vc_column_container\"><div class=\"vc_column-inner\"><div class=\"wpb_text_column\"><div class=\"wpb_wrapper\"><h2 style=\"text-align: center;\">D\u00f3nde operamos<\/h2>\n<p style=\"text-align: center;\">Estamos listos para poner a su disposici\u00f3n nuestros largos a\u00f1os de experiencia en diferentes pa\u00edses, cada uno sujeto a diferentes legislaciones y normativas, con equipos que operan en cuatro idiomas.<\/p>\n<\/div><\/div><\/div><\/div><\/div><\/div><\/section><section class=\"l-section wpb_row height_small\"><div class=\"l-section-h i-cf\"><div class=\"g-cols vc_row via_grid cols_2 laptops-cols_inherit tablets-cols_inherit mobiles-cols_1 valign_top type_default stacking_default\"><div class=\"wpb_column vc_column_container\"><div class=\"vc_column-inner\"><div class=\"w-image imc-contatti align_none\"><div class=\"w-image-h\"><img decoding=\"async\" width=\"660\" height=\"490\" src=\"https:\/\/www.imcconsulting.it\/wp-content\/uploads\/2023\/02\/img-contatti-1.jpg\" class=\"attachment-full size-full\" alt=\"\" loading=\"lazy\" srcset=\"https:\/\/www.imcconsulting.it\/wp-content\/uploads\/2023\/02\/img-contatti-1.jpg 660w, https:\/\/www.imcconsulting.it\/wp-content\/uploads\/2023\/02\/img-contatti-1-300x223.jpg 300w\" sizes=\"auto, (max-width: 660px) 100vw, 660px\" \/><\/div><\/div><div class=\"wpb_text_column anagrafica-contatti\"><div class=\"wpb_wrapper\"><p style=\"text-align: center;\"><strong>ROMA<\/strong><br \/>\n<strong>IMC Consulting S.r.l.<\/strong><\/p>\n<p style=\"text-align: center;\">Via di San Valentino, 34<br \/>\n00197 Roma \u2013 Italia<br \/>\nCell. +39 340 723 6529<br \/>\nEmail: <a href=\"mailto:info@imcconsulting.it\">info@imcconsulting.it<\/a><\/p>\n<\/div><\/div><\/div><\/div><div class=\"wpb_column vc_column_container\"><div class=\"vc_column-inner\"><div class=\"w-image imc-contatti align_none\"><div class=\"w-image-h\"><img decoding=\"async\" width=\"660\" height=\"490\" src=\"https:\/\/www.imcconsulting.it\/wp-content\/uploads\/2023\/02\/img-contatti-2.jpg\" class=\"attachment-full size-full\" alt=\"\" loading=\"lazy\" srcset=\"https:\/\/www.imcconsulting.it\/wp-content\/uploads\/2023\/02\/img-contatti-2.jpg 660w, https:\/\/www.imcconsulting.it\/wp-content\/uploads\/2023\/02\/img-contatti-2-300x223.jpg 300w\" sizes=\"auto, (max-width: 660px) 100vw, 660px\" \/><\/div><\/div><div class=\"wpb_text_column anagrafica-contatti\"><div class=\"wpb_wrapper\"><p style=\"text-align: center;\"><strong>NEW YORK<\/strong><br \/>\n<strong>IMC Consulting USA Corp.<\/strong><\/p>\n<p style=\"text-align: center;\">400 East 55th Street, Suite 15H<br \/>\nManhattan, New York, NY,<br \/>\n10022, USA<br \/>\nTel. +1 917 540 5292<br \/>\nEmail: <a href=\"mailto:imc.usa@imcconsulting.it\">imc.usa@imcconsulting.it<\/a><\/p>\n<\/div><\/div><\/div><\/div><\/div><\/div><\/section><section class=\"l-section wpb_row height_small\"><div class=\"l-section-h i-cf\"><div class=\"g-cols vc_row via_grid cols_1 laptops-cols_inherit tablets-cols_inherit mobiles-cols_1 valign_top type_default stacking_default\"><div class=\"wpb_column vc_column_container\"><div class=\"vc_column-inner\"><div class=\"wpb_text_column\"><div class=\"wpb_wrapper\"><p style=\"text-align: center;\">IMC Consulting tambi\u00e9n est\u00e1 operativa en Nueva York a trav\u00e9s de la colaboraci\u00f3n con IMC Consulting USA Corp. con sede en la prestigiosa zona de Manhattan.<br \/>\nIMC Consulting USA Corp. ofrece a los clientes americanos asesoramiento y asistencia nacional para actividades en el exterior.<br \/>\nAdem\u00e1s, IMC Consulting USA Corp. brinda asistencia a los clientes europeos en todo el territorio americano.<\/p>\n<\/div><\/div><\/div><\/div><\/div><\/div><\/section>\n","protected":false},"excerpt":{"rendered":"D\u00f3nde operamos Estamos listos para poner a su disposici\u00f3n nuestros largos a\u00f1os de experiencia en diferentes pa\u00edses, cada uno sujeto a diferentes legislaciones y normativas, con equipos que operan en cuatro idiomas. ROMA IMC Consulting S.r.l. Via di San Valentino, 34 00197 Roma \u2013 Italia Cell. +39 340 723 6529 Email: info@imcconsulting.it NEW YORK IMC...","protected":false},"author":1,"featured_media":0,"parent":0,"menu_order":0,"comment_status":"closed","ping_status":"closed","template":"","meta":{"_acf_changed":false,"inline_featured_image":false,"iawp_total_views":71,"footnotes":""},"class_list":["post-4772","page","type-page","status-publish","hentry"],"acf":[],"yoast_head":"<!-- This site is optimized with the Yoast SEO plugin v25.7 - https:\/\/yoast.com\/wordpress\/plugins\/seo\/ -->\n<title>Contactos - IMC Consulting<\/title>\n<meta name=\"robots\" content=\"index, follow, max-snippet:-1, max-image-preview:large, max-video-preview:-1\" \/>\n<link rel=\"canonical\" href=\"https:\/\/www.imcconsulting.it\/es\/contactos\/\" \/>\n<meta property=\"og:locale\" content=\"es_ES\" \/>\n<meta property=\"og:type\" content=\"article\" \/>\n<meta property=\"og:title\" content=\"Contactos - IMC Consulting\" \/>\n<meta property=\"og:url\" content=\"https:\/\/www.imcconsulting.it\/es\/contactos\/\" \/>\n<meta property=\"og:site_name\" content=\"IMC Consulting\" \/>\n<meta property=\"article:modified_time\" content=\"2025-03-21T15:16:06+00:00\" \/>\n<meta name=\"twitter:card\" content=\"summary_large_image\" \/>\n<meta name=\"twitter:label1\" content=\"Tiempo de lectura\" \/>\n\t<meta name=\"twitter:data1\" content=\"1 minuto\" \/>\n<script type=\"application\/ld+json\" class=\"yoast-schema-graph\">{\"@context\":\"https:\/\/schema.org\",\"@graph\":[{\"@type\":\"WebPage\",\"@id\":\"https:\/\/www.imcconsulting.it\/es\/contactos\/\",\"url\":\"https:\/\/www.imcconsulting.it\/es\/contactos\/\",\"name\":\"Contactos - IMC Consulting\",\"isPartOf\":{\"@id\":\"https:\/\/www.imcconsulting.it\/es\/#website\"},\"datePublished\":\"2023-02-02T13:52:02+00:00\",\"dateModified\":\"2025-03-21T15:16:06+00:00\",\"breadcrumb\":{\"@id\":\"https:\/\/www.imcconsulting.it\/es\/contactos\/#breadcrumb\"},\"inLanguage\":\"es\",\"potentialAction\":[{\"@type\":\"ReadAction\",\"target\":[\"https:\/\/www.imcconsulting.it\/es\/contactos\/\"]}]},{\"@type\":\"BreadcrumbList\",\"@id\":\"https:\/\/www.imcconsulting.it\/es\/contactos\/#breadcrumb\",\"itemListElement\":[{\"@type\":\"ListItem\",\"position\":1,\"name\":\"Home\",\"item\":\"https:\/\/www.imcconsulting.it\/es\/\"},{\"@type\":\"ListItem\",\"position\":2,\"name\":\"Contactos\"}]},{\"@type\":\"WebSite\",\"@id\":\"https:\/\/www.imcconsulting.it\/es\/#website\",\"url\":\"https:\/\/www.imcconsulting.it\/es\/\",\"name\":\"IMC Consulting\",\"description\":\"\",\"publisher\":{\"@id\":\"https:\/\/www.imcconsulting.it\/es\/#organization\"},\"potentialAction\":[{\"@type\":\"SearchAction\",\"target\":{\"@type\":\"EntryPoint\",\"urlTemplate\":\"https:\/\/www.imcconsulting.it\/es\/?s={search_term_string}\"},\"query-input\":{\"@type\":\"PropertyValueSpecification\",\"valueRequired\":true,\"valueName\":\"search_term_string\"}}],\"inLanguage\":\"es\"},{\"@type\":\"Organization\",\"@id\":\"https:\/\/www.imcconsulting.it\/es\/#organization\",\"name\":\"IMC Consulting\",\"url\":\"https:\/\/www.imcconsulting.it\/es\/\",\"logo\":{\"@type\":\"ImageObject\",\"inLanguage\":\"es\",\"@id\":\"https:\/\/www.imcconsulting.it\/es\/#\/schema\/logo\/image\/\",\"url\":\"https:\/\/www.imcconsulting.it\/wp-content\/uploads\/2023\/02\/IMC-logo-footer.png\",\"contentUrl\":\"https:\/\/www.imcconsulting.it\/wp-content\/uploads\/2023\/02\/IMC-logo-footer.png\",\"width\":134,\"height\":91,\"caption\":\"IMC Consulting\"},\"image\":{\"@id\":\"https:\/\/www.imcconsulting.it\/es\/#\/schema\/logo\/image\/\"}}]}<\/script>\n<!-- \/ Yoast SEO plugin. -->","yoast_head_json":{"title":"Contactos - IMC Consulting","robots":{"index":"index","follow":"follow","max-snippet":"max-snippet:-1","max-image-preview":"max-image-preview:large","max-video-preview":"max-video-preview:-1"},"canonical":"https:\/\/www.imcconsulting.it\/es\/contactos\/","og_locale":"es_ES","og_type":"article","og_title":"Contactos - IMC Consulting","og_url":"https:\/\/www.imcconsulting.it\/es\/contactos\/","og_site_name":"IMC Consulting","article_modified_time":"2025-03-21T15:16:06+00:00","twitter_card":"summary_large_image","twitter_misc":{"Tiempo de lectura":"1 minuto"},"schema":{"@context":"https:\/\/schema.org","@graph":[{"@type":"WebPage","@id":"https:\/\/www.imcconsulting.it\/es\/contactos\/","url":"https:\/\/www.imcconsulting.it\/es\/contactos\/","name":"Contactos - IMC Consulting","isPartOf":{"@id":"https:\/\/www.imcconsulting.it\/es\/#website"},"datePublished":"2023-02-02T13:52:02+00:00","dateModified":"2025-03-21T15:16:06+00:00","breadcrumb":{"@id":"https:\/\/www.imcconsulting.it\/es\/contactos\/#breadcrumb"},"inLanguage":"es","potentialAction":[{"@type":"ReadAction","target":["https:\/\/www.imcconsulting.it\/es\/contactos\/"]}]},{"@type":"BreadcrumbList","@id":"https:\/\/www.imcconsulting.it\/es\/contactos\/#breadcrumb","itemListElement":[{"@type":"ListItem","position":1,"name":"Home","item":"https:\/\/www.imcconsulting.it\/es\/"},{"@type":"ListItem","position":2,"name":"Contactos"}]},{"@type":"WebSite","@id":"https:\/\/www.imcconsulting.it\/es\/#website","url":"https:\/\/www.imcconsulting.it\/es\/","name":"IMC Consulting","description":"","publisher":{"@id":"https:\/\/www.imcconsulting.it\/es\/#organization"},"potentialAction":[{"@type":"SearchAction","target":{"@type":"EntryPoint","urlTemplate":"https:\/\/www.imcconsulting.it\/es\/?s={search_term_string}"},"query-input":{"@type":"PropertyValueSpecification","valueRequired":true,"valueName":"search_term_string"}}],"inLanguage":"es"},{"@type":"Organization","@id":"https:\/\/www.imcconsulting.it\/es\/#organization","name":"IMC Consulting","url":"https:\/\/www.imcconsulting.it\/es\/","logo":{"@type":"ImageObject","inLanguage":"es","@id":"https:\/\/www.imcconsulting.it\/es\/#\/schema\/logo\/image\/","url":"https:\/\/www.imcconsulting.it\/wp-content\/uploads\/2023\/02\/IMC-logo-footer.png","contentUrl":"https:\/\/www.imcconsulting.it\/wp-content\/uploads\/2023\/02\/IMC-logo-footer.png","width":134,"height":91,"caption":"IMC Consulting"},"image":{"@id":"https:\/\/www.imcconsulting.it\/es\/#\/schema\/logo\/image\/"}}]}},"_links":{"self":[{"href":"https:\/\/www.imcconsulting.it\/es\/wp-json\/wp\/v2\/pages\/4772","targetHints":{"allow":["GET"]}}],"collection":[{"href":"https:\/\/www.imcconsulting.it\/es\/wp-json\/wp\/v2\/pages"}],"about":[{"href":"https:\/\/www.imcconsulting.it\/es\/wp-json\/wp\/v2\/types\/page"}],"author":[{"embeddable":true,"href":"https:\/\/www.imcconsulting.it\/es\/wp-json\/wp\/v2\/users\/1"}],"replies":[{"embeddable":true,"href":"https:\/\/www.imcconsulting.it\/es\/wp-json\/wp\/v2\/comments?post=4772"}],"version-history":[{"count":5,"href":"https:\/\/www.imcconsulting.it\/es\/wp-json\/wp\/v2\/pages\/4772\/revisions"}],"predecessor-version":[{"id":6796,"href":"https:\/\/www.imcconsulting.it\/es\/wp-json\/wp\/v2\/pages\/4772\/revisions\/6796"}],"wp:attachment":[{"href":"https:\/\/www.imcconsulting.it\/es\/wp-json\/wp\/v2\/media?parent=4772"}],"curies":[{"name":"wp","href":"https:\/\/api.w.org\/{rel}","templated":true}]}}