{"id":5086,"date":"2023-07-21T10:21:01","date_gmt":"2023-07-21T10:21:01","guid":{"rendered":"https:\/\/www.imcconsulting.it\/legal-notice\/"},"modified":"2023-09-21T20:00:00","modified_gmt":"2023-09-21T20:00:00","slug":"legal-notice","status":"publish","type":"page","link":"https:\/\/www.imcconsulting.it\/de\/legal-notice\/","title":{"rendered":"Legal Notice"},"content":{"rendered":"<section class=\"l-section wpb_row height_small\"><div class=\"l-section-h i-cf\"><div class=\"g-cols vc_row via_grid cols_1 laptops-cols_inherit tablets-cols_inherit mobiles-cols_1 valign_top type_default stacking_default\"><div class=\"wpb_column vc_column_container\"><div class=\"vc_column-inner\"><div class=\"wpb_text_column\"><div class=\"wpb_wrapper\"><h3>Legal Notice<\/h3>\n<p><strong>ALLGEMEINE HINWEISE F\u00dcR DIE KONSULTATION DER WEBSITE<\/strong><\/p>\n<p>Der Zugriff auf diese Website setzt die Zustimmung des Benutzers zu den Allgemeinen Gesch\u00e4ftsbedingungen voraus, die von IMC Consulting nach eigenem Ermessen und jederzeit ge\u00e4ndert werden k\u00f6nnen. Diese Website wird von IMC Consulting s.r.l. mit Sitz in Via di San Valentino, 34, 00197 Rom \u2013 Italia verwaltet.<\/p>\n<h4><strong>ALLGEMEINE GESCH\u00c4FTSBEDINGUNGEN<\/strong><\/h4>\n<p><strong>GEBRAUCHSBEDINGUNGEN<\/strong><\/p>\n<p>IMC Consulting s.r.l., mit Sitz in Via di San Valentino, 34, 00197 Rom \u2013 Italia (im Folgenden \u201eIMC Consulting\u201c) bestimmt und ver\u00f6ffentlicht den Inhalt dieser Website und der von ihr registrierten Websites (im Folgenden \u201eWebsite\u201c), um das Wissen von IMC Consulting und seinen Dienstleistungen zu f\u00f6rdern.<br \/>\nBevor Sie die Website besuchen und nutzen, lesen Sie bitte die folgenden Zugangsbedingungen sorgf\u00e4ltig durch, da die Zustimmung, die Sie auf der Startseite geben oder die Nutzung der Website, die vollst\u00e4ndige Annahme dieser Bedingungen voraussetzt.<br \/>\nWenn Sie dies akzeptieren, sind Sie daran gebunden.<br \/>\nWenn Sie mit dem Inhalt dieser Bedingungen nicht einverstanden sind oder nicht an sie gebunden sein m\u00f6chten, verlassen Sie bitte die Website.<\/p>\n<p>Die auf der Website enthaltenen Informationen dienen ausschlie\u00dflich der Darstellung von IMC Consulting und seiner Produkte und werden von IMC Consulting regelm\u00e4\u00dfig aktualisiert; IMC Consulting \u00fcbernimmt jedoch keine Garantie f\u00fcr deren Vollst\u00e4ndigkeit und st\u00e4ndige Aktualisierung. Es liegt daher in der Verantwortung des Benutzers, die auf der Website enthaltenen Informationen zu \u00fcberpr\u00fcfen. IMC Consulting beh\u00e4lt sich das Recht vor, die Funktionalit\u00e4t der Website jederzeit zu unterbrechen oder auszusetzen, ohne dass eine Haftung seitens IMC Consulting oder Dritter entsteht.<br \/>\nIMC Consulting kann die Bedingungen f\u00fcr den Zugriff auf die Website frei und ohne vorherige Ank\u00fcndigung \u00e4ndern, und es liegt daher in der Verantwortung derjenigen, die auf die Website zugreifen, diese bei jedem neuen Zugriff zu konsultieren.<\/p>\n<p>&nbsp;<\/p>\n<p><strong>GEISTIGES EIGENTUM<\/strong><\/p>\n<p>Der Inhalt der Website ist vollst\u00e4ndig und ausschlie\u00dflich Eigentum von IMC Consulting und jede Nutzung dieser Inhalte zu anderen Zwecken als der pers\u00f6nlichen Beratung wird von IMC Consulting in \u00dcbereinstimmung mit dem Gesetz verfolgt.<\/p>\n<p>&nbsp;<\/p>\n<p><strong>HAFTUNGSBESCHR\u00c4NKUNGEN<\/strong><\/p>\n<p>Die Nutzung der Website und die Navigation auf der Website liegt in der alleinigen Verantwortung des Benutzers, der darauf zugreift.<br \/>\nIMC Consulting verpflichtet sich, sicherzustellen, dass der Zugriff auf die Website jederzeit f\u00fcr diejenigen m\u00f6glich ist, die die Website rechtm\u00e4\u00dfig durchsuchen k\u00f6nnen, und dass die auf der Website enthaltenen Informationen aktualisiert werden.<br \/>\nDie Website und ihre Inhalte werden jedoch so bereitgestellt und akzeptiert, wie sie sind und werden ohne jegliche implizite oder ausdr\u00fcckliche Garantie bez\u00fcglich des Funktionierens der Website oder des Fehlens von Viren, der Genauigkeit der angebotenen Dienste, der Richtigkeit und Vollst\u00e4ndigkeit der darauf ver\u00f6ffentlichten Informationen pr\u00e4sentiert.<br \/>\nIMC Consulting, sowie seine Direktoren, Manager und Mitarbeiter sind daher nicht verantwortlich f\u00fcr Fehler, Ungenauigkeiten oder Auslassungen in Bezug auf das auf der Website enthaltene Material, noch haften sie f\u00fcr Sch\u00e4den jeglicher Art, die sich aus dem Zugriff auf die Website selbst oder aus ihrer Unm\u00f6glichkeit der Nutzung ergeben, sowie f\u00fcr die Zuverl\u00e4ssigkeit des der Website enthaltene Materials.<br \/>\nIMC Consulting beh\u00e4lt sich das Recht vor, den Zugriff auf die Website zu unterbrechen oder einen Teil davon zu deaktivieren, wodurch die M\u00f6glichkeit ausgeschlossen wird, jederzeit und ohne vorherige Ank\u00fcndigung ein Thema oder einen Bereich der Website zu konsultieren.<br \/>\nDie Bezugnahme auf ein bestimmtes Produkt oder eine Dienstleistung bedeutet nicht, dass IMC Consulting beabsichtigt, sicherzustellen, dass dieses Produkt oder diese Dienstleistung in allen L\u00e4ndern verf\u00fcgbar ist.<\/p>\n<p>&nbsp;<\/p>\n<p><strong>NUTZUNG DER WEBSITE DURCH MINDERJ\u00c4HRIGE<\/strong><\/p>\n<p>Die Website von IMC Consulting ist f\u00fcr die Nutzung und Beratung von vollj\u00e4hrigen Personen bestimmt. Anfragen von Minderj\u00e4hrigen werden nicht ber\u00fccksichtigt.<\/p>\n<p>&nbsp;<\/p>\n<p><strong>KOMMUNIKATIONEN MIT DER WEBSITE<\/strong><\/p>\n<p>Jegliche Kommunikation oder sonstiges Material, das Sie an diese Website senden, sei es per E-Mail oder auf andere Weise, wird als nicht vertraulich behandelt, daher senden Sie bitte keine Informationen, die Sie vertraulich behandeln m\u00f6chten.<br \/>\nDie \u00dcbermittlung von Informationen oder anderen Materialien impliziert die Anerkennung deren kostenlosen und unwiderruflichen Genehmigung zur Nutzung, Vervielf\u00e4ltigung, \u00c4nderung, Ver\u00f6ffentlichung, \u00dcbersetzung, Verbreitung oder Vorf\u00fchrung, auch nicht ausschlie\u00dflich, entweder allein oder als Teil eines anderen Werkes, in irgendeiner Form und mit irgendwelchen Mitteln oder Technologien.<br \/>\nSie erkennen an, dass es IMC Consulting freisteht, das an die Website \u00fcbermittelte Material f\u00fcr jeden Zweck zu verwenden, einschlie\u00dflich der Entwicklung, Herstellung und Vermarktung von Produkten.<br \/>\nIMC Consulting erkennt keine Verg\u00fctung f\u00fcr das eingesandte Material an, unabh\u00e4ngig davon, wie es verwendet wird.<br \/>\nIMC Consulting trifft keine Auswahl oder Kontrolle der Inhalte, die von Dritten auf die Website \u00fcbertragen werden, und ist nicht verantwortlich f\u00fcr die Auswahl oder Kontrolle solcher Materialien und \u00fcbernimmt daher in Bezug auf diese keine Verantwortung oder Verpflichtung.<\/p>\n<p>&nbsp;<\/p>\n<p><strong>AUTOMATISCH GESAMMELTE INFORMATIONEN<\/strong><\/p>\n<p>Wenn Sie auf die Website zugreifen, \u00fcbermittelt Ihr Browser automatisch die Internet-Protokoll-Adresse und bestimmte Informationen wie den verwendeten Browsertyp, das Datum und die Uhrzeit des Zugriffs auf die Website und die IP-Adresse der Website, \u00fcber die Sie Zugriff erhalten.<br \/>\nDiese Informationen k\u00f6nnen verwendet werden, um Ihnen den Zugriff auf die Website zu erm\u00f6glichen, Ihr Surfen zu personalisieren, personalisierte Inhalte Ihrer Wahl anzuzeigen und die Website selbst zu verwalten.<br \/>\nWir k\u00f6nnen auch Informationen in Form von Cookies sammeln.<br \/>\nCookies erm\u00f6glichen zu erfahren, ob Sie die Website bereits besucht haben und wenn ja, welche Seiten, aber sie werden nicht verwendet werden, um pers\u00f6nliche Informationen zu sammeln, um Sie zu kontaktieren oder Informationen von Ihrem Computer zu erhalten.<br \/>\nBei den meisten Internet-Browsern k\u00f6nnen Sie Cookies jedoch l\u00f6schen oder blockieren oder eine Warnung erhalten, bevor sie auf Ihrem Computer gespeichert werden.<\/p>\n<p>&nbsp;<\/p>\n<p><strong>VERLINKUNGEN MIT ANDEREN<\/strong>\u00a0<strong>SITES<br \/>\n<\/strong><br \/>\nDie Website kann Links zu Websites Dritter enthalten.<br \/>\nSolche Links bedeuten nicht, dass IMC Consulting den Inhalt dieser Seiten billigt oder genehmigt und ist in keiner Weise f\u00fcr deren Inhalt verantwortlich.<br \/>\nDer Zugang und die Pr\u00fcfung dieser Seiten erfolgt unter Ihrer direkten und ausschlie\u00dflichen Verantwortung.<br \/>\nEs wird davon ausgegangen, dass IMC Consulting nicht f\u00fcr die Gesch\u00e4ftsbedingungen anderer Unternehmen verantwortlich ist. Benutzer, die auf ihrer \u201eHomepage\u201c einen Link zu dieser Seite einf\u00fcgen m\u00f6chten, m\u00fcssen ausdr\u00fccklich die Genehmigung von IMC Consulting unter folgender E-Mail-Adresse: info@imcconsulting.it einholen.<\/p>\n<p>&nbsp;<\/p>\n<p><strong>ANWENDBARES RECHT UND ZUST\u00c4NDIGES GERICHT<\/strong><\/p>\n<p>Alle Streitigkeiten, die sich aus diesen Nutzungsbedingungen ergeben, mit ihnen zusammenh\u00e4ngen oder in irgendeiner Weise damit verbunden sind, unterliegen der ausschlie\u00dflichen Zust\u00e4ndigkeit des Gerichtshofs von Rom unter Ausschluss aller anderen und unterliegen dem italienischen Recht und dem italienischen internationalen Privatrecht.<\/p>\n<\/div><\/div><\/div><\/div><\/div><\/div><\/section>\n","protected":false},"excerpt":{"rendered":"Legal Notice ALLGEMEINE HINWEISE F\u00dcR DIE KONSULTATION DER WEBSITE Der Zugriff auf diese Website setzt die Zustimmung des Benutzers zu den Allgemeinen Gesch\u00e4ftsbedingungen voraus, die von IMC Consulting nach eigenem Ermessen und jederzeit ge\u00e4ndert werden k\u00f6nnen. Diese Website wird von IMC Consulting s.r.l. mit Sitz in Via di San Valentino, 34, 00197 Rom \u2013 Italia...","protected":false},"author":1,"featured_media":0,"parent":0,"menu_order":0,"comment_status":"closed","ping_status":"closed","template":"","meta":{"_acf_changed":false,"inline_featured_image":false,"iawp_total_views":6,"footnotes":""},"class_list":["post-5086","page","type-page","status-publish","hentry"],"acf":[],"yoast_head":"<!-- This site is optimized with the Yoast SEO plugin v25.7 - https:\/\/yoast.com\/wordpress\/plugins\/seo\/ -->\n<title>Legal Notice - IMC Consulting<\/title>\n<meta name=\"robots\" content=\"index, follow, max-snippet:-1, max-image-preview:large, max-video-preview:-1\" \/>\n<link rel=\"canonical\" href=\"https:\/\/www.imcconsulting.it\/de\/legal-notice\/\" \/>\n<meta property=\"og:locale\" content=\"de_DE\" \/>\n<meta property=\"og:type\" content=\"article\" \/>\n<meta property=\"og:title\" content=\"Legal Notice - IMC Consulting\" \/>\n<meta property=\"og:url\" content=\"https:\/\/www.imcconsulting.it\/de\/legal-notice\/\" \/>\n<meta property=\"og:site_name\" content=\"IMC Consulting\" \/>\n<meta property=\"article:modified_time\" content=\"2023-09-21T20:00:00+00:00\" \/>\n<meta name=\"twitter:card\" content=\"summary_large_image\" \/>\n<meta name=\"twitter:label1\" content=\"Gesch\u00e4tzte Lesezeit\" \/>\n\t<meta name=\"twitter:data1\" content=\"6\u00a0Minuten\" \/>\n<script type=\"application\/ld+json\" class=\"yoast-schema-graph\">{\"@context\":\"https:\/\/schema.org\",\"@graph\":[{\"@type\":\"WebPage\",\"@id\":\"https:\/\/www.imcconsulting.it\/de\/legal-notice\/\",\"url\":\"https:\/\/www.imcconsulting.it\/de\/legal-notice\/\",\"name\":\"Legal Notice - IMC Consulting\",\"isPartOf\":{\"@id\":\"https:\/\/www.imcconsulting.it\/de\/#website\"},\"datePublished\":\"2023-07-21T10:21:01+00:00\",\"dateModified\":\"2023-09-21T20:00:00+00:00\",\"breadcrumb\":{\"@id\":\"https:\/\/www.imcconsulting.it\/de\/legal-notice\/#breadcrumb\"},\"inLanguage\":\"de\",\"potentialAction\":[{\"@type\":\"ReadAction\",\"target\":[\"https:\/\/www.imcconsulting.it\/de\/legal-notice\/\"]}]},{\"@type\":\"BreadcrumbList\",\"@id\":\"https:\/\/www.imcconsulting.it\/de\/legal-notice\/#breadcrumb\",\"itemListElement\":[{\"@type\":\"ListItem\",\"position\":1,\"name\":\"Home\",\"item\":\"https:\/\/www.imcconsulting.it\/de\/\"},{\"@type\":\"ListItem\",\"position\":2,\"name\":\"Legal Notice\"}]},{\"@type\":\"WebSite\",\"@id\":\"https:\/\/www.imcconsulting.it\/de\/#website\",\"url\":\"https:\/\/www.imcconsulting.it\/de\/\",\"name\":\"IMC Consulting\",\"description\":\"\",\"publisher\":{\"@id\":\"https:\/\/www.imcconsulting.it\/de\/#organization\"},\"potentialAction\":[{\"@type\":\"SearchAction\",\"target\":{\"@type\":\"EntryPoint\",\"urlTemplate\":\"https:\/\/www.imcconsulting.it\/de\/?s={search_term_string}\"},\"query-input\":{\"@type\":\"PropertyValueSpecification\",\"valueRequired\":true,\"valueName\":\"search_term_string\"}}],\"inLanguage\":\"de\"},{\"@type\":\"Organization\",\"@id\":\"https:\/\/www.imcconsulting.it\/de\/#organization\",\"name\":\"IMC Consulting\",\"url\":\"https:\/\/www.imcconsulting.it\/de\/\",\"logo\":{\"@type\":\"ImageObject\",\"inLanguage\":\"de\",\"@id\":\"https:\/\/www.imcconsulting.it\/de\/#\/schema\/logo\/image\/\",\"url\":\"https:\/\/www.imcconsulting.it\/wp-content\/uploads\/2023\/02\/IMC-logo-footer.png\",\"contentUrl\":\"https:\/\/www.imcconsulting.it\/wp-content\/uploads\/2023\/02\/IMC-logo-footer.png\",\"width\":134,\"height\":91,\"caption\":\"IMC Consulting\"},\"image\":{\"@id\":\"https:\/\/www.imcconsulting.it\/de\/#\/schema\/logo\/image\/\"}}]}<\/script>\n<!-- \/ Yoast SEO plugin. -->","yoast_head_json":{"title":"Legal Notice - IMC Consulting","robots":{"index":"index","follow":"follow","max-snippet":"max-snippet:-1","max-image-preview":"max-image-preview:large","max-video-preview":"max-video-preview:-1"},"canonical":"https:\/\/www.imcconsulting.it\/de\/legal-notice\/","og_locale":"de_DE","og_type":"article","og_title":"Legal Notice - IMC Consulting","og_url":"https:\/\/www.imcconsulting.it\/de\/legal-notice\/","og_site_name":"IMC Consulting","article_modified_time":"2023-09-21T20:00:00+00:00","twitter_card":"summary_large_image","twitter_misc":{"Gesch\u00e4tzte Lesezeit":"6\u00a0Minuten"},"schema":{"@context":"https:\/\/schema.org","@graph":[{"@type":"WebPage","@id":"https:\/\/www.imcconsulting.it\/de\/legal-notice\/","url":"https:\/\/www.imcconsulting.it\/de\/legal-notice\/","name":"Legal Notice - IMC Consulting","isPartOf":{"@id":"https:\/\/www.imcconsulting.it\/de\/#website"},"datePublished":"2023-07-21T10:21:01+00:00","dateModified":"2023-09-21T20:00:00+00:00","breadcrumb":{"@id":"https:\/\/www.imcconsulting.it\/de\/legal-notice\/#breadcrumb"},"inLanguage":"de","potentialAction":[{"@type":"ReadAction","target":["https:\/\/www.imcconsulting.it\/de\/legal-notice\/"]}]},{"@type":"BreadcrumbList","@id":"https:\/\/www.imcconsulting.it\/de\/legal-notice\/#breadcrumb","itemListElement":[{"@type":"ListItem","position":1,"name":"Home","item":"https:\/\/www.imcconsulting.it\/de\/"},{"@type":"ListItem","position":2,"name":"Legal Notice"}]},{"@type":"WebSite","@id":"https:\/\/www.imcconsulting.it\/de\/#website","url":"https:\/\/www.imcconsulting.it\/de\/","name":"IMC Consulting","description":"","publisher":{"@id":"https:\/\/www.imcconsulting.it\/de\/#organization"},"potentialAction":[{"@type":"SearchAction","target":{"@type":"EntryPoint","urlTemplate":"https:\/\/www.imcconsulting.it\/de\/?s={search_term_string}"},"query-input":{"@type":"PropertyValueSpecification","valueRequired":true,"valueName":"search_term_string"}}],"inLanguage":"de"},{"@type":"Organization","@id":"https:\/\/www.imcconsulting.it\/de\/#organization","name":"IMC Consulting","url":"https:\/\/www.imcconsulting.it\/de\/","logo":{"@type":"ImageObject","inLanguage":"de","@id":"https:\/\/www.imcconsulting.it\/de\/#\/schema\/logo\/image\/","url":"https:\/\/www.imcconsulting.it\/wp-content\/uploads\/2023\/02\/IMC-logo-footer.png","contentUrl":"https:\/\/www.imcconsulting.it\/wp-content\/uploads\/2023\/02\/IMC-logo-footer.png","width":134,"height":91,"caption":"IMC Consulting"},"image":{"@id":"https:\/\/www.imcconsulting.it\/de\/#\/schema\/logo\/image\/"}}]}},"_links":{"self":[{"href":"https:\/\/www.imcconsulting.it\/de\/wp-json\/wp\/v2\/pages\/5086","targetHints":{"allow":["GET"]}}],"collection":[{"href":"https:\/\/www.imcconsulting.it\/de\/wp-json\/wp\/v2\/pages"}],"about":[{"href":"https:\/\/www.imcconsulting.it\/de\/wp-json\/wp\/v2\/types\/page"}],"author":[{"embeddable":true,"href":"https:\/\/www.imcconsulting.it\/de\/wp-json\/wp\/v2\/users\/1"}],"replies":[{"embeddable":true,"href":"https:\/\/www.imcconsulting.it\/de\/wp-json\/wp\/v2\/comments?post=5086"}],"version-history":[{"count":1,"href":"https:\/\/www.imcconsulting.it\/de\/wp-json\/wp\/v2\/pages\/5086\/revisions"}],"predecessor-version":[{"id":5089,"href":"https:\/\/www.imcconsulting.it\/de\/wp-json\/wp\/v2\/pages\/5086\/revisions\/5089"}],"wp:attachment":[{"href":"https:\/\/www.imcconsulting.it\/de\/wp-json\/wp\/v2\/media?parent=5086"}],"curies":[{"name":"wp","href":"https:\/\/api.w.org\/{rel}","templated":true}]}}