{"id":5078,"date":"2023-07-21T10:26:24","date_gmt":"2023-07-21T10:26:24","guid":{"rendered":"https:\/\/www.imcconsulting.it\/informativa-cookie\/"},"modified":"2024-04-16T10:11:05","modified_gmt":"2024-04-16T10:11:05","slug":"informativa-cookie","status":"publish","type":"page","link":"https:\/\/www.imcconsulting.it\/de\/informativa-cookie\/","title":{"rendered":"Informationen \u00fcber Cookies"},"content":{"rendered":"<section class=\"l-section wpb_row height_small\"><div class=\"l-section-h i-cf\"><div class=\"g-cols vc_row via_grid cols_1 laptops-cols_inherit tablets-cols_inherit mobiles-cols_1 valign_top type_default stacking_default\"><div class=\"wpb_column vc_column_container\"><div class=\"vc_column-inner\"><div class=\"wpb_text_column\"><div class=\"wpb_wrapper\"><h3>Informationen \u00fcber Cookies<\/h3>\n<p><strong><b>COOKIES<\/b><\/strong><\/p>\n<p>Um unsere Website einfacher und verst\u00e4ndlicher zu gestalten, setzen wir Cookies ein. Cookies sind kleine Datenpakete, die uns erm\u00f6glichen, neue Besucher mit fr\u00fcheren zu vergleichen und zu verstehen, wie Benutzer durch unsere Website surfen. Wir nutzen die durch die Cookies gesammelten Daten, um das Surferlebnis k\u00fcnftig noch angenehmer und effizienter zu gestalten.<\/p>\n<p>Die Cookies speichern keine pers\u00f6nlichen Informationen \u00fcber einen Benutzer und eventuelle\u00a0identifizierbare Daten werden nicht gespeichert. Wenn Sie die Verwendung von Cookies deaktivieren m\u00f6chten, m\u00fcssen Sie die Einstellungen auf Ihrem Computer personalisieren, indem Sie alle Cookies l\u00f6schen und eine Warnungsmeldung aktiveren, wenn Cookies gespeichert werden. Um ohne \u00c4nderung der Cookie-Anwendung fortzufahren, reicht es, einfach weiter zu surfen.<\/p>\n<p>F\u00fcr weitere Informationen \u00fcber die Cookies und inwieweit diese Ihr Surferlebnis beeinflussen, besuchen Sie AboutCookies.org<\/p>\n<h4><strong>Die von uns verwendeten Arten von Cookies<\/strong><\/h4>\n<p><strong><b>Unumg\u00e4ngliche Cookies<\/b><\/strong><\/p>\n<p>Diese Cookies sind erforderlich, damit Sie sich auf der Website bewegen und die Funktionen, wie zum Beispiel den Zugriff auf die verschiedenen gesch\u00fctzten Bereiche der Website, voll und ganz nutzen k\u00f6nnen. Ohne diese Cookies k\u00f6nnen einige notwendige Dienstleistungen, wie das Ausf\u00fcllen eines Wettbewerbsformulars, nicht genutzt werden.<\/p>\n<p><strong><b>\u00a0<\/b><\/strong><\/p>\n<p><strong><b>Performance-Cookies<\/b><\/strong><\/p>\n<p>Diese Cookies sammeln Informationen dar\u00fcber, wie Besucher eine Website benutzen, zum Beispiel, welche Seiten am meisten besucht werden und ob Fehlermeldungen von Websites gesendet werden. Diese Cookies sammeln keine Informationen \u00fcber die einzelnen Besucher. Alle durch Cookies gesammelten Informationen sind\u00a0beigeordnet und anonym. Sie werden nur zur Verbesserung des Website-Betriebs verwendet.<br \/>\nDurch die Nutzung unserer Website akzeptiert der Benutzer, dass diese Cookies auf dem eigenen Ger\u00e4t installiert werden k\u00f6nnen.<\/p>\n<p>&nbsp;<\/p>\n<p><strong><b>Funktionalit\u00e4ts-Cookies<\/b><\/strong><\/p>\n<p>Die Cookies erm\u00f6glichen der Website, die Auswahl des Benutzers (beispielsweise Name, Sprache oder Herkunftsregion) zu speichern und bieten erweiterte, personalisierte Funktionen. Diese Cookies k\u00f6nnen auch verwendet werden, um die an der Textgr\u00f6\u00dfe, Schriftart und anderen Bereichen der Websites vorgenommenen \u00c4nderungen zu speichern. Sie k\u00f6nnen auch genutzt werden, um von Ihnen geforderte Dienstleistungen, wie Anzeige eines Videos oder Kommentare in einem Blog, zur Verf\u00fcgung zu stellen. Die von diesen Arten von Cookies gesammelten Informationen k\u00f6nnen anonym gemacht werden und sind nicht in der Lage, Ihre Surfaktivit\u00e4ten auf anderen Websites zu verfolgen.<br \/>\nDurch die Nutzung unserer Website akzeptiert der Benutzer, dass diese Cookies auf dem eigenen Ger\u00e4t installiert werden k\u00f6nnen.<\/p>\n<p>&nbsp;<\/p>\n<p><strong><b>Wie Sie Cookies auf Ihrem PC verwalten k\u00f6nnen<br \/>\n<\/b><\/strong>Wenn Sie Cookies von unserer Website zulassen m\u00f6chten, folgen Sie bitte den nachstehenden Schritten:<\/p>\n<p><strong><b>Google Chrome<\/b><\/strong><br \/>\n1. Klicken Sie oben im Browserfenster auf \u201eExtras\u201c und w\u00e4hlen Sie Optionen<br \/>\n2. Klicken Sie auf die Registerkarte \u201eComputerfreaks\u201c, suchen Sie den Abschnitt \u201aPrivacy\u2018 und w\u00e4hlen Sie die Schaltfl\u00e4che \u201eInhalteinstellungen\u201c<br \/>\n3. W\u00e4hlen Sie nun \u201eEinzustellende lokale daten zulassen\u201c.<\/p>\n<p><strong><b>Microsoft Internet Explorer<\/b><\/strong>\u00a0\u00a0\u00a0\u00a0<strong><b>6.0, 7.0,<\/b><\/strong><strong><b>\u00a08.0, 9.0<\/b><\/strong><br \/>\n1. Klicken Sie oben im Browserfenster auf \u201eExtras\u201c, w\u00e4hlen Sie \u201eInternetoptionen\u201c und klicken Sie dann auf die Registerkarte \u201eDatenschutz\u201c<br \/>\n2. Um Cookies in Ihrem Browser zu aktivieren, stellen Sie sicher, dass Ihre Datenschutzstufe auf Mittel oder niedriger eingestellt ist<br \/>\n3. Die Einstellung der Datenschutzstufe \u00fcber der Stufe Mittel deaktiviert die Verwendung von Cookies.<\/p>\n<p><strong><b>Mozilla Firefox<\/b><\/strong><br \/>\n1. Klicken Sie oben im Browserfenster auf \u201eExtras\u201c und w\u00e4hlen Sie \u201eOptionen\u201c<br \/>\n2. W\u00e4hlen Sie dann das Datenschutz-Symbol<br \/>\n3. Klicken Sie auf Cookies und w\u00e4hlen Sie dann \u201eIch erlaube den Websites die Verwendung von Cookies\u201c.<\/p>\n<p><strong><b>Safari<\/b><\/strong><br \/>\n1. Klicken Sie auf das Cog-Symbol oben im Browserfenster und w\u00e4hlen Sie die Option \u201eFavoriten\u201c<br \/>\n2. Klicken Sie auf \u201eSicherheit\u201c, w\u00e4hlen Sie die Option \u201eBlockierung durch Dritte und\u00a0 Cookie-Werbung\u201c<br \/>\n3. Klicken Sie auf \u201eSpeichern\u201c.<\/p>\n<p><strong><b><br \/>\nVerwaltung von Cookies auf Mac<br \/>\n<\/b><\/strong>Wenn Sie Cookies von unserer Website zulassen m\u00f6chten, folgen Sie bitte den unten angef\u00fchrten Schritten:<\/p>\n<p><strong><b>Microsoft Internet Explorer 5.0 auf OSX<\/b><\/strong><br \/>\n1. Klicken Sie oben im Browserfenster auf \u201eExplore\u201c und w\u00e4hlen Sie die Option \u201eFavoriten\u201c<br \/>\n2. Scrollen Sie nach unten, bis \u201eCookies\u201c im Bereich Empfangsdatei angezeigt werden<br \/>\n3. W\u00e4hlen Sie die Option \u201eNicht fragen\u201c.<\/p>\n<p><strong><b>Safari auf OSX<\/b><\/strong><br \/>\n1. Klicken Sie oben im Browserfenster auf \u201eSafari\u201c und w\u00e4hlen Sie die Option \u201eEinstellungen\u201c<br \/>\n2. Klicken Sie auf \u201eSicherheit\u201c und dann auf \u201eCookies akzeptieren\u201c<br \/>\n3. W\u00e4hlen Sie \u201eNur von der Website\u201c.<\/p>\n<p><strong><b>Mozilla und Netscape auf OSX<\/b><\/strong><br \/>\n1. Klicken Sie oben im Browserfenster auf \u201eMozilla\u201c oder \u201eNetscape\u201c und w\u00e4hlen Sie \u201eEinstellungen\u201c<br \/>\n2. Bl\u00e4ttern Sie nach unten, bis Cookies unter \u201ePrivacy und Sicherheit\u201c angezeigt werden.<br \/>\n3. W\u00e4hlen Sie \u201eCookies nur f\u00fcr die Herkunftsseite aktivieren\u201c.<\/p>\n<p><strong><b>Opera<\/b><\/strong><br \/>\n1. Klicken Sie oben im Browserfenster auf \u201eMen\u00fc\u201c und w\u00e4hlen Sie \u201eEinstellungen\u201c<br \/>\n2. W\u00e4hlen Sie dann \u201eFavoriten\u201c, w\u00e4hlen Sie die Registerkarte \u201eFortgeschritten\u201c 3. W\u00e4hlen Sie dann die Option \u201eCookies akzeptieren\u201c.<\/p>\n<p><strong><b>Google Analytics<\/b><\/strong><\/p>\n<p>Diese Website benutzt Google Analytics, einen Webanalysedienst der Google Inc. (\u201eGoogle\u201c). Google Analytics verwendet die sog. \u201cCookies\u201c, Textdateien, die auf Ihrem Computer gespeichert werden und die eine Analyse der Benutzung der Website durch Sie erm\u00f6glichen. Die durch den Cookie erzeugten Informationen \u00fcber Ihre Nutzung der Website\u00a0\u00a0 (einschlie\u00dflich Ihrer anonymen IP-Adresse) werden an die Google-Server in den USA \u00fcbermittelt und diesen gespeichert. Google wird diese Informationen verwenden, um Ihre Nutzung der Website auszuwerten, Berichte \u00fcber die Websiteaktivit\u00e4ten f\u00fcr die Websitebetreiber zusammenzustellen und um weitere mit der Websitenutzung und der Internetnutzung verbundene Dienstleistungen zu erbringen. Google kann diese Informationen auch an Dritte \u00fcbertragen, sofern dies gesetzlich vorgeschrieben oder soweit Dritte diese Daten im Auftrag von Google verarbeiten. Google wird in keinem Fall Ihre IP-Adresse mit anderen Daten von Google in Verbindung bringen. Sie k\u00f6nnen die Speicherung der Cookies durch eine entsprechende Einstellung Ihrer Browser-Software verhindern, aber bitte beachten Sie, dass Sie in diesem Fall gegebenenfalls nicht s\u00e4mtliche Funktionen dieser Website vollumf\u00e4nglich nutzen k\u00f6nnen. Durch die Nutzung dieser Website erkl\u00e4ren Sie sich mit der Bearbeitung der \u00fcber Sie erhobenen Daten durch Google in der zuvor beschriebenen Art und Weise und zu dem zuvor benannten Zweck einverstanden.<\/p>\n<p>Durch das Herunterladen und Installieren dieses Browser-Plugins wird Google verhindert werden, dass ein Cookie, der aufgrund Ihrer Nutzung dieser Website (einschlie\u00dflich Ihrer IP-Adresse) von ihm erzeugt wird, erkannt und verarbeitet wird:\u00a0<a href=\"http:\/\/tools.google.com\/dlpage\/gaoptout?hl=en\">http:\/\/tools.google.com\/dlpage\/gaoptout?hl=de<\/a><\/p>\n<\/div><\/div><\/div><\/div><\/div><\/div><\/section>\n","protected":false},"excerpt":{"rendered":"Informationen \u00fcber Cookies COOKIES Um unsere Website einfacher und verst\u00e4ndlicher zu gestalten, setzen wir Cookies ein. Cookies sind kleine Datenpakete, die uns erm\u00f6glichen, neue Besucher mit fr\u00fcheren zu vergleichen und zu verstehen, wie Benutzer durch unsere Website surfen. Wir nutzen die durch die Cookies gesammelten Daten, um das Surferlebnis k\u00fcnftig noch angenehmer und effizienter zu...","protected":false},"author":1,"featured_media":0,"parent":0,"menu_order":0,"comment_status":"closed","ping_status":"closed","template":"","meta":{"_acf_changed":false,"inline_featured_image":false,"iawp_total_views":2,"footnotes":""},"class_list":["post-5078","page","type-page","status-publish","hentry"],"acf":[],"yoast_head":"<!-- This site is optimized with the Yoast SEO plugin v25.7 - https:\/\/yoast.com\/wordpress\/plugins\/seo\/ -->\n<title>Informationen \u00fcber Cookies - IMC Consulting<\/title>\n<meta name=\"robots\" content=\"index, follow, max-snippet:-1, max-image-preview:large, max-video-preview:-1\" \/>\n<link rel=\"canonical\" href=\"https:\/\/www.imcconsulting.it\/de\/informativa-cookie\/\" \/>\n<meta property=\"og:locale\" content=\"de_DE\" \/>\n<meta property=\"og:type\" content=\"article\" \/>\n<meta property=\"og:title\" content=\"Informationen \u00fcber Cookies - IMC Consulting\" \/>\n<meta property=\"og:url\" content=\"https:\/\/www.imcconsulting.it\/de\/informativa-cookie\/\" \/>\n<meta property=\"og:site_name\" content=\"IMC Consulting\" \/>\n<meta property=\"article:modified_time\" content=\"2024-04-16T10:11:05+00:00\" \/>\n<meta name=\"twitter:card\" content=\"summary_large_image\" \/>\n<meta name=\"twitter:label1\" content=\"Gesch\u00e4tzte Lesezeit\" \/>\n\t<meta name=\"twitter:data1\" content=\"6\u00a0Minuten\" \/>\n<script type=\"application\/ld+json\" class=\"yoast-schema-graph\">{\"@context\":\"https:\/\/schema.org\",\"@graph\":[{\"@type\":\"WebPage\",\"@id\":\"https:\/\/www.imcconsulting.it\/de\/informativa-cookie\/\",\"url\":\"https:\/\/www.imcconsulting.it\/de\/informativa-cookie\/\",\"name\":\"Informationen \u00fcber Cookies - IMC Consulting\",\"isPartOf\":{\"@id\":\"https:\/\/www.imcconsulting.it\/de\/#website\"},\"datePublished\":\"2023-07-21T10:26:24+00:00\",\"dateModified\":\"2024-04-16T10:11:05+00:00\",\"breadcrumb\":{\"@id\":\"https:\/\/www.imcconsulting.it\/de\/informativa-cookie\/#breadcrumb\"},\"inLanguage\":\"de\",\"potentialAction\":[{\"@type\":\"ReadAction\",\"target\":[\"https:\/\/www.imcconsulting.it\/de\/informativa-cookie\/\"]}]},{\"@type\":\"BreadcrumbList\",\"@id\":\"https:\/\/www.imcconsulting.it\/de\/informativa-cookie\/#breadcrumb\",\"itemListElement\":[{\"@type\":\"ListItem\",\"position\":1,\"name\":\"Home\",\"item\":\"https:\/\/www.imcconsulting.it\/de\/\"},{\"@type\":\"ListItem\",\"position\":2,\"name\":\"Informationen \u00fcber Cookies\"}]},{\"@type\":\"WebSite\",\"@id\":\"https:\/\/www.imcconsulting.it\/de\/#website\",\"url\":\"https:\/\/www.imcconsulting.it\/de\/\",\"name\":\"IMC Consulting\",\"description\":\"\",\"publisher\":{\"@id\":\"https:\/\/www.imcconsulting.it\/de\/#organization\"},\"potentialAction\":[{\"@type\":\"SearchAction\",\"target\":{\"@type\":\"EntryPoint\",\"urlTemplate\":\"https:\/\/www.imcconsulting.it\/de\/?s={search_term_string}\"},\"query-input\":{\"@type\":\"PropertyValueSpecification\",\"valueRequired\":true,\"valueName\":\"search_term_string\"}}],\"inLanguage\":\"de\"},{\"@type\":\"Organization\",\"@id\":\"https:\/\/www.imcconsulting.it\/de\/#organization\",\"name\":\"IMC Consulting\",\"url\":\"https:\/\/www.imcconsulting.it\/de\/\",\"logo\":{\"@type\":\"ImageObject\",\"inLanguage\":\"de\",\"@id\":\"https:\/\/www.imcconsulting.it\/de\/#\/schema\/logo\/image\/\",\"url\":\"https:\/\/www.imcconsulting.it\/wp-content\/uploads\/2023\/02\/IMC-logo-footer.png\",\"contentUrl\":\"https:\/\/www.imcconsulting.it\/wp-content\/uploads\/2023\/02\/IMC-logo-footer.png\",\"width\":134,\"height\":91,\"caption\":\"IMC Consulting\"},\"image\":{\"@id\":\"https:\/\/www.imcconsulting.it\/de\/#\/schema\/logo\/image\/\"}}]}<\/script>\n<!-- \/ Yoast SEO plugin. -->","yoast_head_json":{"title":"Informationen \u00fcber Cookies - IMC Consulting","robots":{"index":"index","follow":"follow","max-snippet":"max-snippet:-1","max-image-preview":"max-image-preview:large","max-video-preview":"max-video-preview:-1"},"canonical":"https:\/\/www.imcconsulting.it\/de\/informativa-cookie\/","og_locale":"de_DE","og_type":"article","og_title":"Informationen \u00fcber Cookies - IMC Consulting","og_url":"https:\/\/www.imcconsulting.it\/de\/informativa-cookie\/","og_site_name":"IMC Consulting","article_modified_time":"2024-04-16T10:11:05+00:00","twitter_card":"summary_large_image","twitter_misc":{"Gesch\u00e4tzte Lesezeit":"6\u00a0Minuten"},"schema":{"@context":"https:\/\/schema.org","@graph":[{"@type":"WebPage","@id":"https:\/\/www.imcconsulting.it\/de\/informativa-cookie\/","url":"https:\/\/www.imcconsulting.it\/de\/informativa-cookie\/","name":"Informationen \u00fcber Cookies - IMC Consulting","isPartOf":{"@id":"https:\/\/www.imcconsulting.it\/de\/#website"},"datePublished":"2023-07-21T10:26:24+00:00","dateModified":"2024-04-16T10:11:05+00:00","breadcrumb":{"@id":"https:\/\/www.imcconsulting.it\/de\/informativa-cookie\/#breadcrumb"},"inLanguage":"de","potentialAction":[{"@type":"ReadAction","target":["https:\/\/www.imcconsulting.it\/de\/informativa-cookie\/"]}]},{"@type":"BreadcrumbList","@id":"https:\/\/www.imcconsulting.it\/de\/informativa-cookie\/#breadcrumb","itemListElement":[{"@type":"ListItem","position":1,"name":"Home","item":"https:\/\/www.imcconsulting.it\/de\/"},{"@type":"ListItem","position":2,"name":"Informationen \u00fcber Cookies"}]},{"@type":"WebSite","@id":"https:\/\/www.imcconsulting.it\/de\/#website","url":"https:\/\/www.imcconsulting.it\/de\/","name":"IMC Consulting","description":"","publisher":{"@id":"https:\/\/www.imcconsulting.it\/de\/#organization"},"potentialAction":[{"@type":"SearchAction","target":{"@type":"EntryPoint","urlTemplate":"https:\/\/www.imcconsulting.it\/de\/?s={search_term_string}"},"query-input":{"@type":"PropertyValueSpecification","valueRequired":true,"valueName":"search_term_string"}}],"inLanguage":"de"},{"@type":"Organization","@id":"https:\/\/www.imcconsulting.it\/de\/#organization","name":"IMC Consulting","url":"https:\/\/www.imcconsulting.it\/de\/","logo":{"@type":"ImageObject","inLanguage":"de","@id":"https:\/\/www.imcconsulting.it\/de\/#\/schema\/logo\/image\/","url":"https:\/\/www.imcconsulting.it\/wp-content\/uploads\/2023\/02\/IMC-logo-footer.png","contentUrl":"https:\/\/www.imcconsulting.it\/wp-content\/uploads\/2023\/02\/IMC-logo-footer.png","width":134,"height":91,"caption":"IMC Consulting"},"image":{"@id":"https:\/\/www.imcconsulting.it\/de\/#\/schema\/logo\/image\/"}}]}},"_links":{"self":[{"href":"https:\/\/www.imcconsulting.it\/de\/wp-json\/wp\/v2\/pages\/5078","targetHints":{"allow":["GET"]}}],"collection":[{"href":"https:\/\/www.imcconsulting.it\/de\/wp-json\/wp\/v2\/pages"}],"about":[{"href":"https:\/\/www.imcconsulting.it\/de\/wp-json\/wp\/v2\/types\/page"}],"author":[{"embeddable":true,"href":"https:\/\/www.imcconsulting.it\/de\/wp-json\/wp\/v2\/users\/1"}],"replies":[{"embeddable":true,"href":"https:\/\/www.imcconsulting.it\/de\/wp-json\/wp\/v2\/comments?post=5078"}],"version-history":[{"count":2,"href":"https:\/\/www.imcconsulting.it\/de\/wp-json\/wp\/v2\/pages\/5078\/revisions"}],"predecessor-version":[{"id":6314,"href":"https:\/\/www.imcconsulting.it\/de\/wp-json\/wp\/v2\/pages\/5078\/revisions\/6314"}],"wp:attachment":[{"href":"https:\/\/www.imcconsulting.it\/de\/wp-json\/wp\/v2\/media?parent=5078"}],"curies":[{"name":"wp","href":"https:\/\/api.w.org\/{rel}","templated":true}]}}