{"id":5070,"date":"2023-07-21T10:15:09","date_gmt":"2023-07-21T10:15:09","guid":{"rendered":"https:\/\/www.imcconsulting.it\/privacy-policy\/"},"modified":"2023-09-21T13:46:57","modified_gmt":"2023-09-21T13:46:57","slug":"privacy-policy","status":"publish","type":"page","link":"https:\/\/www.imcconsulting.it\/de\/privacy-policy\/","title":{"rendered":"Privacy Policy"},"content":{"rendered":"<section class=\"l-section wpb_row height_small\"><div class=\"l-section-h i-cf\"><div class=\"g-cols vc_row via_grid cols_1 laptops-cols_inherit tablets-cols_inherit mobiles-cols_1 valign_top type_default stacking_default\"><div class=\"wpb_column vc_column_container\"><div class=\"vc_column-inner\"><div class=\"wpb_text_column\"><div class=\"wpb_wrapper\"><h3>PRIVACY POLICY IMC Consulting S.r.l.<\/h3>\n<p>Diese Seite beschriebt, wie Sie die Website in Bezug auf die Verarbeitung personenbezogener Daten der Benutzer, die sie konsultieren, verwalten k\u00f6nnen.<\/p>\n<p>Es handelt sich um eine Information, die auch gem\u00e4\u00df Artikel 15 und ff. der EU-Verordnung Nr. 679\/2016 zur Verf\u00fcgung gestellt wird f\u00fcr diejenigen, die mit den Webdiensten von IMC Consulting s.r.l. interagieren, die auf elektronischem Wege von der Adresse aus zugreifbar:<\/p>\n<p>www.imcconsulting.it<\/p>\n<p>entsprechend der Homepage der offiziellen Website von IMC Consulting.<\/p>\n<p>Die Information wird nur f\u00fcr die Website des Unternehmens zur Verf\u00fcgung gestellt und nicht f\u00fcr andere Websites, die vom Benutzer \u00fcber Links aufgerufen werden k\u00f6nnen.<\/p>\n<p>Die Information wird auch von der Empfehlung Nr. 2\/2001 inspiriert, welche die europ\u00e4ischen Beh\u00f6rden f\u00fcr den Schutz von personenbezogenen Daten, die in der von Art. 29 der Richtlinie Nr. 95\/46\/EG errichteten Gruppe vereint sind, am 17. Mai 2001 \u00fcbernommen haben, um einige Mindestanforderungen f\u00fcr die Online-Sammlung von personenbezogenen Daten und insbesondere die Modalit\u00e4ten, Zeiten und die Art der Informationen festzulegen, welche die Inhaber der Verarbeitung den Benutzern, wenn sie sich auf Webseiten begeben, unabh\u00e4ngig von den Zwecken, liefern m\u00fcssen.<\/p>\n<h3>Information auch gem\u00e4\u00df Artikel 15 und ff. der EU-Verordnung Nr. 679\/2016<\/h3>\n<p><strong>DER \u201eINHABER\u201c DER DATENVERARBEITUNG<\/strong><\/p>\n<p>Die Website ist f\u00fcr Benutzer zug\u00e4nglich, ohne dass sie ihre pers\u00f6nlichen Daten angeben m\u00fcssen; nach Konsultation dieser Website k\u00f6nnen jedoch Daten \u00fcber identifizierte oder identifizierbare Personen verarbeitet werden.<\/p>\n<p>Der \u201eInhaber\u201c der Datenverarbeitung ist IMC Consulting s.r.l. mit Sitz in Via di San Valentino, 34, 00197 Rom \u2013 Italia.<\/p>\n<p><strong>\u00a0<\/strong><\/p>\n<p><strong>ORT, ZWECK UND METHODEN DER DATENVERARBEITUNG<\/strong><\/p>\n<p>Die Verarbeitung der Daten im Zusammenhang mit den auf dieser Website angebotenen Webservices erfolgt am Sitz der Gesellschaft, die f\u00fcr die Datenverarbeitung zust\u00e4ndig ist, und wird ausschlie\u00dflich von Mitarbeitern oder Partnern von IMC Consulting s.r.l., Datenverarbeitern oder von Personen, die f\u00fcr gelegentliche Wartungsarbeiten verantwortlich sind, durchgef\u00fchrt.<\/p>\n<p>Gem\u00e4\u00df Artikel 15 und ff. der EU-Verordnung Nr. 679\/2016, erinnern wir Sie daran, dass die von den Benutzern angegebenen Daten f\u00fcr folgende Zwecke verarbeitet werden: Informationen anfordern.<\/p>\n<p>Die Daten aus Webservices werden an Dritte nicht weitergegeben oder verbreitet.<\/p>\n<p>Dem Nutzer steht es frei, der Gesellschaft die in den Anfrageformularen enthaltenen personenbezogenen Daten zur Verf\u00fcgung zu stellen. Die Nichtangabe von Pflichtdaten, die mit einem Sternchen gekennzeichnet sind, kann zur Folge haben, dass die Daten nicht verarbeitet werden k\u00f6nnen und somit auch nicht beantwortet werden k\u00f6nnen.<\/p>\n<p>Der Vollst\u00e4ndigkeit halber sei darauf hingewiesen, dass die Beh\u00f6rde in einigen F\u00e4llen Informationen gem\u00e4\u00df Artikel 157\u00a0 der Gesetzesverordnung Nr. 196\/2003 zum Zwecke der Kontrolle \u00fcber die Verarbeitung personenbezogener Daten anfordern kann. In diesen F\u00e4llen ist die Antwort obligatorisch, andernfalls werden administrative Sanktionen verh\u00e4ngt.<\/p>\n<p>&nbsp;<\/p>\n<p><strong>ART DER VERARBEITETEN DATEN<\/strong><\/p>\n<p><strong>Navigationsdaten<\/strong><\/p>\n<p>Die EDV-Systeme und die dieser Website zugeordneten Software-Verfahren sammeln w\u00e4hrend ihres Normalbetriebs einige personenbezogenen Daten, deren \u00dcbermittlung bei Verwendung von Internet-Kommunikationsprotokollen automatisch vorgesehen ist.<\/p>\n<p>Diese Informationen werden nicht erhoben, um mit identifizierten Personen in Verbindung gebracht zu werden, sondern k\u00f6nnen aufgrund ihrer Beschaffenheit eine Identifizierung der Nutzer durch Verarbeitung und Verkn\u00fcpfung mit Daten Dritter erm\u00f6glichen, die nur auf ausdr\u00fccklichen Wunsch der Justizbeh\u00f6rden durchgef\u00fchrt werden.<\/p>\n<p>Zu dieser Kategorie von Daten geh\u00f6ren IP-Adressen oder Dom\u00e4nenamen der von den Nutzern verwendeten Computer, die sich auf die Webseite begeben, die Adressen in der URL-Notierung (Uniform Resource Identifier) der aufgerufenen Ressourcen, die Uhrzeit des Aufrufs, die Methode, die zum Weiterleiten des Aufrufs an den Server benutzt wurde, die Gr\u00f6\u00dfe der erhaltenen Antwortdatei, den Zahlencode, der den Status der vom Server gegebenen Antwort angibt (erfolgreich, Fehler usw.), sowie andere Parameter bez\u00fcglich des Betriebssystems und der Informatikumgebung des Nutzers.<\/p>\n<p>Diese Daten werden von IMC Consulting s.r.l., unmittelbar nach der Verarbeitung, ausschlie\u00dflich zu dem Zweck verwendet, anonyme statistische Informationen \u00fcber die Nutzung der Website zu erhalten und deren korrekte Funktion zu \u00fcberpr\u00fcfen.<\/p>\n<p>Die Daten k\u00f6nnten verwendet werden, um die Verantwortung im Falle von Computer-Verbrechen gegen die Website festzustellen: mit Ausnahme von dieser M\u00f6glichkeit, werden die Daten auf Web-Kontakte f\u00fcr nicht mehr als sieben Tage gespeichert.<\/p>\n<p><strong>Vom Benutzer freiwillig zur Verf\u00fcgung gestellte Daten<\/strong><\/p>\n<p>Die fakultative, ausdr\u00fcckliche und freiwillige Zusendung von elektronischer Post an die auf der Website von IMC Consulting angegebenen Adressen f\u00fchrt zur nachtr\u00e4glichen Erfassung der bereitgestellten personengezogenen Daten, wie z.B. der E-Mail-Adresse des Absenders, die von IMC Consulting s.r.l. zur Antwort auf Ihre Anfragen verwendet wird.<\/p>\n<p>Spezifische zusammenfassende Informationen werden fortlaufend auf den Seiten der Webseite, die f\u00fcr spezielle angeforderte Dienste ausgelegt sind, angegeben oder angezeigt.<\/p>\n<p>&nbsp;<\/p>\n<p><strong>MODALIT\u00c4T DER DATENVERARBEITUNG<\/strong><\/p>\n<p>Personenbezogene Daten werden in Papierform und\/oder mit automatisierten Werkzeugen f\u00fcr den Zeitraum verarbeitet, der zur Erreichung der Zwecke, f\u00fcr die sie erhoben wurden, erforderlich ist.<\/p>\n<p>Besondere Sicherheitsvorkehrungen werden getroffen, um den Verlust, die unrechtm\u00e4\u00dfige oder falsche Verwendung von Daten und den unberechtigten Zugriff zu verhindern.<\/p>\n<p>Wir weisen Sie darauf hin, dass die Kommunikationen \u00fcber Internet, wie z.B. E-Mail oder Webmail, durch verschiedene L\u00e4nder durchlaufen k\u00f6nnten, bevor sie an die Empf\u00e4nger ausgeliefert wird. IMC Consulting s.r.l. kann f\u00fcr unbefugten Zugriff oder Verlust von pers\u00f6nlichen Informationen, die sich ihrer Kontrolle entziehen, nicht haftbar gemacht werden.<\/p>\n<p>&nbsp;<\/p>\n<p><strong>RECHTE DER BETROFFENEN<\/strong><\/p>\n<p>Die Personen, auf die sich die personenbezogenen Daten beziehen, haben jederzeit das Recht, eine Best\u00e4tigung \u00fcber das Vorhandensein oder Nichtvorhandensein dieser Daten zu erhalten und ihren Inhalt und ihre Herkunft zu erfahren, ihre Richtigkeit zu \u00fcberpr\u00fcfen oder ihre Erg\u00e4nzung oder Aktualisierung oder Berichtigung gem\u00e4\u00df Art. 7 der Gesetzesverordnung Nr.\u00a0 196\/2003 zu verlangen.<\/p>\n<p>Nach demselben Artikel haben Sie das Recht, die L\u00f6schung, die Umwandlung in anonyme Form oder die Sperrung der unter Verletzung des Gesetzes verarbeiteten Daten zu verlangen und sich in jedem Fall aus legitimen Gr\u00fcnden ihrer Verarbeitung zu widersetzen.<\/p>\n<p>Anfragen richten Sie bitte an IMC Consulting s.r.l., Via di San Valentino, 34, 00197 Rom \u2013 Italia, Tel. +39 340 7236529, und an dieser Stelle k\u00f6nnen Sie die aktuelle Liste der anderen Verantwortlichen und Beauftragten einsehen, denen die Daten mitgeteilt werden k\u00f6nnen.<\/p>\n<\/div><\/div><\/div><\/div><\/div><\/div><\/section>\n","protected":false},"excerpt":{"rendered":"PRIVACY POLICY IMC Consulting S.r.l. Diese Seite beschriebt, wie Sie die Website in Bezug auf die Verarbeitung personenbezogener Daten der Benutzer, die sie konsultieren, verwalten k\u00f6nnen. Es handelt sich um eine Information, die auch gem\u00e4\u00df Artikel 15 und ff. der EU-Verordnung Nr. 679\/2016 zur Verf\u00fcgung gestellt wird f\u00fcr diejenigen, die mit den Webdiensten von IMC...","protected":false},"author":1,"featured_media":0,"parent":0,"menu_order":0,"comment_status":"closed","ping_status":"closed","template":"","meta":{"_acf_changed":false,"inline_featured_image":false,"iawp_total_views":2,"footnotes":""},"class_list":["post-5070","page","type-page","status-publish","hentry"],"acf":[],"yoast_head":"<!-- This site is optimized with the Yoast SEO plugin v25.7 - https:\/\/yoast.com\/wordpress\/plugins\/seo\/ -->\n<title>Privacy Policy - IMC Consulting<\/title>\n<meta name=\"robots\" content=\"index, follow, max-snippet:-1, max-image-preview:large, max-video-preview:-1\" \/>\n<link rel=\"canonical\" href=\"https:\/\/www.imcconsulting.it\/de\/privacy-policy\/\" \/>\n<meta property=\"og:locale\" content=\"de_DE\" \/>\n<meta property=\"og:type\" content=\"article\" \/>\n<meta property=\"og:title\" content=\"Privacy Policy - IMC Consulting\" \/>\n<meta property=\"og:url\" content=\"https:\/\/www.imcconsulting.it\/de\/privacy-policy\/\" \/>\n<meta property=\"og:site_name\" content=\"IMC Consulting\" \/>\n<meta property=\"article:modified_time\" content=\"2023-09-21T13:46:57+00:00\" \/>\n<meta name=\"twitter:card\" content=\"summary_large_image\" \/>\n<meta name=\"twitter:label1\" content=\"Gesch\u00e4tzte Lesezeit\" \/>\n\t<meta name=\"twitter:data1\" content=\"6\u00a0Minuten\" \/>\n<script type=\"application\/ld+json\" class=\"yoast-schema-graph\">{\"@context\":\"https:\/\/schema.org\",\"@graph\":[{\"@type\":\"WebPage\",\"@id\":\"https:\/\/www.imcconsulting.it\/de\/privacy-policy\/\",\"url\":\"https:\/\/www.imcconsulting.it\/de\/privacy-policy\/\",\"name\":\"Privacy Policy - IMC Consulting\",\"isPartOf\":{\"@id\":\"https:\/\/www.imcconsulting.it\/de\/#website\"},\"datePublished\":\"2023-07-21T10:15:09+00:00\",\"dateModified\":\"2023-09-21T13:46:57+00:00\",\"breadcrumb\":{\"@id\":\"https:\/\/www.imcconsulting.it\/de\/privacy-policy\/#breadcrumb\"},\"inLanguage\":\"de\",\"potentialAction\":[{\"@type\":\"ReadAction\",\"target\":[\"https:\/\/www.imcconsulting.it\/de\/privacy-policy\/\"]}]},{\"@type\":\"BreadcrumbList\",\"@id\":\"https:\/\/www.imcconsulting.it\/de\/privacy-policy\/#breadcrumb\",\"itemListElement\":[{\"@type\":\"ListItem\",\"position\":1,\"name\":\"Home\",\"item\":\"https:\/\/www.imcconsulting.it\/de\/\"},{\"@type\":\"ListItem\",\"position\":2,\"name\":\"Privacy Policy\"}]},{\"@type\":\"WebSite\",\"@id\":\"https:\/\/www.imcconsulting.it\/de\/#website\",\"url\":\"https:\/\/www.imcconsulting.it\/de\/\",\"name\":\"IMC Consulting\",\"description\":\"\",\"publisher\":{\"@id\":\"https:\/\/www.imcconsulting.it\/de\/#organization\"},\"potentialAction\":[{\"@type\":\"SearchAction\",\"target\":{\"@type\":\"EntryPoint\",\"urlTemplate\":\"https:\/\/www.imcconsulting.it\/de\/?s={search_term_string}\"},\"query-input\":{\"@type\":\"PropertyValueSpecification\",\"valueRequired\":true,\"valueName\":\"search_term_string\"}}],\"inLanguage\":\"de\"},{\"@type\":\"Organization\",\"@id\":\"https:\/\/www.imcconsulting.it\/de\/#organization\",\"name\":\"IMC Consulting\",\"url\":\"https:\/\/www.imcconsulting.it\/de\/\",\"logo\":{\"@type\":\"ImageObject\",\"inLanguage\":\"de\",\"@id\":\"https:\/\/www.imcconsulting.it\/de\/#\/schema\/logo\/image\/\",\"url\":\"https:\/\/www.imcconsulting.it\/wp-content\/uploads\/2023\/02\/IMC-logo-footer.png\",\"contentUrl\":\"https:\/\/www.imcconsulting.it\/wp-content\/uploads\/2023\/02\/IMC-logo-footer.png\",\"width\":134,\"height\":91,\"caption\":\"IMC Consulting\"},\"image\":{\"@id\":\"https:\/\/www.imcconsulting.it\/de\/#\/schema\/logo\/image\/\"}}]}<\/script>\n<!-- \/ Yoast SEO plugin. -->","yoast_head_json":{"title":"Privacy Policy - IMC Consulting","robots":{"index":"index","follow":"follow","max-snippet":"max-snippet:-1","max-image-preview":"max-image-preview:large","max-video-preview":"max-video-preview:-1"},"canonical":"https:\/\/www.imcconsulting.it\/de\/privacy-policy\/","og_locale":"de_DE","og_type":"article","og_title":"Privacy Policy - IMC Consulting","og_url":"https:\/\/www.imcconsulting.it\/de\/privacy-policy\/","og_site_name":"IMC Consulting","article_modified_time":"2023-09-21T13:46:57+00:00","twitter_card":"summary_large_image","twitter_misc":{"Gesch\u00e4tzte Lesezeit":"6\u00a0Minuten"},"schema":{"@context":"https:\/\/schema.org","@graph":[{"@type":"WebPage","@id":"https:\/\/www.imcconsulting.it\/de\/privacy-policy\/","url":"https:\/\/www.imcconsulting.it\/de\/privacy-policy\/","name":"Privacy Policy - IMC Consulting","isPartOf":{"@id":"https:\/\/www.imcconsulting.it\/de\/#website"},"datePublished":"2023-07-21T10:15:09+00:00","dateModified":"2023-09-21T13:46:57+00:00","breadcrumb":{"@id":"https:\/\/www.imcconsulting.it\/de\/privacy-policy\/#breadcrumb"},"inLanguage":"de","potentialAction":[{"@type":"ReadAction","target":["https:\/\/www.imcconsulting.it\/de\/privacy-policy\/"]}]},{"@type":"BreadcrumbList","@id":"https:\/\/www.imcconsulting.it\/de\/privacy-policy\/#breadcrumb","itemListElement":[{"@type":"ListItem","position":1,"name":"Home","item":"https:\/\/www.imcconsulting.it\/de\/"},{"@type":"ListItem","position":2,"name":"Privacy Policy"}]},{"@type":"WebSite","@id":"https:\/\/www.imcconsulting.it\/de\/#website","url":"https:\/\/www.imcconsulting.it\/de\/","name":"IMC Consulting","description":"","publisher":{"@id":"https:\/\/www.imcconsulting.it\/de\/#organization"},"potentialAction":[{"@type":"SearchAction","target":{"@type":"EntryPoint","urlTemplate":"https:\/\/www.imcconsulting.it\/de\/?s={search_term_string}"},"query-input":{"@type":"PropertyValueSpecification","valueRequired":true,"valueName":"search_term_string"}}],"inLanguage":"de"},{"@type":"Organization","@id":"https:\/\/www.imcconsulting.it\/de\/#organization","name":"IMC Consulting","url":"https:\/\/www.imcconsulting.it\/de\/","logo":{"@type":"ImageObject","inLanguage":"de","@id":"https:\/\/www.imcconsulting.it\/de\/#\/schema\/logo\/image\/","url":"https:\/\/www.imcconsulting.it\/wp-content\/uploads\/2023\/02\/IMC-logo-footer.png","contentUrl":"https:\/\/www.imcconsulting.it\/wp-content\/uploads\/2023\/02\/IMC-logo-footer.png","width":134,"height":91,"caption":"IMC Consulting"},"image":{"@id":"https:\/\/www.imcconsulting.it\/de\/#\/schema\/logo\/image\/"}}]}},"_links":{"self":[{"href":"https:\/\/www.imcconsulting.it\/de\/wp-json\/wp\/v2\/pages\/5070","targetHints":{"allow":["GET"]}}],"collection":[{"href":"https:\/\/www.imcconsulting.it\/de\/wp-json\/wp\/v2\/pages"}],"about":[{"href":"https:\/\/www.imcconsulting.it\/de\/wp-json\/wp\/v2\/types\/page"}],"author":[{"embeddable":true,"href":"https:\/\/www.imcconsulting.it\/de\/wp-json\/wp\/v2\/users\/1"}],"replies":[{"embeddable":true,"href":"https:\/\/www.imcconsulting.it\/de\/wp-json\/wp\/v2\/comments?post=5070"}],"version-history":[{"count":1,"href":"https:\/\/www.imcconsulting.it\/de\/wp-json\/wp\/v2\/pages\/5070\/revisions"}],"predecessor-version":[{"id":5073,"href":"https:\/\/www.imcconsulting.it\/de\/wp-json\/wp\/v2\/pages\/5070\/revisions\/5073"}],"wp:attachment":[{"href":"https:\/\/www.imcconsulting.it\/de\/wp-json\/wp\/v2\/media?parent=5070"}],"curies":[{"name":"wp","href":"https:\/\/api.w.org\/{rel}","templated":true}]}}